{"id":8589,"date":"2024-05-21T15:30:14","date_gmt":"2024-05-21T07:30:14","guid":{"rendered":"https:\/\/xiairworld.com\/?page_id=8589"},"modified":"2025-03-07T15:38:19","modified_gmt":"2025-03-07T07:38:19","slug":"spielturnhalle","status":"publish","type":"page","link":"https:\/\/xiairworld.com\/de\/play-gym\/","title":{"rendered":"Spiel-Turnhalle"},"content":{"rendered":"<div data-elementor-type=\"wp-page\" data-elementor-id=\"8589\" class=\"elementor elementor-8589\" data-elementor-post-type=\"page\">\n\t\t\t\t\t\t<section class=\"elementor-section elementor-top-section elementor-element elementor-element-abfd052 elementor-section-full_width elementor-section-height-default elementor-section-height-default\" data-id=\"abfd052\" data-element_type=\"section\" data-e-type=\"section\" data-settings=\"{&quot;background_background&quot;:&quot;classic&quot;,&quot;ekit_has_onepagescroll_dot&quot;:&quot;yes&quot;}\">\n\t\t\t\t\t\t<div class=\"elementor-container elementor-column-gap-no\">\n\t\t\t\t\t<div class=\"elementor-column elementor-col-100 elementor-top-column elementor-element elementor-element-ca061ac\" data-id=\"ca061ac\" data-element_type=\"column\" data-e-type=\"column\">\n\t\t\t<div class=\"elementor-widget-wrap elementor-element-populated\">\n\t\t\t\t\t\t<div class=\"elementor-element elementor-element-41baf04 elementor-widget elementor-widget-elementskit-heading\" data-id=\"41baf04\" data-element_type=\"widget\" data-e-type=\"widget\" data-settings=\"{&quot;ekit_we_effect_on&quot;:&quot;none&quot;}\" data-widget_type=\"elementskit-heading.default\">\n\t\t\t\t<div class=\"elementor-widget-container\">\n\t\t\t\t\t<div class=\"ekit-wid-con\" ><div class=\"ekit-heading elementskit-section-title-wraper center   ekit_heading_tablet-   ekit_heading_mobile-\"><h1 class=\"ekit-heading--title elementskit-section-title\">Spiel-Turnhalle<\/h1>\t\t\t\t<div class='ekit-heading__description'>\n\t\t\t\t\t<p>Entdecken Sie unsere Spielturnhallen-Kollektion bei Xiair World, die speziell f\u00fcr aktives Spielen und die Entwicklung von Kleinkindern entwickelt wurde. Hergestellt aus umweltfreundlichen Materialien f\u00fcr Sicherheit und Langlebigkeit, f\u00f6rdern unsere Spielturnhallen Motorik, Koordination und Gleichgewicht. Sie eignen sich perfekt f\u00fcr jede Umgebung und sorgen f\u00fcr spielerisches Lernen und endlosen Spa\u00df. Entdecken Sie hier die ideale Spielturnhalle f\u00fcr Ihr Kind.<\/p>\n\t\t\t\t<\/div>\n\t\t\t<\/div><\/div>\t\t\t\t<\/div>\n\t\t\t\t<\/div>\n\t\t\t\t<section class=\"elementor-section elementor-inner-section elementor-element elementor-element-26b26f5 elementor-section-boxed elementor-section-height-default elementor-section-height-default\" data-id=\"26b26f5\" data-element_type=\"section\" data-e-type=\"section\" data-settings=\"{&quot;ekit_has_onepagescroll_dot&quot;:&quot;yes&quot;}\">\n\t\t\t\t\t\t<div class=\"elementor-container elementor-column-gap-default\">\n\t\t\t\t\t<div class=\"elementor-column elementor-col-50 elementor-inner-column elementor-element elementor-element-8a235bd\" data-id=\"8a235bd\" data-element_type=\"column\" data-e-type=\"column\" data-settings=\"{&quot;background_background&quot;:&quot;classic&quot;}\">\n\t\t\t<div class=\"elementor-widget-wrap elementor-element-populated\">\n\t\t\t\t\t\t<section class=\"elementor-section elementor-inner-section elementor-element elementor-element-82bd045 elementor-section-boxed elementor-section-height-default elementor-section-height-default\" data-id=\"82bd045\" data-element_type=\"section\" data-e-type=\"section\" data-settings=\"{&quot;background_background&quot;:&quot;classic&quot;,&quot;ekit_has_onepagescroll_dot&quot;:&quot;yes&quot;}\">\n\t\t\t\t\t\t<div class=\"elementor-container elementor-column-gap-default\">\n\t\t\t\t\t<div class=\"elementor-column elementor-col-100 elementor-inner-column elementor-element elementor-element-75a3d0f\" data-id=\"75a3d0f\" data-element_type=\"column\" data-e-type=\"column\">\n\t\t\t<div class=\"elementor-widget-wrap elementor-element-populated\">\n\t\t\t\t\t\t<div class=\"elementor-element elementor-element-33cf358 elementor-widget elementor-widget-heading\" data-id=\"33cf358\" data-element_type=\"widget\" data-e-type=\"widget\" data-settings=\"{&quot;ekit_we_effect_on&quot;:&quot;none&quot;}\" data-widget_type=\"heading.default\">\n\t\t\t\t<div class=\"elementor-widget-container\">\n\t\t\t\t\t<h2 class=\"elementor-heading-title elementor-size-default\">Kategorien<\/h2>\t\t\t\t<\/div>\n\t\t\t\t<\/div>\n\t\t\t\t<div class=\"elementor-element elementor-element-62e32dd uael-submenu-icon-plus uael-nav-menu__align-left uael-link-redirect-child uael-nav-menu__breakpoint-tablet uael-nav-menu-toggle-label-no elementor-widget elementor-widget-uael-nav-menu\" data-id=\"62e32dd\" data-element_type=\"widget\" data-e-type=\"widget\" data-settings=\"{&quot;ekit_we_effect_on&quot;:&quot;none&quot;}\" data-widget_type=\"uael-nav-menu.default\">\n\t\t\t\t<div class=\"elementor-widget-container\">\n\t\t\t\t\t\t\t<div class=\"uael-nav-menu uael-layout-vertical uael-nav-menu-layout\" data-layout=\"vertical\">\n\t\t\t\t<div role=\"button\" class=\"uael-nav-menu__toggle elementor-clickable\">\n\t\t\t\t\t<span class=\"screen-reader-text\">Hauptmen\u00fc<\/span>\n\t\t\t\t\t<div class=\"uael-nav-menu-icon\">\n\t\t\t\t\t\t<i aria-hidden=\"true\" class=\"fas fa-align-justify\"><\/i>\t\t\t\t\t<\/div>\n\t\t\t\t\t\t\t\t\t<\/div>\n\t\t\t\t\t\t\t\t\t\t<nav class=\"uael-nav-menu__layout-vertical uael-nav-menu__submenu-plus\" data-toggle-icon=\"&lt;i aria-hidden=&quot;true&quot; class=&quot;fas fa-align-justify&quot;&gt;&lt;\/i&gt;\" data-close-icon=\"&lt;i aria-hidden=&quot;true&quot; class=&quot;far fa-window-close&quot;&gt;&lt;\/i&gt;\" data-full-width=\"yes\">\n\t\t\t <ul class=\"uael-nav-menu uael-nav-menu-custom uael-custom-wrapper\"><li class=\"menu-item menu-item-has-children parent parent-has-no-child elementor-repeater-item-3d9bf3e\" data-dropdown-width=\"default\" data-dropdown-pos=\"left\"><a href=\"https:\/\/xiairworld.com\/de\/klassenzimmermobel\/\" target=\"_blank\" class='uael-menu-item'>Klassenzimmerm\u00f6bel<span class='uael-menu-toggle sub-arrow parent-item'><i class='fa'><\/i><\/span><\/a><li class=\"menu-item menu-item-has-children parent parent-has-no-child elementor-repeater-item-9e8f2a4\" data-dropdown-width=\"default\" data-dropdown-pos=\"left\"><a href=\"https:\/\/xiairworld.com\/de\/klassenzimmer-spielzeug\/\" target=\"_blank\" class='uael-menu-item'>Klassenzimmer-Spielzeug<span class='uael-menu-toggle sub-arrow parent-item'><i class='fa'><\/i><\/span><\/a><li class=\"menu-item menu-item-has-children parent parent-has-no-child elementor-repeater-item-118e6ec\" data-dropdown-width=\"default\" data-dropdown-pos=\"left\"><a href=\"https:\/\/xiairworld.com\/de\/ausenmobel\/\" target=\"_blank\" class='uael-menu-item'>Gartenm\u00f6bel<span class='uael-menu-toggle sub-arrow parent-item'><i class='fa'><\/i><\/span><\/a><li class=\"menu-item menu-item-has-children parent parent-has-no-child elementor-repeater-item-69947d1\" data-dropdown-width=\"default\" data-dropdown-pos=\"left\"><a href=\"https:\/\/xiairworld.com\/de\/vorschulbedarf\/\" target=\"_blank\" class='uael-menu-item'>Vorschulbedarf<span class='uael-menu-toggle sub-arrow parent-item'><i class='fa'><\/i><\/span><\/a><li class=\"menu-item menu-item-has-children parent parent-has-no-child elementor-repeater-item-280a69e\" data-dropdown-width=\"default\" data-dropdown-pos=\"left\"><a href=\"https:\/\/xiairworld.com\/de\/spielturnhalle\/\" target=\"_blank\" class='uael-menu-item'>Spiel-Turnhalle<span class='uael-menu-toggle sub-arrow parent-item'><i class='fa'><\/i><\/span><\/a><\/ul>\t\t<\/nav>\n\t\t\t\t\t\t\t<\/div>\n\t\t\t\t\t\t\t<\/div>\n\t\t\t\t<\/div>\n\t\t\t\t\t<\/div>\n\t\t<\/div>\n\t\t\t\t\t<\/div>\n\t\t<\/section>\n\t\t\t\t\t<\/div>\n\t\t<\/div>\n\t\t\t\t<div class=\"elementor-column elementor-col-50 elementor-inner-column elementor-element elementor-element-32184e4\" data-id=\"32184e4\" data-element_type=\"column\" data-e-type=\"column\">\n\t\t\t<div class=\"elementor-widget-wrap elementor-element-populated\">\n\t\t\t\t\t\t<section class=\"elementor-section elementor-inner-section elementor-element elementor-element-d715001 elementor-section-boxed elementor-section-height-default elementor-section-height-default\" data-id=\"d715001\" data-element_type=\"section\" data-e-type=\"section\" data-settings=\"{&quot;ekit_has_onepagescroll_dot&quot;:&quot;yes&quot;}\">\n\t\t\t\t\t\t<div class=\"elementor-container elementor-column-gap-default\">\n\t\t\t\t\t<div class=\"elementor-column elementor-col-33 elementor-inner-column elementor-element elementor-element-d158de6\" data-id=\"d158de6\" data-element_type=\"column\" data-e-type=\"column\">\n\t\t\t<div class=\"elementor-widget-wrap elementor-element-populated\">\n\t\t\t\t\t\t<div class=\"elementor-element elementor-element-35471c6 ekit-equal-height-disable elementor-widget elementor-widget-elementskit-image-box\" data-id=\"35471c6\" data-element_type=\"widget\" data-e-type=\"widget\" data-settings=\"{&quot;ekit_we_effect_on&quot;:&quot;none&quot;}\" data-widget_type=\"elementskit-image-box.default\">\n\t\t\t\t<div class=\"elementor-widget-container\">\n\t\t\t\t\t<div class=\"ekit-wid-con\" >\n            <div class=\"elementskit-info-image-box ekit-image-box text-left style-sideline\" >\n\n                \n                <div class=\"elementskit-box-header image-box-img-left\">\n\n                    <img fetchpriority=\"high\" decoding=\"async\" width=\"1000\" height=\"800\" src=\"https:\/\/xiairworld.com\/wp-content\/uploads\/2024\/05\/Climbing-Frame.webp\" class=\"attachment-full size-full wp-image-8673\" alt=\"Kletterger\u00fcst\" srcset=\"https:\/\/xiairworld.com\/wp-content\/uploads\/2024\/05\/Climbing-Frame.webp 1000w, https:\/\/xiairworld.com\/wp-content\/uploads\/2024\/05\/Climbing-Frame-300x240.webp 300w, https:\/\/xiairworld.com\/wp-content\/uploads\/2024\/05\/Climbing-Frame-768x614.webp 768w, https:\/\/xiairworld.com\/wp-content\/uploads\/2024\/05\/Climbing-Frame-600x480.webp 600w\" sizes=\"(max-width: 1000px) 100vw, 1000px\" \/>\n                <\/div>\n                \n                <div class=\"elementskit-box-body ekit-image-box-body\">\n                    <div class=\"elementskit-box-content ekit-image-box-body-inner\">\n                                                <h2 class=\"elementskit-info-box-title\">\n\n                        Kletterger\u00fcst\n                        \n                    <\/h2>\n                                                            <div class=\"elementskit-box-style-content\">\n                        Robust und sicher, perfekt, um Abenteuerlust in einer sicheren Umgebung zu f\u00f6rdern.                    <\/div>\n                                    <\/div>\n\n                                <div class=\"elementskit-box-footer\">\n                    <div class=\"box-footer\">\n                        <div class=\"btn-wraper\">\n                                                            <a href=\"#elementor-action%3Aaction%3Dpopup%3Aopen%26settings%3DeyJpZCI6IjExMDAyIiwidG9nZ2xlIjpmYWxzZX0%3D\" class=\"elementskit-btn whitespace--normal\">\n                                    damit mehr\n                                    <i aria-hidden=\"true\" class=\"icon icon-arrow-right\"><\/i>\n                                <\/a>\n                                                        <\/div>\n                    <\/div>\n                <\/div>\n                            <\/div>\n            <\/div>\n    <\/div>\t\t\t\t<\/div>\n\t\t\t\t<\/div>\n\t\t\t\t\t<\/div>\n\t\t<\/div>\n\t\t\t\t<div class=\"elementor-column elementor-col-33 elementor-inner-column elementor-element elementor-element-63b8330\" data-id=\"63b8330\" data-element_type=\"column\" data-e-type=\"column\" data-settings=\"{&quot;background_background&quot;:&quot;classic&quot;}\">\n\t\t\t<div class=\"elementor-widget-wrap elementor-element-populated\">\n\t\t\t\t\t\t<div class=\"elementor-element elementor-element-a2d043e ekit-equal-height-disable elementor-widget elementor-widget-elementskit-image-box\" data-id=\"a2d043e\" data-element_type=\"widget\" data-e-type=\"widget\" data-settings=\"{&quot;ekit_we_effect_on&quot;:&quot;none&quot;}\" data-widget_type=\"elementskit-image-box.default\">\n\t\t\t\t<div class=\"elementor-widget-container\">\n\t\t\t\t\t<div class=\"ekit-wid-con\" >\n            <div class=\"elementskit-info-image-box ekit-image-box text-left style-sideline\" >\n\n                \n                <div class=\"elementskit-box-header image-box-img-left\">\n\n                    <img decoding=\"async\" width=\"1000\" height=\"800\" src=\"https:\/\/xiairworld.com\/wp-content\/uploads\/2024\/05\/learning-tower.webp\" class=\"attachment-full size-full wp-image-8677\" alt=\"Lernturm\" srcset=\"https:\/\/xiairworld.com\/wp-content\/uploads\/2024\/05\/learning-tower.webp 1000w, https:\/\/xiairworld.com\/wp-content\/uploads\/2024\/05\/learning-tower-300x240.webp 300w, https:\/\/xiairworld.com\/wp-content\/uploads\/2024\/05\/learning-tower-768x614.webp 768w, https:\/\/xiairworld.com\/wp-content\/uploads\/2024\/05\/learning-tower-600x480.webp 600w\" sizes=\"(max-width: 1000px) 100vw, 1000px\" \/>\n                <\/div>\n                \n                <div class=\"elementskit-box-body ekit-image-box-body\">\n                    <div class=\"elementskit-box-content ekit-image-box-body-inner\">\n                                                <h2 class=\"elementskit-info-box-title\">\n\n                        Lernturm\n                        \n                    <\/h2>\n                                                            <div class=\"elementskit-box-style-content\">\n                        Erm\u00f6glicht den sicheren Zugang zu neuen H\u00f6hen und sorgt so daf\u00fcr, dass die K\u00fcchenaktivit\u00e4ten f\u00fcr Kinder angenehm und sicher sind.                    <\/div>\n                                    <\/div>\n\n                                <div class=\"elementskit-box-footer\">\n                    <div class=\"box-footer\">\n                        <div class=\"btn-wraper\">\n                                                            <a href=\"#elementor-action%3Aaction%3Dpopup%3Aopen%26settings%3DeyJpZCI6IjExMDAyIiwidG9nZ2xlIjpmYWxzZX0%3D\" class=\"elementskit-btn whitespace--normal\">\n                                    damit mehr\n                                    <i aria-hidden=\"true\" class=\"icon icon-arrow-right\"><\/i>\n                                <\/a>\n                                                        <\/div>\n                    <\/div>\n                <\/div>\n                            <\/div>\n            <\/div>\n    <\/div>\t\t\t\t<\/div>\n\t\t\t\t<\/div>\n\t\t\t\t\t<\/div>\n\t\t<\/div>\n\t\t\t\t<div class=\"elementor-column elementor-col-33 elementor-inner-column elementor-element elementor-element-c507c20\" data-id=\"c507c20\" data-element_type=\"column\" data-e-type=\"column\" data-settings=\"{&quot;background_background&quot;:&quot;classic&quot;}\">\n\t\t\t<div class=\"elementor-widget-wrap elementor-element-populated\">\n\t\t\t\t\t\t<div class=\"elementor-element elementor-element-d3e3516 ekit-equal-height-disable elementor-widget elementor-widget-elementskit-image-box\" data-id=\"d3e3516\" data-element_type=\"widget\" data-e-type=\"widget\" data-settings=\"{&quot;ekit_we_effect_on&quot;:&quot;none&quot;}\" data-widget_type=\"elementskit-image-box.default\">\n\t\t\t\t<div class=\"elementor-widget-container\">\n\t\t\t\t\t<div class=\"ekit-wid-con\" >\n            <div class=\"elementskit-info-image-box ekit-image-box text-left style-sideline\" >\n\n                \n                <div class=\"elementskit-box-header image-box-img-left\">\n\n                    <img decoding=\"async\" width=\"1000\" height=\"800\" src=\"https:\/\/xiairworld.com\/wp-content\/uploads\/2024\/05\/balance-beam.webp\" class=\"attachment-full size-full wp-image-8676\" alt=\"Schwebebalken\" srcset=\"https:\/\/xiairworld.com\/wp-content\/uploads\/2024\/05\/balance-beam.webp 1000w, https:\/\/xiairworld.com\/wp-content\/uploads\/2024\/05\/balance-beam-300x240.webp 300w, https:\/\/xiairworld.com\/wp-content\/uploads\/2024\/05\/balance-beam-768x614.webp 768w, https:\/\/xiairworld.com\/wp-content\/uploads\/2024\/05\/balance-beam-600x480.webp 600w\" sizes=\"(max-width: 1000px) 100vw, 1000px\" \/>\n                <\/div>\n                \n                <div class=\"elementskit-box-body ekit-image-box-body\">\n                    <div class=\"elementskit-box-content ekit-image-box-body-inner\">\n                                                <h2 class=\"elementskit-info-box-title\">\n\n                        Schwebebalken\n                        \n                    <\/h2>\n                                                            <div class=\"elementskit-box-style-content\">\n                        Sorgf\u00e4ltig f\u00fcr Stabilit\u00e4t gefertigt, hilft es Kindern, ihre Gleichgewichtsf\u00e4higkeiten zu verbessern.                    <\/div>\n                                    <\/div>\n\n                                <div class=\"elementskit-box-footer\">\n                    <div class=\"box-footer\">\n                        <div class=\"btn-wraper\">\n                                                            <a href=\"#elementor-action%3Aaction%3Dpopup%3Aopen%26settings%3DeyJpZCI6IjExMDAyIiwidG9nZ2xlIjpmYWxzZX0%3D\" class=\"elementskit-btn whitespace--normal\">\n                                    damit mehr\n                                    <i aria-hidden=\"true\" class=\"icon icon-arrow-right\"><\/i>\n                                <\/a>\n                                                        <\/div>\n                    <\/div>\n                <\/div>\n                            <\/div>\n            <\/div>\n    <\/div>\t\t\t\t<\/div>\n\t\t\t\t<\/div>\n\t\t\t\t\t<\/div>\n\t\t<\/div>\n\t\t\t\t\t<\/div>\n\t\t<\/section>\n\t\t\t\t<section class=\"elementor-section elementor-inner-section elementor-element elementor-element-43b6caa elementor-section-boxed elementor-section-height-default elementor-section-height-default\" data-id=\"43b6caa\" data-element_type=\"section\" data-e-type=\"section\" data-settings=\"{&quot;ekit_has_onepagescroll_dot&quot;:&quot;yes&quot;}\">\n\t\t\t\t\t\t<div class=\"elementor-container elementor-column-gap-default\">\n\t\t\t\t\t<div class=\"elementor-column elementor-col-50 elementor-inner-column elementor-element elementor-element-30d5854\" data-id=\"30d5854\" data-element_type=\"column\" data-e-type=\"column\" data-settings=\"{&quot;background_background&quot;:&quot;classic&quot;}\">\n\t\t\t<div class=\"elementor-widget-wrap elementor-element-populated\">\n\t\t\t\t\t\t<div class=\"elementor-element elementor-element-d399d74 ekit-equal-height-disable elementor-widget elementor-widget-elementskit-image-box\" data-id=\"d399d74\" data-element_type=\"widget\" data-e-type=\"widget\" data-settings=\"{&quot;ekit_we_effect_on&quot;:&quot;none&quot;}\" data-widget_type=\"elementskit-image-box.default\">\n\t\t\t\t<div class=\"elementor-widget-container\">\n\t\t\t\t\t<div class=\"ekit-wid-con\" >\n            <div class=\"elementskit-info-image-box ekit-image-box text-left style-sideline\" >\n\n                \n                <div class=\"elementskit-box-header image-box-img-left\">\n\n                    <img loading=\"lazy\" decoding=\"async\" width=\"1000\" height=\"800\" src=\"https:\/\/xiairworld.com\/wp-content\/uploads\/2024\/05\/stepping-stones.webp\" class=\"attachment-full size-full wp-image-8675\" alt=\"Trittsteine\" srcset=\"https:\/\/xiairworld.com\/wp-content\/uploads\/2024\/05\/stepping-stones.webp 1000w, https:\/\/xiairworld.com\/wp-content\/uploads\/2024\/05\/stepping-stones-300x240.webp 300w, https:\/\/xiairworld.com\/wp-content\/uploads\/2024\/05\/stepping-stones-768x614.webp 768w, https:\/\/xiairworld.com\/wp-content\/uploads\/2024\/05\/stepping-stones-600x480.webp 600w\" sizes=\"(max-width: 1000px) 100vw, 1000px\" \/>\n                <\/div>\n                \n                <div class=\"elementskit-box-body ekit-image-box-body\">\n                    <div class=\"elementskit-box-content ekit-image-box-body-inner\">\n                                                <h2 class=\"elementskit-info-box-title\">\n\n                        Trittsteine\n                        \n                    <\/h2>\n                                                            <div class=\"elementskit-box-style-content\">\n                        Unsere pr\u00e4zise entworfenen Trittsteine verf\u00fcgen \u00fcber rutschfeste Oberfl\u00e4chen f\u00fcr mehr Sicherheit und interaktives Spielen.                    <\/div>\n                                    <\/div>\n\n                                <div class=\"elementskit-box-footer\">\n                    <div class=\"box-footer\">\n                        <div class=\"btn-wraper\">\n                                                            <a href=\"#elementor-action%3Aaction%3Dpopup%3Aopen%26settings%3DeyJpZCI6IjExMDAyIiwidG9nZ2xlIjpmYWxzZX0%3D\" class=\"elementskit-btn whitespace--normal\">\n                                    damit mehr\n                                    <i aria-hidden=\"true\" class=\"icon icon-arrow-right\"><\/i>\n                                <\/a>\n                                                        <\/div>\n                    <\/div>\n                <\/div>\n                            <\/div>\n            <\/div>\n    <\/div>\t\t\t\t<\/div>\n\t\t\t\t<\/div>\n\t\t\t\t\t<\/div>\n\t\t<\/div>\n\t\t\t\t<div class=\"elementor-column elementor-col-50 elementor-inner-column elementor-element elementor-element-c9134a5\" data-id=\"c9134a5\" data-element_type=\"column\" data-e-type=\"column\" data-settings=\"{&quot;background_background&quot;:&quot;classic&quot;}\">\n\t\t\t<div class=\"elementor-widget-wrap elementor-element-populated\">\n\t\t\t\t\t\t<div class=\"elementor-element elementor-element-aebd696 ekit-equal-height-disable elementor-widget elementor-widget-elementskit-image-box\" data-id=\"aebd696\" data-element_type=\"widget\" data-e-type=\"widget\" data-settings=\"{&quot;ekit_we_effect_on&quot;:&quot;none&quot;}\" data-widget_type=\"elementskit-image-box.default\">\n\t\t\t\t<div class=\"elementor-widget-container\">\n\t\t\t\t\t<div class=\"ekit-wid-con\" >\n            <div class=\"elementskit-info-image-box ekit-image-box text-left style-sideline\" >\n\n                \n                <div class=\"elementskit-box-header image-box-img-left\">\n\n                    <img loading=\"lazy\" decoding=\"async\" width=\"1000\" height=\"800\" src=\"https:\/\/xiairworld.com\/wp-content\/uploads\/2024\/05\/wooden-slide.webp\" class=\"attachment-full size-full wp-image-8674\" alt=\"Holzrutsche\" srcset=\"https:\/\/xiairworld.com\/wp-content\/uploads\/2024\/05\/wooden-slide.webp 1000w, https:\/\/xiairworld.com\/wp-content\/uploads\/2024\/05\/wooden-slide-300x240.webp 300w, https:\/\/xiairworld.com\/wp-content\/uploads\/2024\/05\/wooden-slide-768x614.webp 768w, https:\/\/xiairworld.com\/wp-content\/uploads\/2024\/05\/wooden-slide-600x480.webp 600w\" sizes=\"(max-width: 1000px) 100vw, 1000px\" \/>\n                <\/div>\n                \n                <div class=\"elementskit-box-body ekit-image-box-body\">\n                    <div class=\"elementskit-box-content ekit-image-box-body-inner\">\n                                                <h2 class=\"elementskit-info-box-title\">\n\n                        Holzrutsche\n                        \n                    <\/h2>\n                                                            <div class=\"elementskit-box-style-content\">\n                        Unsere aus hochwertigem Holz gefertigten Rutschen bieten ein sanftes und angenehmes Rutscherlebnis.                    <\/div>\n                                    <\/div>\n\n                                <div class=\"elementskit-box-footer\">\n                    <div class=\"box-footer\">\n                        <div class=\"btn-wraper\">\n                                                            <a href=\"#elementor-action%3Aaction%3Dpopup%3Aopen%26settings%3DeyJpZCI6IjExMDAyIiwidG9nZ2xlIjpmYWxzZX0%3D\" class=\"elementskit-btn whitespace--normal\">\n                                    damit mehr\n                                    <i aria-hidden=\"true\" class=\"icon icon-arrow-right\"><\/i>\n                                <\/a>\n                                                        <\/div>\n                    <\/div>\n                <\/div>\n                            <\/div>\n            <\/div>\n    <\/div>\t\t\t\t<\/div>\n\t\t\t\t<\/div>\n\t\t\t\t\t<\/div>\n\t\t<\/div>\n\t\t\t\t\t<\/div>\n\t\t<\/section>\n\t\t\t\t\t<\/div>\n\t\t<\/div>\n\t\t\t\t\t<\/div>\n\t\t<\/section>\n\t\t\t\t\t<\/div>\n\t\t<\/div>\n\t\t\t\t\t<\/div>\n\t\t<\/section>\n\t\t\t\t<\/div>","protected":false},"excerpt":{"rendered":"<p>Play Gym Explore our Play Gym collection at Xiair World, which is designed to foster active play and development in young children. Crafted with eco-friendly materials for safety and durability, our play gyms stimulate motor skills, coordination, and balance. Perfect for any setting, they ensure joyful learning and endless fun. Discover the ideal play gym [&hellip;]<\/p>\n","protected":false},"author":1,"featured_media":0,"parent":0,"menu_order":0,"comment_status":"closed","ping_status":"closed","template":"","meta":{"footnotes":""},"class_list":["post-8589","page","type-page","status-publish","hentry"],"_links":{"self":[{"href":"https:\/\/xiairworld.com\/de\/wp-json\/wp\/v2\/pages\/8589","targetHints":{"allow":["GET"]}}],"collection":[{"href":"https:\/\/xiairworld.com\/de\/wp-json\/wp\/v2\/pages"}],"about":[{"href":"https:\/\/xiairworld.com\/de\/wp-json\/wp\/v2\/types\/page"}],"author":[{"embeddable":true,"href":"https:\/\/xiairworld.com\/de\/wp-json\/wp\/v2\/users\/1"}],"replies":[{"embeddable":true,"href":"https:\/\/xiairworld.com\/de\/wp-json\/wp\/v2\/comments?post=8589"}],"version-history":[{"count":0,"href":"https:\/\/xiairworld.com\/de\/wp-json\/wp\/v2\/pages\/8589\/revisions"}],"wp:attachment":[{"href":"https:\/\/xiairworld.com\/de\/wp-json\/wp\/v2\/media?parent=8589"}],"curies":[{"name":"wp","href":"https:\/\/api.w.org\/{rel}","templated":true}]}}