{"id":16697,"date":"2025-07-11T15:36:43","date_gmt":"2025-07-11T07:36:43","guid":{"rendered":"https:\/\/xiairworld.com\/?page_id=16697"},"modified":"2025-07-18T18:33:29","modified_gmt":"2025-07-18T10:33:29","slug":"torre-para-ninos-pequenos","status":"publish","type":"page","link":"https:\/\/xiairworld.com\/es\/toddler-tower\/","title":{"rendered":"Torre para ni\u00f1os peque\u00f1os"},"content":{"rendered":"<div data-elementor-type=\"wp-page\" data-elementor-id=\"16697\" class=\"elementor elementor-16697\" data-elementor-post-type=\"page\">\n\t\t\t\t\t\t<section class=\"elementor-section elementor-top-section elementor-element elementor-element-8b96977 elementor-section-boxed elementor-section-height-default elementor-section-height-default\" data-id=\"8b96977\" data-element_type=\"section\" data-e-type=\"section\" data-settings=\"{&quot;background_background&quot;:&quot;classic&quot;,&quot;ekit_has_onepagescroll_dot&quot;:&quot;yes&quot;}\">\n\t\t\t\t\t\t\t<div class=\"elementor-background-overlay\"><\/div>\n\t\t\t\t\t\t\t<div class=\"elementor-container elementor-column-gap-default\">\n\t\t\t\t\t<div class=\"elementor-column elementor-col-50 elementor-top-column elementor-element elementor-element-624fdfe\" data-id=\"624fdfe\" data-element_type=\"column\" data-e-type=\"column\">\n\t\t\t<div class=\"elementor-widget-wrap elementor-element-populated\">\n\t\t\t\t\t\t<div class=\"elementor-element elementor-element-33cb87b elementor-widget elementor-widget-elementskit-heading\" data-id=\"33cb87b\" data-element_type=\"widget\" data-e-type=\"widget\" data-settings=\"{&quot;ekit_we_effect_on&quot;:&quot;none&quot;}\" data-widget_type=\"elementskit-heading.default\">\n\t\t\t\t<div class=\"elementor-widget-container\">\n\t\t\t\t\t<div class=\"ekit-wid-con\" ><div class=\"ekit-heading elementskit-section-title-wraper text_left   ekit_heading_tablet-   ekit_heading_mobile-\"><h1 class=\"ekit-heading--title elementskit-section-title\">Torre para ni\u00f1os peque\u00f1os<\/h1>\t\t\t\t<div class='ekit-heading__description'>\n\t\t\t\t\t<p>Una torre para ni\u00f1os peque\u00f1os, tambi\u00e9n conocida como torre de aprendizaje, les permite alcanzar las encimeras con seguridad y participar en actividades cotidianas como cocinar, lavarse las manos o hacer manualidades. Construidas con materiales resistentes y barandillas de seguridad, las torres fomentan la independencia y el aprendizaje pr\u00e1ctico. Son una excelente manera de integrar a los ni\u00f1os peque\u00f1os en las rutinas diarias, manteni\u00e9ndolos seguros. A\u00f1adir una torre a tu sala de juegos ayuda a fomentar la confianza y el desarrollo de habilidades mediante experiencias de la vida real.<br \/><!-- notionvc: 8d637965-986c-43f1-b4ae-d5a1b8210128 --><\/p>\n\t\t\t\t<\/div>\n\t\t\t<\/div><\/div>\t\t\t\t<\/div>\n\t\t\t\t<\/div>\n\t\t\t\t<div class=\"elementor-element elementor-element-899337b elementor-align-left elementor-widget elementor-widget-button\" data-id=\"899337b\" data-element_type=\"widget\" data-e-type=\"widget\" data-settings=\"{&quot;ekit_we_effect_on&quot;:&quot;none&quot;}\" data-widget_type=\"button.default\">\n\t\t\t\t<div class=\"elementor-widget-container\">\n\t\t\t\t\t\t\t\t\t<div class=\"elementor-button-wrapper\">\n\t\t\t\t\t<a class=\"elementor-button elementor-button-link elementor-size-sm\" href=\"#elementor-action%3Aaction%3Dpopup%3Aopen%26settings%3DeyJpZCI6IjExMDAyIiwidG9nZ2xlIjpmYWxzZX0%3D\">\n\t\t\t\t\t\t<span class=\"elementor-button-content-wrapper\">\n\t\t\t\t\t\t\t\t\t<span class=\"elementor-button-text\">Obtenga una cotizaci\u00f3n gratis<\/span>\n\t\t\t\t\t<\/span>\n\t\t\t\t\t<\/a>\n\t\t\t\t<\/div>\n\t\t\t\t\t\t\t\t<\/div>\n\t\t\t\t<\/div>\n\t\t\t\t\t<\/div>\n\t\t<\/div>\n\t\t\t\t<div class=\"elementor-column elementor-col-50 elementor-top-column elementor-element elementor-element-7e99b58\" data-id=\"7e99b58\" data-element_type=\"column\" data-e-type=\"column\">\n\t\t\t<div class=\"elementor-widget-wrap elementor-element-populated\">\n\t\t\t\t\t\t<div class=\"elementor-element elementor-element-c3ba386 elementor-widget elementor-widget-image\" data-id=\"c3ba386\" data-element_type=\"widget\" data-e-type=\"widget\" data-settings=\"{&quot;ekit_we_effect_on&quot;:&quot;none&quot;}\" data-widget_type=\"image.default\">\n\t\t\t\t<div class=\"elementor-widget-container\">\n\t\t\t\t\t\t\t\t\t\t\t\t\t\t\t<img fetchpriority=\"high\" decoding=\"async\" width=\"800\" height=\"560\" src=\"https:\/\/xiairworld.com\/wp-content\/uploads\/2025\/07\/Toddler-Tower.webp\" class=\"attachment-large size-large wp-image-16844\" alt=\"Torre para ni\u00f1os peque\u00f1os\" srcset=\"https:\/\/xiairworld.com\/wp-content\/uploads\/2025\/07\/Toddler-Tower.webp 1000w, https:\/\/xiairworld.com\/wp-content\/uploads\/2025\/07\/Toddler-Tower-300x210.webp 300w, https:\/\/xiairworld.com\/wp-content\/uploads\/2025\/07\/Toddler-Tower-768x538.webp 768w, https:\/\/xiairworld.com\/wp-content\/uploads\/2025\/07\/Toddler-Tower-18x12.webp 18w, https:\/\/xiairworld.com\/wp-content\/uploads\/2025\/07\/Toddler-Tower-600x420.webp 600w\" sizes=\"(max-width: 800px) 100vw, 800px\" \/>\t\t\t\t\t\t\t\t\t\t\t\t\t\t\t<\/div>\n\t\t\t\t<\/div>\n\t\t\t\t\t<\/div>\n\t\t<\/div>\n\t\t\t\t\t<\/div>\n\t\t<\/section>\n\t\t\t\t<\/div>","protected":false},"excerpt":{"rendered":"<p>Toddler Tower A toddler tower, also known as a learning tower, gives young children the chance to safely reach countertops and participate in daily activities like cooking, handwashing, or crafts. Built with sturdy materials and safety rails, toddler towers encourage independence and hands-on learning. They\u2019re a great way to include toddlers in everyday routines while [&hellip;]<\/p>\n","protected":false},"author":1,"featured_media":0,"parent":0,"menu_order":0,"comment_status":"closed","ping_status":"closed","template":"","meta":{"footnotes":""},"class_list":["post-16697","page","type-page","status-publish","hentry"],"_links":{"self":[{"href":"https:\/\/xiairworld.com\/es\/wp-json\/wp\/v2\/pages\/16697","targetHints":{"allow":["GET"]}}],"collection":[{"href":"https:\/\/xiairworld.com\/es\/wp-json\/wp\/v2\/pages"}],"about":[{"href":"https:\/\/xiairworld.com\/es\/wp-json\/wp\/v2\/types\/page"}],"author":[{"embeddable":true,"href":"https:\/\/xiairworld.com\/es\/wp-json\/wp\/v2\/users\/1"}],"replies":[{"embeddable":true,"href":"https:\/\/xiairworld.com\/es\/wp-json\/wp\/v2\/comments?post=16697"}],"version-history":[{"count":0,"href":"https:\/\/xiairworld.com\/es\/wp-json\/wp\/v2\/pages\/16697\/revisions"}],"wp:attachment":[{"href":"https:\/\/xiairworld.com\/es\/wp-json\/wp\/v2\/media?parent=16697"}],"curies":[{"name":"wp","href":"https:\/\/api.w.org\/{rel}","templated":true}]}}