{"id":16699,"date":"2025-07-11T15:37:38","date_gmt":"2025-07-11T07:37:38","guid":{"rendered":"https:\/\/xiairworld.com\/?page_id=16699"},"modified":"2025-07-18T18:35:35","modified_gmt":"2025-07-18T10:35:35","slug":"silla-alta","status":"publish","type":"page","link":"https:\/\/xiairworld.com\/es\/high-chair\/","title":{"rendered":"Silla alta"},"content":{"rendered":"<div data-elementor-type=\"wp-page\" data-elementor-id=\"16699\" class=\"elementor elementor-16699\" data-elementor-post-type=\"page\">\n\t\t\t\t\t\t<section class=\"elementor-section elementor-top-section elementor-element elementor-element-ed94f69 elementor-section-boxed elementor-section-height-default elementor-section-height-default\" data-id=\"ed94f69\" data-element_type=\"section\" data-e-type=\"section\" data-settings=\"{&quot;background_background&quot;:&quot;classic&quot;,&quot;ekit_has_onepagescroll_dot&quot;:&quot;yes&quot;}\">\n\t\t\t\t\t\t\t<div class=\"elementor-background-overlay\"><\/div>\n\t\t\t\t\t\t\t<div class=\"elementor-container elementor-column-gap-default\">\n\t\t\t\t\t<div class=\"elementor-column elementor-col-50 elementor-top-column elementor-element elementor-element-ebfe4ee\" data-id=\"ebfe4ee\" data-element_type=\"column\" data-e-type=\"column\">\n\t\t\t<div class=\"elementor-widget-wrap elementor-element-populated\">\n\t\t\t\t\t\t<div class=\"elementor-element elementor-element-abc0935 elementor-widget elementor-widget-elementskit-heading\" data-id=\"abc0935\" data-element_type=\"widget\" data-e-type=\"widget\" data-settings=\"{&quot;ekit_we_effect_on&quot;:&quot;none&quot;}\" data-widget_type=\"elementskit-heading.default\">\n\t\t\t\t<div class=\"elementor-widget-container\">\n\t\t\t\t\t<div class=\"ekit-wid-con\" ><div class=\"ekit-heading elementskit-section-title-wraper text_left   ekit_heading_tablet-   ekit_heading_mobile-\"><h1 class=\"ekit-heading--title elementskit-section-title\">Silla alta<\/h1>\t\t\t\t<div class='ekit-heading__description'>\n\t\t\t\t\t<p>Una trona es esencial en la rutina diaria de beb\u00e9s y ni\u00f1os peque\u00f1os. Ofrece un lugar seguro y estable para comer, jugar o disfrutar de las comidas en familia. Nuestras tronas est\u00e1n dise\u00f1adas pensando en la comodidad, la seguridad y la facilidad de limpieza, perfectas tanto para el hogar como para la guarder\u00eda. Una trona bien dise\u00f1ada no solo mantiene a los peque\u00f1os seguros, sino que tambi\u00e9n favorece su postura e independencia. Es un elemento indispensable en cualquier sala de juegos o comedor bien equipado.<br \/><!-- notionvc: 8d637965-986c-43f1-b4ae-d5a1b8210128 --><\/p>\n\t\t\t\t<\/div>\n\t\t\t<\/div><\/div>\t\t\t\t<\/div>\n\t\t\t\t<\/div>\n\t\t\t\t<div class=\"elementor-element elementor-element-e9bfb75 elementor-align-left elementor-widget elementor-widget-button\" data-id=\"e9bfb75\" data-element_type=\"widget\" data-e-type=\"widget\" data-settings=\"{&quot;ekit_we_effect_on&quot;:&quot;none&quot;}\" data-widget_type=\"button.default\">\n\t\t\t\t<div class=\"elementor-widget-container\">\n\t\t\t\t\t\t\t\t\t<div class=\"elementor-button-wrapper\">\n\t\t\t\t\t<a class=\"elementor-button elementor-button-link elementor-size-sm\" href=\"#elementor-action%3Aaction%3Dpopup%3Aopen%26settings%3DeyJpZCI6IjExMDAyIiwidG9nZ2xlIjpmYWxzZX0%3D\">\n\t\t\t\t\t\t<span class=\"elementor-button-content-wrapper\">\n\t\t\t\t\t\t\t\t\t<span class=\"elementor-button-text\">Obtenga una cotizaci\u00f3n gratis<\/span>\n\t\t\t\t\t<\/span>\n\t\t\t\t\t<\/a>\n\t\t\t\t<\/div>\n\t\t\t\t\t\t\t\t<\/div>\n\t\t\t\t<\/div>\n\t\t\t\t\t<\/div>\n\t\t<\/div>\n\t\t\t\t<div class=\"elementor-column elementor-col-50 elementor-top-column elementor-element elementor-element-7c46927\" data-id=\"7c46927\" data-element_type=\"column\" data-e-type=\"column\">\n\t\t\t<div class=\"elementor-widget-wrap elementor-element-populated\">\n\t\t\t\t\t\t<div class=\"elementor-element elementor-element-19e6931 elementor-widget elementor-widget-image\" data-id=\"19e6931\" data-element_type=\"widget\" data-e-type=\"widget\" data-settings=\"{&quot;ekit_we_effect_on&quot;:&quot;none&quot;}\" data-widget_type=\"image.default\">\n\t\t\t\t<div class=\"elementor-widget-container\">\n\t\t\t\t\t\t\t\t\t\t\t\t\t\t\t<img fetchpriority=\"high\" decoding=\"async\" width=\"800\" height=\"560\" src=\"https:\/\/xiairworld.com\/wp-content\/uploads\/2025\/07\/High-Chair.webp\" class=\"attachment-large size-large wp-image-16848\" alt=\"Silla alta\" srcset=\"https:\/\/xiairworld.com\/wp-content\/uploads\/2025\/07\/High-Chair.webp 1000w, https:\/\/xiairworld.com\/wp-content\/uploads\/2025\/07\/High-Chair-300x210.webp 300w, https:\/\/xiairworld.com\/wp-content\/uploads\/2025\/07\/High-Chair-768x538.webp 768w, https:\/\/xiairworld.com\/wp-content\/uploads\/2025\/07\/High-Chair-18x12.webp 18w, https:\/\/xiairworld.com\/wp-content\/uploads\/2025\/07\/High-Chair-600x420.webp 600w\" sizes=\"(max-width: 800px) 100vw, 800px\" \/>\t\t\t\t\t\t\t\t\t\t\t\t\t\t\t<\/div>\n\t\t\t\t<\/div>\n\t\t\t\t\t<\/div>\n\t\t<\/div>\n\t\t\t\t\t<\/div>\n\t\t<\/section>\n\t\t\t\t<\/div>","protected":false},"excerpt":{"rendered":"<p>High Chair A high chair is an essential part of daily routines for babies and toddlers. It provides a safe and stable place for feeding, playing, or joining family mealtimes. Our high chairs are made with comfort, safety, and easy cleaning in mind\u2014perfect for both home and daycare use. A well-designed high chair not only [&hellip;]<\/p>\n","protected":false},"author":1,"featured_media":0,"parent":0,"menu_order":0,"comment_status":"closed","ping_status":"closed","template":"","meta":{"footnotes":""},"class_list":["post-16699","page","type-page","status-publish","hentry"],"_links":{"self":[{"href":"https:\/\/xiairworld.com\/es\/wp-json\/wp\/v2\/pages\/16699","targetHints":{"allow":["GET"]}}],"collection":[{"href":"https:\/\/xiairworld.com\/es\/wp-json\/wp\/v2\/pages"}],"about":[{"href":"https:\/\/xiairworld.com\/es\/wp-json\/wp\/v2\/types\/page"}],"author":[{"embeddable":true,"href":"https:\/\/xiairworld.com\/es\/wp-json\/wp\/v2\/users\/1"}],"replies":[{"embeddable":true,"href":"https:\/\/xiairworld.com\/es\/wp-json\/wp\/v2\/comments?post=16699"}],"version-history":[{"count":0,"href":"https:\/\/xiairworld.com\/es\/wp-json\/wp\/v2\/pages\/16699\/revisions"}],"wp:attachment":[{"href":"https:\/\/xiairworld.com\/es\/wp-json\/wp\/v2\/media?parent=16699"}],"curies":[{"name":"wp","href":"https:\/\/api.w.org\/{rel}","templated":true}]}}