{"id":16660,"date":"2025-07-11T15:01:59","date_gmt":"2025-07-11T07:01:59","guid":{"rendered":"https:\/\/xiairworld.com\/?page_id=16660"},"modified":"2025-07-11T16:17:49","modified_gmt":"2025-07-11T08:17:49","slug":"juguetes-cientificos","status":"publish","type":"page","link":"https:\/\/xiairworld.com\/es_mx\/science-toys\/","title":{"rendered":"Juguetes cient\u00edficos"},"content":{"rendered":"<div data-elementor-type=\"wp-page\" data-elementor-id=\"16660\" class=\"elementor elementor-16660\" data-elementor-post-type=\"page\">\n\t\t\t\t\t\t<section class=\"elementor-section elementor-top-section elementor-element elementor-element-43b7777 elementor-section-boxed elementor-section-height-default elementor-section-height-default\" data-id=\"43b7777\" data-element_type=\"section\" data-e-type=\"section\" data-settings=\"{&quot;background_background&quot;:&quot;classic&quot;,&quot;ekit_has_onepagescroll_dot&quot;:&quot;yes&quot;}\">\n\t\t\t\t\t\t\t<div class=\"elementor-background-overlay\"><\/div>\n\t\t\t\t\t\t\t<div class=\"elementor-container elementor-column-gap-default\">\n\t\t\t\t\t<div class=\"elementor-column elementor-col-50 elementor-top-column elementor-element elementor-element-a09d94f\" data-id=\"a09d94f\" data-element_type=\"column\" data-e-type=\"column\">\n\t\t\t<div class=\"elementor-widget-wrap elementor-element-populated\">\n\t\t\t\t\t\t<div class=\"elementor-element elementor-element-83456ac elementor-widget elementor-widget-elementskit-heading\" data-id=\"83456ac\" data-element_type=\"widget\" data-e-type=\"widget\" data-settings=\"{&quot;ekit_we_effect_on&quot;:&quot;none&quot;}\" data-widget_type=\"elementskit-heading.default\">\n\t\t\t\t<div class=\"elementor-widget-container\">\n\t\t\t\t\t<div class=\"ekit-wid-con\" ><div class=\"ekit-heading elementskit-section-title-wraper text_left   ekit_heading_tablet-   ekit_heading_mobile-\"><h1 class=\"ekit-heading--title elementskit-section-title\">Juguetes cient\u00edficos<\/h1>\t\t\t\t<div class='ekit-heading__description'>\n\t\t\t\t\t<p>Fomente la curiosidad y el descubrimiento en el aula de preescolar con juguetes cient\u00edficos que convierten los momentos cotidianos en aventuras de aprendizaje. Con sencillos kits cient\u00edficos, lupas, visores de insectos y juegos de plantaci\u00f3n, los ni\u00f1os peque\u00f1os pueden explorar la naturaleza, hacer preguntas y experimentar con nuevas ideas. Los juguetes cient\u00edficos facilitan la organizaci\u00f3n de actividades pr\u00e1cticas que inspiran a los ni\u00f1os a observar, preguntarse y aprender sobre el mundo que les rodea.<br \/><!-- notionvc: 8d637965-986c-43f1-b4ae-d5a1b8210128 --><\/p>\n\t\t\t\t<\/div>\n\t\t\t<\/div><\/div>\t\t\t\t<\/div>\n\t\t\t\t<\/div>\n\t\t\t\t<div class=\"elementor-element elementor-element-139c066 elementor-align-left elementor-widget elementor-widget-button\" data-id=\"139c066\" data-element_type=\"widget\" data-e-type=\"widget\" data-settings=\"{&quot;ekit_we_effect_on&quot;:&quot;none&quot;}\" data-widget_type=\"button.default\">\n\t\t\t\t<div class=\"elementor-widget-container\">\n\t\t\t\t\t\t\t\t\t<div class=\"elementor-button-wrapper\">\n\t\t\t\t\t<a class=\"elementor-button elementor-button-link elementor-size-sm\" href=\"#elementor-action%3Aaction%3Dpopup%3Aopen%26settings%3DeyJpZCI6IjExMDAyIiwidG9nZ2xlIjpmYWxzZX0%3D\">\n\t\t\t\t\t\t<span class=\"elementor-button-content-wrapper\">\n\t\t\t\t\t\t\t\t\t<span class=\"elementor-button-text\">Obtenga un presupuesto gratuito<\/span>\n\t\t\t\t\t<\/span>\n\t\t\t\t\t<\/a>\n\t\t\t\t<\/div>\n\t\t\t\t\t\t\t\t<\/div>\n\t\t\t\t<\/div>\n\t\t\t\t\t<\/div>\n\t\t<\/div>\n\t\t\t\t<div class=\"elementor-column elementor-col-50 elementor-top-column elementor-element elementor-element-25e4476\" data-id=\"25e4476\" data-element_type=\"column\" data-e-type=\"column\">\n\t\t\t<div class=\"elementor-widget-wrap elementor-element-populated\">\n\t\t\t\t\t\t<div class=\"elementor-element elementor-element-34c4b28 elementor-widget elementor-widget-image\" data-id=\"34c4b28\" data-element_type=\"widget\" data-e-type=\"widget\" data-settings=\"{&quot;ekit_we_effect_on&quot;:&quot;none&quot;}\" data-widget_type=\"image.default\">\n\t\t\t\t<div class=\"elementor-widget-container\">\n\t\t\t\t\t\t\t\t\t\t\t\t\t\t\t<img fetchpriority=\"high\" decoding=\"async\" width=\"800\" height=\"560\" src=\"https:\/\/xiairworld.com\/wp-content\/uploads\/2025\/07\/Science-Toys.webp\" class=\"attachment-large size-large wp-image-16724\" alt=\"Juguetes cient\u00edficos\" srcset=\"https:\/\/xiairworld.com\/wp-content\/uploads\/2025\/07\/Science-Toys.webp 1000w, https:\/\/xiairworld.com\/wp-content\/uploads\/2025\/07\/Science-Toys-300x210.webp 300w, https:\/\/xiairworld.com\/wp-content\/uploads\/2025\/07\/Science-Toys-768x538.webp 768w, https:\/\/xiairworld.com\/wp-content\/uploads\/2025\/07\/Science-Toys-18x12.webp 18w, https:\/\/xiairworld.com\/wp-content\/uploads\/2025\/07\/Science-Toys-600x420.webp 600w\" sizes=\"(max-width: 800px) 100vw, 800px\" \/>\t\t\t\t\t\t\t\t\t\t\t\t\t\t\t<\/div>\n\t\t\t\t<\/div>\n\t\t\t\t\t<\/div>\n\t\t<\/div>\n\t\t\t\t\t<\/div>\n\t\t<\/section>\n\t\t\t\t<\/div>","protected":false},"excerpt":{"rendered":"<p>Science Toys Encourage curiosity and discovery in the preschool classroom with science toys that turn everyday moments into learning adventures. With simple science kits, magnifiers, bug viewers, and planting sets, young children can explore nature, ask questions, and experiment with new ideas. Science toys make it easy to set up hands-on activities that inspire children [&hellip;]<\/p>\n","protected":false},"author":1,"featured_media":0,"parent":0,"menu_order":0,"comment_status":"closed","ping_status":"closed","template":"","meta":{"footnotes":""},"class_list":["post-16660","page","type-page","status-publish","hentry"],"_links":{"self":[{"href":"https:\/\/xiairworld.com\/es_mx\/wp-json\/wp\/v2\/pages\/16660","targetHints":{"allow":["GET"]}}],"collection":[{"href":"https:\/\/xiairworld.com\/es_mx\/wp-json\/wp\/v2\/pages"}],"about":[{"href":"https:\/\/xiairworld.com\/es_mx\/wp-json\/wp\/v2\/types\/page"}],"author":[{"embeddable":true,"href":"https:\/\/xiairworld.com\/es_mx\/wp-json\/wp\/v2\/users\/1"}],"replies":[{"embeddable":true,"href":"https:\/\/xiairworld.com\/es_mx\/wp-json\/wp\/v2\/comments?post=16660"}],"version-history":[{"count":0,"href":"https:\/\/xiairworld.com\/es_mx\/wp-json\/wp\/v2\/pages\/16660\/revisions"}],"wp:attachment":[{"href":"https:\/\/xiairworld.com\/es_mx\/wp-json\/wp\/v2\/media?parent=16660"}],"curies":[{"name":"gracias","href":"https:\/\/api.w.org\/{rel}","templated":true}]}}