{"id":16695,"date":"2025-07-11T15:35:52","date_gmt":"2025-07-11T07:35:52","guid":{"rendered":"https:\/\/xiairworld.com\/?page_id=16695"},"modified":"2025-07-18T18:30:52","modified_gmt":"2025-07-18T10:30:52","slug":"equipo-de-equilibrado","status":"publish","type":"page","link":"https:\/\/xiairworld.com\/es_mx\/balance-equipment\/","title":{"rendered":"Equipo de equilibrio"},"content":{"rendered":"<div data-elementor-type=\"wp-page\" data-elementor-id=\"16695\" class=\"elementor elementor-16695\" data-elementor-post-type=\"page\">\n\t\t\t\t\t\t<section class=\"elementor-section elementor-top-section elementor-element elementor-element-f548d34 elementor-section-boxed elementor-section-height-default elementor-section-height-default\" data-id=\"f548d34\" data-element_type=\"section\" data-e-type=\"section\" data-settings=\"{&quot;background_background&quot;:&quot;classic&quot;,&quot;ekit_has_onepagescroll_dot&quot;:&quot;yes&quot;}\">\n\t\t\t\t\t\t\t<div class=\"elementor-background-overlay\"><\/div>\n\t\t\t\t\t\t\t<div class=\"elementor-container elementor-column-gap-default\">\n\t\t\t\t\t<div class=\"elementor-column elementor-col-50 elementor-top-column elementor-element elementor-element-990921c\" data-id=\"990921c\" data-element_type=\"column\" data-e-type=\"column\">\n\t\t\t<div class=\"elementor-widget-wrap elementor-element-populated\">\n\t\t\t\t\t\t<div class=\"elementor-element elementor-element-393584a elementor-widget elementor-widget-elementskit-heading\" data-id=\"393584a\" data-element_type=\"widget\" data-e-type=\"widget\" data-settings=\"{&quot;ekit_we_effect_on&quot;:&quot;none&quot;}\" data-widget_type=\"elementskit-heading.default\">\n\t\t\t\t<div class=\"elementor-widget-container\">\n\t\t\t\t\t<div class=\"ekit-wid-con\" ><div class=\"ekit-heading elementskit-section-title-wraper text_left   ekit_heading_tablet-   ekit_heading_mobile-\"><h1 class=\"ekit-heading--title elementskit-section-title\">Equipo de equilibrio<\/h1>\t\t\t\t<div class='ekit-heading__description'>\n\t\t\t\t\t<p>Los aparatos de equilibrio ayudan a los ni\u00f1os peque\u00f1os y preescolares a desarrollar la coordinaci\u00f3n, la conciencia corporal y la confianza en s\u00ed mismos. Desde vigas de equilibrio hasta pelda\u00f1os y tablas para tambalearse, este tipo de equipamiento para salas de juegos fomenta la actividad f\u00edsica segura y favorece el desarrollo de la motricidad gruesa. Los aparatos de equilibrio pueden utilizarse durante el recreo, las carreras de obst\u00e1culos o los juegos de movimiento, lo que los convierte en una parte valiosa de una zona de juegos de interior. Es perfecto para el aprendizaje activo y la liberaci\u00f3n de energ\u00eda en los entornos de la primera infancia.<br \/><!-- notionvc: 8d637965-986c-43f1-b4ae-d5a1b8210128 --><\/p>\n\t\t\t\t<\/div>\n\t\t\t<\/div><\/div>\t\t\t\t<\/div>\n\t\t\t\t<\/div>\n\t\t\t\t<div class=\"elementor-element elementor-element-6ca5ad9 elementor-align-left elementor-widget elementor-widget-button\" data-id=\"6ca5ad9\" data-element_type=\"widget\" data-e-type=\"widget\" data-settings=\"{&quot;ekit_we_effect_on&quot;:&quot;none&quot;}\" data-widget_type=\"button.default\">\n\t\t\t\t<div class=\"elementor-widget-container\">\n\t\t\t\t\t\t\t\t\t<div class=\"elementor-button-wrapper\">\n\t\t\t\t\t<a class=\"elementor-button elementor-button-link elementor-size-sm\" href=\"#elementor-action%3Aaction%3Dpopup%3Aopen%26settings%3DeyJpZCI6IjExMDAyIiwidG9nZ2xlIjpmYWxzZX0%3D\">\n\t\t\t\t\t\t<span class=\"elementor-button-content-wrapper\">\n\t\t\t\t\t\t\t\t\t<span class=\"elementor-button-text\">Obtenga un presupuesto gratuito<\/span>\n\t\t\t\t\t<\/span>\n\t\t\t\t\t<\/a>\n\t\t\t\t<\/div>\n\t\t\t\t\t\t\t\t<\/div>\n\t\t\t\t<\/div>\n\t\t\t\t\t<\/div>\n\t\t<\/div>\n\t\t\t\t<div class=\"elementor-column elementor-col-50 elementor-top-column elementor-element elementor-element-014916a\" data-id=\"014916a\" data-element_type=\"column\" data-e-type=\"column\">\n\t\t\t<div class=\"elementor-widget-wrap elementor-element-populated\">\n\t\t\t\t\t\t<div class=\"elementor-element elementor-element-e78f531 elementor-widget elementor-widget-image\" data-id=\"e78f531\" data-element_type=\"widget\" data-e-type=\"widget\" data-settings=\"{&quot;ekit_we_effect_on&quot;:&quot;none&quot;}\" data-widget_type=\"image.default\">\n\t\t\t\t<div class=\"elementor-widget-container\">\n\t\t\t\t\t\t\t\t\t\t\t\t\t\t\t<img fetchpriority=\"high\" decoding=\"async\" width=\"800\" height=\"560\" src=\"https:\/\/xiairworld.com\/wp-content\/uploads\/2025\/07\/Balance-Equipment.webp\" class=\"attachment-large size-large wp-image-16840\" alt=\"Equipo de equilibrio\" srcset=\"https:\/\/xiairworld.com\/wp-content\/uploads\/2025\/07\/Balance-Equipment.webp 1000w, https:\/\/xiairworld.com\/wp-content\/uploads\/2025\/07\/Balance-Equipment-300x210.webp 300w, https:\/\/xiairworld.com\/wp-content\/uploads\/2025\/07\/Balance-Equipment-768x538.webp 768w, https:\/\/xiairworld.com\/wp-content\/uploads\/2025\/07\/Balance-Equipment-18x12.webp 18w, https:\/\/xiairworld.com\/wp-content\/uploads\/2025\/07\/Balance-Equipment-600x420.webp 600w\" sizes=\"(max-width: 800px) 100vw, 800px\" \/>\t\t\t\t\t\t\t\t\t\t\t\t\t\t\t<\/div>\n\t\t\t\t<\/div>\n\t\t\t\t\t<\/div>\n\t\t<\/div>\n\t\t\t\t\t<\/div>\n\t\t<\/section>\n\t\t\t\t<\/div>","protected":false},"excerpt":{"rendered":"<p>Balance Equipment Balance equipment helps toddlers and preschoolers build coordination, body awareness, and confidence. From balance beams to stepping stones and wobble boards, this type of playroom equipment encourages safe physical activity and supports gross motor skill development. Balance equipment can be used during playtime, obstacle courses, or movement games, making it a valuable part [&hellip;]<\/p>\n","protected":false},"author":1,"featured_media":0,"parent":0,"menu_order":0,"comment_status":"closed","ping_status":"closed","template":"","meta":{"footnotes":""},"class_list":["post-16695","page","type-page","status-publish","hentry"],"_links":{"self":[{"href":"https:\/\/xiairworld.com\/es_mx\/wp-json\/wp\/v2\/pages\/16695","targetHints":{"allow":["GET"]}}],"collection":[{"href":"https:\/\/xiairworld.com\/es_mx\/wp-json\/wp\/v2\/pages"}],"about":[{"href":"https:\/\/xiairworld.com\/es_mx\/wp-json\/wp\/v2\/types\/page"}],"author":[{"embeddable":true,"href":"https:\/\/xiairworld.com\/es_mx\/wp-json\/wp\/v2\/users\/1"}],"replies":[{"embeddable":true,"href":"https:\/\/xiairworld.com\/es_mx\/wp-json\/wp\/v2\/comments?post=16695"}],"version-history":[{"count":0,"href":"https:\/\/xiairworld.com\/es_mx\/wp-json\/wp\/v2\/pages\/16695\/revisions"}],"wp:attachment":[{"href":"https:\/\/xiairworld.com\/es_mx\/wp-json\/wp\/v2\/media?parent=16695"}],"curies":[{"name":"gracias","href":"https:\/\/api.w.org\/{rel}","templated":true}]}}