{"id":16671,"date":"2025-07-11T15:09:30","date_gmt":"2025-07-11T07:09:30","guid":{"rendered":"https:\/\/xiairworld.com\/?page_id=16671"},"modified":"2025-07-11T17:14:32","modified_gmt":"2025-07-11T09:14:32","slug":"mobilier-dexterieur-pour-enfants-dage-prescolaire","status":"publish","type":"page","link":"https:\/\/xiairworld.com\/fr\/preschool-outdoor-furniture\/","title":{"rendered":"Mobilier d&#039;ext\u00e9rieur pour enfants d&#039;\u00e2ge pr\u00e9scolaire"},"content":{"rendered":"<div data-elementor-type=\"wp-page\" data-elementor-id=\"16671\" class=\"elementor elementor-16671\" data-elementor-post-type=\"page\">\n\t\t\t\t\t\t<section class=\"elementor-section elementor-top-section elementor-element elementor-element-0b2e723 elementor-section-boxed elementor-section-height-default elementor-section-height-default\" data-id=\"0b2e723\" data-element_type=\"section\" data-e-type=\"section\" data-settings=\"{&quot;background_background&quot;:&quot;classic&quot;,&quot;ekit_has_onepagescroll_dot&quot;:&quot;yes&quot;}\">\n\t\t\t\t\t\t\t<div class=\"elementor-background-overlay\"><\/div>\n\t\t\t\t\t\t\t<div class=\"elementor-container elementor-column-gap-default\">\n\t\t\t\t\t<div class=\"elementor-column elementor-col-50 elementor-top-column elementor-element elementor-element-7bbfe23\" data-id=\"7bbfe23\" data-element_type=\"column\" data-e-type=\"column\">\n\t\t\t<div class=\"elementor-widget-wrap elementor-element-populated\">\n\t\t\t\t\t\t<div class=\"elementor-element elementor-element-1080dec elementor-widget elementor-widget-elementskit-heading\" data-id=\"1080dec\" data-element_type=\"widget\" data-e-type=\"widget\" data-settings=\"{&quot;ekit_we_effect_on&quot;:&quot;none&quot;}\" data-widget_type=\"elementskit-heading.default\">\n\t\t\t\t<div class=\"elementor-widget-container\">\n\t\t\t\t\t<div class=\"ekit-wid-con\" ><div class=\"ekit-heading elementskit-section-title-wraper text_left   ekit_heading_tablet-   ekit_heading_mobile-\"><h1 class=\"ekit-heading--title elementskit-section-title\">Meubles d'ext\u00e9rieur<\/h1>\t\t\t\t<div class='ekit-heading__description'>\n\t\t\t\t\t<p>Une aire de jeux pr\u00e9scolaire r\u00e9ussie commence par un mobilier d&#039;ext\u00e9rieur adapt\u00e9. Des tables et des bancs robustes et adapt\u00e9s aux enfants permettent aux enfants de partager facilement des collations, de r\u00e9aliser des projets artistiques ou simplement de se d\u00e9tendre ensemble. Un bon mobilier d&#039;ext\u00e9rieur permet d&#039;apprendre et de jouer dehors, offrant aux enfants plus d&#039;espace pour explorer, coop\u00e9rer et se connecter avec la nature. Avec des meubles confortables et r\u00e9sistants aux intemp\u00e9ries, votre espace ext\u00e9rieur deviendra rapidement un lieu de pr\u00e9dilection pour les enseignants et les enfants.<br \/><!-- notionvc: 8d637965-986c-43f1-b4ae-d5a1b8210128 --><\/p>\n\t\t\t\t<\/div>\n\t\t\t<\/div><\/div>\t\t\t\t<\/div>\n\t\t\t\t<\/div>\n\t\t\t\t<div class=\"elementor-element elementor-element-dbb1016 elementor-align-left elementor-widget elementor-widget-button\" data-id=\"dbb1016\" data-element_type=\"widget\" data-e-type=\"widget\" data-settings=\"{&quot;ekit_we_effect_on&quot;:&quot;none&quot;}\" data-widget_type=\"button.default\">\n\t\t\t\t<div class=\"elementor-widget-container\">\n\t\t\t\t\t\t\t\t\t<div class=\"elementor-button-wrapper\">\n\t\t\t\t\t<a class=\"elementor-button elementor-button-link elementor-size-sm\" href=\"#elementor-action%3Aaction%3Dpopup%3Aopen%26settings%3DeyJpZCI6IjExMDAyIiwidG9nZ2xlIjpmYWxzZX0%3D\">\n\t\t\t\t\t\t<span class=\"elementor-button-content-wrapper\">\n\t\t\t\t\t\t\t\t\t<span class=\"elementor-button-text\">Obtenez un devis gratuit<\/span>\n\t\t\t\t\t<\/span>\n\t\t\t\t\t<\/a>\n\t\t\t\t<\/div>\n\t\t\t\t\t\t\t\t<\/div>\n\t\t\t\t<\/div>\n\t\t\t\t\t<\/div>\n\t\t<\/div>\n\t\t\t\t<div class=\"elementor-column elementor-col-50 elementor-top-column elementor-element elementor-element-734ea77\" data-id=\"734ea77\" data-element_type=\"column\" data-e-type=\"column\">\n\t\t\t<div class=\"elementor-widget-wrap elementor-element-populated\">\n\t\t\t\t\t\t<div class=\"elementor-element elementor-element-03afef5 elementor-widget elementor-widget-image\" data-id=\"03afef5\" data-element_type=\"widget\" data-e-type=\"widget\" data-settings=\"{&quot;ekit_we_effect_on&quot;:&quot;none&quot;}\" data-widget_type=\"image.default\">\n\t\t\t\t<div class=\"elementor-widget-container\">\n\t\t\t\t\t\t\t\t\t\t\t\t\t\t\t<img fetchpriority=\"high\" decoding=\"async\" width=\"800\" height=\"560\" src=\"https:\/\/xiairworld.com\/wp-content\/uploads\/2025\/07\/Preschool-Outdoor-Furniture.webp\" class=\"attachment-large size-large wp-image-16756\" alt=\"Mobilier d&#039;ext\u00e9rieur pour enfants d&#039;\u00e2ge pr\u00e9scolaire\" srcset=\"https:\/\/xiairworld.com\/wp-content\/uploads\/2025\/07\/Preschool-Outdoor-Furniture.webp 1000w, https:\/\/xiairworld.com\/wp-content\/uploads\/2025\/07\/Preschool-Outdoor-Furniture-300x210.webp 300w, https:\/\/xiairworld.com\/wp-content\/uploads\/2025\/07\/Preschool-Outdoor-Furniture-768x538.webp 768w, https:\/\/xiairworld.com\/wp-content\/uploads\/2025\/07\/Preschool-Outdoor-Furniture-18x12.webp 18w, https:\/\/xiairworld.com\/wp-content\/uploads\/2025\/07\/Preschool-Outdoor-Furniture-600x420.webp 600w\" sizes=\"(max-width: 800px) 100vw, 800px\" \/>\t\t\t\t\t\t\t\t\t\t\t\t\t\t\t<\/div>\n\t\t\t\t<\/div>\n\t\t\t\t\t<\/div>\n\t\t<\/div>\n\t\t\t\t\t<\/div>\n\t\t<\/section>\n\t\t\t\t<\/div>","protected":false},"excerpt":{"rendered":"<p>Outdoor Furniture A great preschool playground starts with the right outdoor furniture. Sturdy and child-sized tables and benches make it easy for children to share snacks, do art projects, or just relax together outside. Good outdoor furniture lets you move learning and play outdoors, giving kids more space to explore, cooperate, and connect with nature. [&hellip;]<\/p>\n","protected":false},"author":1,"featured_media":0,"parent":0,"menu_order":0,"comment_status":"closed","ping_status":"closed","template":"","meta":{"footnotes":""},"class_list":["post-16671","page","type-page","status-publish","hentry"],"_links":{"self":[{"href":"https:\/\/xiairworld.com\/fr\/wp-json\/wp\/v2\/pages\/16671","targetHints":{"allow":["GET"]}}],"collection":[{"href":"https:\/\/xiairworld.com\/fr\/wp-json\/wp\/v2\/pages"}],"about":[{"href":"https:\/\/xiairworld.com\/fr\/wp-json\/wp\/v2\/types\/page"}],"author":[{"embeddable":true,"href":"https:\/\/xiairworld.com\/fr\/wp-json\/wp\/v2\/users\/1"}],"replies":[{"embeddable":true,"href":"https:\/\/xiairworld.com\/fr\/wp-json\/wp\/v2\/comments?post=16671"}],"version-history":[{"count":0,"href":"https:\/\/xiairworld.com\/fr\/wp-json\/wp\/v2\/pages\/16671\/revisions"}],"wp:attachment":[{"href":"https:\/\/xiairworld.com\/fr\/wp-json\/wp\/v2\/media?parent=16671"}],"curies":[{"name":"wp","href":"https:\/\/api.w.org\/{rel}","templated":true}]}}