{"id":16677,"date":"2025-07-11T15:10:37","date_gmt":"2025-07-11T07:10:37","guid":{"rendered":"https:\/\/xiairworld.com\/?page_id=16677"},"modified":"2025-07-11T17:25:48","modified_gmt":"2025-07-11T09:25:48","slug":"jouets-a-enfourcher","status":"publish","type":"page","link":"https:\/\/xiairworld.com\/fr\/ride-on-toys\/","title":{"rendered":"Jouets \u00e0 enfourcher"},"content":{"rendered":"<div data-elementor-type=\"wp-page\" data-elementor-id=\"16677\" class=\"elementor elementor-16677\" data-elementor-post-type=\"page\">\n\t\t\t\t\t\t<section class=\"elementor-section elementor-top-section elementor-element elementor-element-35f67c8 elementor-section-boxed elementor-section-height-default elementor-section-height-default\" data-id=\"35f67c8\" data-element_type=\"section\" data-e-type=\"section\" data-settings=\"{&quot;background_background&quot;:&quot;classic&quot;,&quot;ekit_has_onepagescroll_dot&quot;:&quot;yes&quot;}\">\n\t\t\t\t\t\t\t<div class=\"elementor-background-overlay\"><\/div>\n\t\t\t\t\t\t\t<div class=\"elementor-container elementor-column-gap-default\">\n\t\t\t\t\t<div class=\"elementor-column elementor-col-50 elementor-top-column elementor-element elementor-element-ffae18b\" data-id=\"ffae18b\" data-element_type=\"column\" data-e-type=\"column\">\n\t\t\t<div class=\"elementor-widget-wrap elementor-element-populated\">\n\t\t\t\t\t\t<div class=\"elementor-element elementor-element-6db0934 elementor-widget elementor-widget-elementskit-heading\" data-id=\"6db0934\" data-element_type=\"widget\" data-e-type=\"widget\" data-settings=\"{&quot;ekit_we_effect_on&quot;:&quot;none&quot;}\" data-widget_type=\"elementskit-heading.default\">\n\t\t\t\t<div class=\"elementor-widget-container\">\n\t\t\t\t\t<div class=\"ekit-wid-con\" ><div class=\"ekit-heading elementskit-section-title-wraper text_left   ekit_heading_tablet-   ekit_heading_mobile-\"><h1 class=\"ekit-heading--title elementskit-section-title\">Jouets \u00e0 enfourcher<\/h1>\t\t\t\t<div class='ekit-heading__description'>\n\t\t\t\t\t<p>Peu de choses apportent autant de joie \u00e0 l&#039;aire de jeux pr\u00e9scolaire que les jouets porteurs. Tricycles, trottinettes ou voitures \u00e0 pousser\u00a0: ces jouets invitent les enfants \u00e0 bouger, \u00e0 explorer et \u00e0 d\u00e9velopper leur \u00e9quilibre et leur coordination. Ils encouragent l&#039;aventure en plein air, les courses amicales et le travail d&#039;\u00e9quipe, aidant les enfants \u00e0 d\u00e9velopper leur force et leur confiance en eux en jouant ensemble.\u00a0<br \/><!-- notionvc: 8d637965-986c-43f1-b4ae-d5a1b8210128 --><\/p>\n\t\t\t\t<\/div>\n\t\t\t<\/div><\/div>\t\t\t\t<\/div>\n\t\t\t\t<\/div>\n\t\t\t\t<div class=\"elementor-element elementor-element-f90990d elementor-align-left elementor-widget elementor-widget-button\" data-id=\"f90990d\" data-element_type=\"widget\" data-e-type=\"widget\" data-settings=\"{&quot;ekit_we_effect_on&quot;:&quot;none&quot;}\" data-widget_type=\"button.default\">\n\t\t\t\t<div class=\"elementor-widget-container\">\n\t\t\t\t\t\t\t\t\t<div class=\"elementor-button-wrapper\">\n\t\t\t\t\t<a class=\"elementor-button elementor-button-link elementor-size-sm\" href=\"#elementor-action%3Aaction%3Dpopup%3Aopen%26settings%3DeyJpZCI6IjExMDAyIiwidG9nZ2xlIjpmYWxzZX0%3D\">\n\t\t\t\t\t\t<span class=\"elementor-button-content-wrapper\">\n\t\t\t\t\t\t\t\t\t<span class=\"elementor-button-text\">Obtenez un devis gratuit<\/span>\n\t\t\t\t\t<\/span>\n\t\t\t\t\t<\/a>\n\t\t\t\t<\/div>\n\t\t\t\t\t\t\t\t<\/div>\n\t\t\t\t<\/div>\n\t\t\t\t\t<\/div>\n\t\t<\/div>\n\t\t\t\t<div class=\"elementor-column elementor-col-50 elementor-top-column elementor-element elementor-element-28acc57\" data-id=\"28acc57\" data-element_type=\"column\" data-e-type=\"column\">\n\t\t\t<div class=\"elementor-widget-wrap elementor-element-populated\">\n\t\t\t\t\t\t<div class=\"elementor-element elementor-element-b56026c elementor-widget elementor-widget-image\" data-id=\"b56026c\" data-element_type=\"widget\" data-e-type=\"widget\" data-settings=\"{&quot;ekit_we_effect_on&quot;:&quot;none&quot;}\" data-widget_type=\"image.default\">\n\t\t\t\t<div class=\"elementor-widget-container\">\n\t\t\t\t\t\t\t\t\t\t\t\t\t\t\t<img fetchpriority=\"high\" decoding=\"async\" width=\"800\" height=\"560\" src=\"https:\/\/xiairworld.com\/wp-content\/uploads\/2025\/07\/Ride-On-Toys.webp\" class=\"attachment-large size-large wp-image-16772\" alt=\"Jouets \u00e0 enfourcher\" srcset=\"https:\/\/xiairworld.com\/wp-content\/uploads\/2025\/07\/Ride-On-Toys.webp 1000w, https:\/\/xiairworld.com\/wp-content\/uploads\/2025\/07\/Ride-On-Toys-300x210.webp 300w, https:\/\/xiairworld.com\/wp-content\/uploads\/2025\/07\/Ride-On-Toys-768x538.webp 768w, https:\/\/xiairworld.com\/wp-content\/uploads\/2025\/07\/Ride-On-Toys-18x12.webp 18w, https:\/\/xiairworld.com\/wp-content\/uploads\/2025\/07\/Ride-On-Toys-600x420.webp 600w\" sizes=\"(max-width: 800px) 100vw, 800px\" \/>\t\t\t\t\t\t\t\t\t\t\t\t\t\t\t<\/div>\n\t\t\t\t<\/div>\n\t\t\t\t\t<\/div>\n\t\t<\/div>\n\t\t\t\t\t<\/div>\n\t\t<\/section>\n\t\t\t\t<\/div>","protected":false},"excerpt":{"rendered":"<p>Ride On Toys Few things bring more joy to the preschool playground than ride-on toys. Whether it\u2019s a tricycle, a scooter, or a push car, these toys invite children to move, explore, and develop balance and coordination. Ride-on toys encourage outdoor adventure, friendly races, and teamwork, helping kids build strength and confidence as they play [&hellip;]<\/p>\n","protected":false},"author":1,"featured_media":0,"parent":0,"menu_order":0,"comment_status":"closed","ping_status":"closed","template":"","meta":{"footnotes":""},"class_list":["post-16677","page","type-page","status-publish","hentry"],"_links":{"self":[{"href":"https:\/\/xiairworld.com\/fr\/wp-json\/wp\/v2\/pages\/16677","targetHints":{"allow":["GET"]}}],"collection":[{"href":"https:\/\/xiairworld.com\/fr\/wp-json\/wp\/v2\/pages"}],"about":[{"href":"https:\/\/xiairworld.com\/fr\/wp-json\/wp\/v2\/types\/page"}],"author":[{"embeddable":true,"href":"https:\/\/xiairworld.com\/fr\/wp-json\/wp\/v2\/users\/1"}],"replies":[{"embeddable":true,"href":"https:\/\/xiairworld.com\/fr\/wp-json\/wp\/v2\/comments?post=16677"}],"version-history":[{"count":0,"href":"https:\/\/xiairworld.com\/fr\/wp-json\/wp\/v2\/pages\/16677\/revisions"}],"wp:attachment":[{"href":"https:\/\/xiairworld.com\/fr\/wp-json\/wp\/v2\/media?parent=16677"}],"curies":[{"name":"wp","href":"https:\/\/api.w.org\/{rel}","templated":true}]}}