{"id":16685,"date":"2025-07-11T15:12:05","date_gmt":"2025-07-11T07:12:05","guid":{"rendered":"https:\/\/xiairworld.com\/?page_id=16685"},"modified":"2025-07-18T18:17:45","modified_gmt":"2025-07-18T10:17:45","slug":"bacs-de-rangement-de-classe","status":"publish","type":"page","link":"https:\/\/xiairworld.com\/fr\/classroom-storage-bins\/","title":{"rendered":"Bacs de rangement pour salles de classe"},"content":{"rendered":"<div data-elementor-type=\"wp-page\" data-elementor-id=\"16685\" class=\"elementor elementor-16685\" data-elementor-post-type=\"page\">\n\t\t\t\t\t\t<section class=\"elementor-section elementor-top-section elementor-element elementor-element-0f0899d elementor-section-boxed elementor-section-height-default elementor-section-height-default\" data-id=\"0f0899d\" data-element_type=\"section\" data-e-type=\"section\" data-settings=\"{&quot;background_background&quot;:&quot;classic&quot;,&quot;ekit_has_onepagescroll_dot&quot;:&quot;yes&quot;}\">\n\t\t\t\t\t\t\t<div class=\"elementor-background-overlay\"><\/div>\n\t\t\t\t\t\t\t<div class=\"elementor-container elementor-column-gap-default\">\n\t\t\t\t\t<div class=\"elementor-column elementor-col-50 elementor-top-column elementor-element elementor-element-88df093\" data-id=\"88df093\" data-element_type=\"column\" data-e-type=\"column\">\n\t\t\t<div class=\"elementor-widget-wrap elementor-element-populated\">\n\t\t\t\t\t\t<div class=\"elementor-element elementor-element-b25b7c6 elementor-widget elementor-widget-elementskit-heading\" data-id=\"b25b7c6\" data-element_type=\"widget\" data-e-type=\"widget\" data-settings=\"{&quot;ekit_we_effect_on&quot;:&quot;none&quot;}\" data-widget_type=\"elementskit-heading.default\">\n\t\t\t\t<div class=\"elementor-widget-container\">\n\t\t\t\t\t<div class=\"ekit-wid-con\" ><div class=\"ekit-heading elementskit-section-title-wraper text_left   ekit_heading_tablet-   ekit_heading_mobile-\"><h1 class=\"ekit-heading--title elementskit-section-title\">Bacs de rangement pour salles de classe<\/h1>\t\t\t\t<div class='ekit-heading__description'>\n\t\t\t\t\t<p>Une classe bien organis\u00e9e favorise un fonctionnement optimal. Nos bacs de rangement sont con\u00e7us pour ranger jouets, livres, fournitures artistiques et autres fournitures pr\u00e9scolaires de mani\u00e8re ordonn\u00e9e et facile d&#039;acc\u00e8s. Ces fournitures pr\u00e9scolaires sont disponibles en diff\u00e9rentes tailles et couleurs pour s&#039;adapter \u00e0 votre espace et faciliter le rangement. Gr\u00e2ce \u00e0 des \u00e9tiquettes claires ou \u00e0 un code couleur, m\u00eame les plus jeunes enfants peuvent apprendre o\u00f9 ranger leurs affaires. Les bacs de rangement contribuent \u00e0 cr\u00e9er un environnement de classe ordonn\u00e9 et accueillant, o\u00f9 les enfants peuvent se concentrer sur l&#039;apprentissage et le jeu.<br \/><!-- notionvc: 8d637965-986c-43f1-b4ae-d5a1b8210128 --><\/p>\n\t\t\t\t<\/div>\n\t\t\t<\/div><\/div>\t\t\t\t<\/div>\n\t\t\t\t<\/div>\n\t\t\t\t<div class=\"elementor-element elementor-element-7066da9 elementor-align-left elementor-widget elementor-widget-button\" data-id=\"7066da9\" data-element_type=\"widget\" data-e-type=\"widget\" data-settings=\"{&quot;ekit_we_effect_on&quot;:&quot;none&quot;}\" data-widget_type=\"button.default\">\n\t\t\t\t<div class=\"elementor-widget-container\">\n\t\t\t\t\t\t\t\t\t<div class=\"elementor-button-wrapper\">\n\t\t\t\t\t<a class=\"elementor-button elementor-button-link elementor-size-sm\" href=\"#elementor-action%3Aaction%3Dpopup%3Aopen%26settings%3DeyJpZCI6IjExMDAyIiwidG9nZ2xlIjpmYWxzZX0%3D\">\n\t\t\t\t\t\t<span class=\"elementor-button-content-wrapper\">\n\t\t\t\t\t\t\t\t\t<span class=\"elementor-button-text\">Obtenez un devis gratuit<\/span>\n\t\t\t\t\t<\/span>\n\t\t\t\t\t<\/a>\n\t\t\t\t<\/div>\n\t\t\t\t\t\t\t\t<\/div>\n\t\t\t\t<\/div>\n\t\t\t\t\t<\/div>\n\t\t<\/div>\n\t\t\t\t<div class=\"elementor-column elementor-col-50 elementor-top-column elementor-element elementor-element-e3c1fe4\" data-id=\"e3c1fe4\" data-element_type=\"column\" data-e-type=\"column\">\n\t\t\t<div class=\"elementor-widget-wrap elementor-element-populated\">\n\t\t\t\t\t\t<div class=\"elementor-element elementor-element-cf8f56b elementor-widget elementor-widget-image\" data-id=\"cf8f56b\" data-element_type=\"widget\" data-e-type=\"widget\" data-settings=\"{&quot;ekit_we_effect_on&quot;:&quot;none&quot;}\" data-widget_type=\"image.default\">\n\t\t\t\t<div class=\"elementor-widget-container\">\n\t\t\t\t\t\t\t\t\t\t\t\t\t\t\t<img fetchpriority=\"high\" decoding=\"async\" width=\"800\" height=\"560\" src=\"https:\/\/xiairworld.com\/wp-content\/uploads\/2025\/07\/Classroom-Storage-Bins.webp\" class=\"attachment-large size-large wp-image-16813\" alt=\"Bacs de rangement pour salles de classe\" srcset=\"https:\/\/xiairworld.com\/wp-content\/uploads\/2025\/07\/Classroom-Storage-Bins.webp 1000w, https:\/\/xiairworld.com\/wp-content\/uploads\/2025\/07\/Classroom-Storage-Bins-300x210.webp 300w, https:\/\/xiairworld.com\/wp-content\/uploads\/2025\/07\/Classroom-Storage-Bins-768x538.webp 768w, https:\/\/xiairworld.com\/wp-content\/uploads\/2025\/07\/Classroom-Storage-Bins-18x12.webp 18w, https:\/\/xiairworld.com\/wp-content\/uploads\/2025\/07\/Classroom-Storage-Bins-600x420.webp 600w\" sizes=\"(max-width: 800px) 100vw, 800px\" \/>\t\t\t\t\t\t\t\t\t\t\t\t\t\t\t<\/div>\n\t\t\t\t<\/div>\n\t\t\t\t\t<\/div>\n\t\t<\/div>\n\t\t\t\t\t<\/div>\n\t\t<\/section>\n\t\t\t\t<\/div>","protected":false},"excerpt":{"rendered":"<p>Classroom Storage Bins Keeping a classroom organized helps everything run more smoothly. Our classroom storage bins are made to hold toys, books, art supplies, and other preschool materials in a neat and easy-to-reach way. These preschool supplies come in different sizes and colors to fit your space and make cleanup quick and simple. With clear [&hellip;]<\/p>\n","protected":false},"author":1,"featured_media":0,"parent":0,"menu_order":0,"comment_status":"closed","ping_status":"closed","template":"","meta":{"footnotes":""},"class_list":["post-16685","page","type-page","status-publish","hentry"],"_links":{"self":[{"href":"https:\/\/xiairworld.com\/fr\/wp-json\/wp\/v2\/pages\/16685","targetHints":{"allow":["GET"]}}],"collection":[{"href":"https:\/\/xiairworld.com\/fr\/wp-json\/wp\/v2\/pages"}],"about":[{"href":"https:\/\/xiairworld.com\/fr\/wp-json\/wp\/v2\/types\/page"}],"author":[{"embeddable":true,"href":"https:\/\/xiairworld.com\/fr\/wp-json\/wp\/v2\/users\/1"}],"replies":[{"embeddable":true,"href":"https:\/\/xiairworld.com\/fr\/wp-json\/wp\/v2\/comments?post=16685"}],"version-history":[{"count":0,"href":"https:\/\/xiairworld.com\/fr\/wp-json\/wp\/v2\/pages\/16685\/revisions"}],"wp:attachment":[{"href":"https:\/\/xiairworld.com\/fr\/wp-json\/wp\/v2\/media?parent=16685"}],"curies":[{"name":"wp","href":"https:\/\/api.w.org\/{rel}","templated":true}]}}