{"id":16695,"date":"2025-07-11T15:35:52","date_gmt":"2025-07-11T07:35:52","guid":{"rendered":"https:\/\/xiairworld.com\/?page_id=16695"},"modified":"2025-07-18T18:30:52","modified_gmt":"2025-07-18T10:30:52","slug":"equipement-dequilibrage","status":"publish","type":"page","link":"https:\/\/xiairworld.com\/fr\/balance-equipment\/","title":{"rendered":"Solde \u00c9quipement"},"content":{"rendered":"<div data-elementor-type=\"wp-page\" data-elementor-id=\"16695\" class=\"elementor elementor-16695\" data-elementor-post-type=\"page\">\n\t\t\t\t\t\t<section class=\"elementor-section elementor-top-section elementor-element elementor-element-f548d34 elementor-section-boxed elementor-section-height-default elementor-section-height-default\" data-id=\"f548d34\" data-element_type=\"section\" data-e-type=\"section\" data-settings=\"{&quot;background_background&quot;:&quot;classic&quot;,&quot;ekit_has_onepagescroll_dot&quot;:&quot;yes&quot;}\">\n\t\t\t\t\t\t\t<div class=\"elementor-background-overlay\"><\/div>\n\t\t\t\t\t\t\t<div class=\"elementor-container elementor-column-gap-default\">\n\t\t\t\t\t<div class=\"elementor-column elementor-col-50 elementor-top-column elementor-element elementor-element-990921c\" data-id=\"990921c\" data-element_type=\"column\" data-e-type=\"column\">\n\t\t\t<div class=\"elementor-widget-wrap elementor-element-populated\">\n\t\t\t\t\t\t<div class=\"elementor-element elementor-element-393584a elementor-widget elementor-widget-elementskit-heading\" data-id=\"393584a\" data-element_type=\"widget\" data-e-type=\"widget\" data-settings=\"{&quot;ekit_we_effect_on&quot;:&quot;none&quot;}\" data-widget_type=\"elementskit-heading.default\">\n\t\t\t\t<div class=\"elementor-widget-container\">\n\t\t\t\t\t<div class=\"ekit-wid-con\" ><div class=\"ekit-heading elementskit-section-title-wraper text_left   ekit_heading_tablet-   ekit_heading_mobile-\"><h1 class=\"ekit-heading--title elementskit-section-title\">Solde \u00c9quipement<\/h1>\t\t\t\t<div class='ekit-heading__description'>\n\t\t\t\t\t<p>Les \u00e9quipements d&#039;\u00e9quilibre aident les tout-petits et les enfants d&#039;\u00e2ge pr\u00e9scolaire \u00e0 d\u00e9velopper leur coordination, leur conscience corporelle et leur confiance en eux. Des poutres aux tremplins en passant par les planches d&#039;\u00e9quilibre, ces \u00e9quipements de salle de jeux encouragent une activit\u00e9 physique s\u00e9curitaire et favorisent le d\u00e9veloppement de la motricit\u00e9 globale. Utilisables pendant les r\u00e9cr\u00e9ations, les parcours d&#039;obstacles ou les jeux de mouvement, ils constituent un atout pr\u00e9cieux pour une aire de jeux int\u00e9rieure. Ils sont parfaits pour l&#039;apprentissage actif et la d\u00e9tente dans les environnements de la petite enfance.<br \/><!-- notionvc: 8d637965-986c-43f1-b4ae-d5a1b8210128 --><\/p>\n\t\t\t\t<\/div>\n\t\t\t<\/div><\/div>\t\t\t\t<\/div>\n\t\t\t\t<\/div>\n\t\t\t\t<div class=\"elementor-element elementor-element-6ca5ad9 elementor-align-left elementor-widget elementor-widget-button\" data-id=\"6ca5ad9\" data-element_type=\"widget\" data-e-type=\"widget\" data-settings=\"{&quot;ekit_we_effect_on&quot;:&quot;none&quot;}\" data-widget_type=\"button.default\">\n\t\t\t\t<div class=\"elementor-widget-container\">\n\t\t\t\t\t\t\t\t\t<div class=\"elementor-button-wrapper\">\n\t\t\t\t\t<a class=\"elementor-button elementor-button-link elementor-size-sm\" href=\"#elementor-action%3Aaction%3Dpopup%3Aopen%26settings%3DeyJpZCI6IjExMDAyIiwidG9nZ2xlIjpmYWxzZX0%3D\">\n\t\t\t\t\t\t<span class=\"elementor-button-content-wrapper\">\n\t\t\t\t\t\t\t\t\t<span class=\"elementor-button-text\">Obtenez un devis gratuit<\/span>\n\t\t\t\t\t<\/span>\n\t\t\t\t\t<\/a>\n\t\t\t\t<\/div>\n\t\t\t\t\t\t\t\t<\/div>\n\t\t\t\t<\/div>\n\t\t\t\t\t<\/div>\n\t\t<\/div>\n\t\t\t\t<div class=\"elementor-column elementor-col-50 elementor-top-column elementor-element elementor-element-014916a\" data-id=\"014916a\" data-element_type=\"column\" data-e-type=\"column\">\n\t\t\t<div class=\"elementor-widget-wrap elementor-element-populated\">\n\t\t\t\t\t\t<div class=\"elementor-element elementor-element-e78f531 elementor-widget elementor-widget-image\" data-id=\"e78f531\" data-element_type=\"widget\" data-e-type=\"widget\" data-settings=\"{&quot;ekit_we_effect_on&quot;:&quot;none&quot;}\" data-widget_type=\"image.default\">\n\t\t\t\t<div class=\"elementor-widget-container\">\n\t\t\t\t\t\t\t\t\t\t\t\t\t\t\t<img fetchpriority=\"high\" decoding=\"async\" width=\"800\" height=\"560\" src=\"https:\/\/xiairworld.com\/wp-content\/uploads\/2025\/07\/Balance-Equipment.webp\" class=\"attachment-large size-large wp-image-16840\" alt=\"Solde \u00c9quipement\" srcset=\"https:\/\/xiairworld.com\/wp-content\/uploads\/2025\/07\/Balance-Equipment.webp 1000w, https:\/\/xiairworld.com\/wp-content\/uploads\/2025\/07\/Balance-Equipment-300x210.webp 300w, https:\/\/xiairworld.com\/wp-content\/uploads\/2025\/07\/Balance-Equipment-768x538.webp 768w, https:\/\/xiairworld.com\/wp-content\/uploads\/2025\/07\/Balance-Equipment-18x12.webp 18w, https:\/\/xiairworld.com\/wp-content\/uploads\/2025\/07\/Balance-Equipment-600x420.webp 600w\" sizes=\"(max-width: 800px) 100vw, 800px\" \/>\t\t\t\t\t\t\t\t\t\t\t\t\t\t\t<\/div>\n\t\t\t\t<\/div>\n\t\t\t\t\t<\/div>\n\t\t<\/div>\n\t\t\t\t\t<\/div>\n\t\t<\/section>\n\t\t\t\t<\/div>","protected":false},"excerpt":{"rendered":"<p>Balance Equipment Balance equipment helps toddlers and preschoolers build coordination, body awareness, and confidence. From balance beams to stepping stones and wobble boards, this type of playroom equipment encourages safe physical activity and supports gross motor skill development. Balance equipment can be used during playtime, obstacle courses, or movement games, making it a valuable part [&hellip;]<\/p>\n","protected":false},"author":1,"featured_media":0,"parent":0,"menu_order":0,"comment_status":"closed","ping_status":"closed","template":"","meta":{"footnotes":""},"class_list":["post-16695","page","type-page","status-publish","hentry"],"_links":{"self":[{"href":"https:\/\/xiairworld.com\/fr\/wp-json\/wp\/v2\/pages\/16695","targetHints":{"allow":["GET"]}}],"collection":[{"href":"https:\/\/xiairworld.com\/fr\/wp-json\/wp\/v2\/pages"}],"about":[{"href":"https:\/\/xiairworld.com\/fr\/wp-json\/wp\/v2\/types\/page"}],"author":[{"embeddable":true,"href":"https:\/\/xiairworld.com\/fr\/wp-json\/wp\/v2\/users\/1"}],"replies":[{"embeddable":true,"href":"https:\/\/xiairworld.com\/fr\/wp-json\/wp\/v2\/comments?post=16695"}],"version-history":[{"count":0,"href":"https:\/\/xiairworld.com\/fr\/wp-json\/wp\/v2\/pages\/16695\/revisions"}],"wp:attachment":[{"href":"https:\/\/xiairworld.com\/fr\/wp-json\/wp\/v2\/media?parent=16695"}],"curies":[{"name":"wp","href":"https:\/\/api.w.org\/{rel}","templated":true}]}}