{"id":16701,"date":"2025-07-11T15:38:31","date_gmt":"2025-07-11T07:38:31","guid":{"rendered":"https:\/\/xiairworld.com\/?page_id=16701"},"modified":"2025-07-18T18:37:11","modified_gmt":"2025-07-18T10:37:11","slug":"salle-de-sport-pour-bebe","status":"publish","type":"page","link":"https:\/\/xiairworld.com\/fr\/baby-gym\/","title":{"rendered":"Baby Gym"},"content":{"rendered":"<div data-elementor-type=\"wp-page\" data-elementor-id=\"16701\" class=\"elementor elementor-16701\" data-elementor-post-type=\"page\">\n\t\t\t\t\t\t<section class=\"elementor-section elementor-top-section elementor-element elementor-element-4ac96a8 elementor-section-boxed elementor-section-height-default elementor-section-height-default\" data-id=\"4ac96a8\" data-element_type=\"section\" data-e-type=\"section\" data-settings=\"{&quot;background_background&quot;:&quot;classic&quot;,&quot;ekit_has_onepagescroll_dot&quot;:&quot;yes&quot;}\">\n\t\t\t\t\t\t\t<div class=\"elementor-background-overlay\"><\/div>\n\t\t\t\t\t\t\t<div class=\"elementor-container elementor-column-gap-default\">\n\t\t\t\t\t<div class=\"elementor-column elementor-col-50 elementor-top-column elementor-element elementor-element-ab90703\" data-id=\"ab90703\" data-element_type=\"column\" data-e-type=\"column\">\n\t\t\t<div class=\"elementor-widget-wrap elementor-element-populated\">\n\t\t\t\t\t\t<div class=\"elementor-element elementor-element-99fa28f elementor-widget elementor-widget-elementskit-heading\" data-id=\"99fa28f\" data-element_type=\"widget\" data-e-type=\"widget\" data-settings=\"{&quot;ekit_we_effect_on&quot;:&quot;none&quot;}\" data-widget_type=\"elementskit-heading.default\">\n\t\t\t\t<div class=\"elementor-widget-container\">\n\t\t\t\t\t<div class=\"ekit-wid-con\" ><div class=\"ekit-heading elementskit-section-title-wraper text_left   ekit_heading_tablet-   ekit_heading_mobile-\"><h1 class=\"ekit-heading--title elementskit-section-title\">Baby Gym<\/h1>\t\t\t\t<div class='ekit-heading__description'>\n\t\t\t\t\t<p>Un portique pour b\u00e9b\u00e9 est un moyen amusant et s\u00fbr pour les tout-petits d&#039;explorer le mouvement et le jeu sensoriel. Con\u00e7us pour favoriser le d\u00e9veloppement pr\u00e9coce, ces portiques comprennent des tapis moelleux, des jouets suspendus et des cadres qui encouragent les b\u00e9b\u00e9s \u00e0 attraper, \u00e0 donner des coups de pied et \u00e0 s&#039;\u00e9tirer. Ce type de jeu contribue \u00e0 d\u00e9velopper la motricit\u00e9, la coordination \u0153il-main et la concentration. Un portique pour b\u00e9b\u00e9 est un compl\u00e9ment id\u00e9al \u00e0 toute salle de jeux pour les nourrissons de moins de 12 mois, offrant \u00e0 la fois divertissement et apprentissage dans un m\u00eame espace.<br \/><!-- notionvc: 8d637965-986c-43f1-b4ae-d5a1b8210128 --><\/p>\n\t\t\t\t<\/div>\n\t\t\t<\/div><\/div>\t\t\t\t<\/div>\n\t\t\t\t<\/div>\n\t\t\t\t<div class=\"elementor-element elementor-element-5f7d1cd elementor-align-left elementor-widget elementor-widget-button\" data-id=\"5f7d1cd\" data-element_type=\"widget\" data-e-type=\"widget\" data-settings=\"{&quot;ekit_we_effect_on&quot;:&quot;none&quot;}\" data-widget_type=\"button.default\">\n\t\t\t\t<div class=\"elementor-widget-container\">\n\t\t\t\t\t\t\t\t\t<div class=\"elementor-button-wrapper\">\n\t\t\t\t\t<a class=\"elementor-button elementor-button-link elementor-size-sm\" href=\"#elementor-action%3Aaction%3Dpopup%3Aopen%26settings%3DeyJpZCI6IjExMDAyIiwidG9nZ2xlIjpmYWxzZX0%3D\">\n\t\t\t\t\t\t<span class=\"elementor-button-content-wrapper\">\n\t\t\t\t\t\t\t\t\t<span class=\"elementor-button-text\">Obtenez un devis gratuit<\/span>\n\t\t\t\t\t<\/span>\n\t\t\t\t\t<\/a>\n\t\t\t\t<\/div>\n\t\t\t\t\t\t\t\t<\/div>\n\t\t\t\t<\/div>\n\t\t\t\t\t<\/div>\n\t\t<\/div>\n\t\t\t\t<div class=\"elementor-column elementor-col-50 elementor-top-column elementor-element elementor-element-b5ca74e\" data-id=\"b5ca74e\" data-element_type=\"column\" data-e-type=\"column\">\n\t\t\t<div class=\"elementor-widget-wrap elementor-element-populated\">\n\t\t\t\t\t\t<div class=\"elementor-element elementor-element-053d7fd elementor-widget elementor-widget-image\" data-id=\"053d7fd\" data-element_type=\"widget\" data-e-type=\"widget\" data-settings=\"{&quot;ekit_we_effect_on&quot;:&quot;none&quot;}\" data-widget_type=\"image.default\">\n\t\t\t\t<div class=\"elementor-widget-container\">\n\t\t\t\t\t\t\t\t\t\t\t\t\t\t\t<img fetchpriority=\"high\" decoding=\"async\" width=\"800\" height=\"560\" src=\"https:\/\/xiairworld.com\/wp-content\/uploads\/2025\/07\/Baby-Gym.webp\" class=\"attachment-large size-large wp-image-16852\" alt=\"Baby Gym\" srcset=\"https:\/\/xiairworld.com\/wp-content\/uploads\/2025\/07\/Baby-Gym.webp 1000w, https:\/\/xiairworld.com\/wp-content\/uploads\/2025\/07\/Baby-Gym-300x210.webp 300w, https:\/\/xiairworld.com\/wp-content\/uploads\/2025\/07\/Baby-Gym-768x538.webp 768w, https:\/\/xiairworld.com\/wp-content\/uploads\/2025\/07\/Baby-Gym-18x12.webp 18w, https:\/\/xiairworld.com\/wp-content\/uploads\/2025\/07\/Baby-Gym-600x420.webp 600w\" sizes=\"(max-width: 800px) 100vw, 800px\" \/>\t\t\t\t\t\t\t\t\t\t\t\t\t\t\t<\/div>\n\t\t\t\t<\/div>\n\t\t\t\t\t<\/div>\n\t\t<\/div>\n\t\t\t\t\t<\/div>\n\t\t<\/section>\n\t\t\t\t<\/div>","protected":false},"excerpt":{"rendered":"<p>Baby Gym A baby gym is a fun and safe way for little ones to explore movement and sensory play. Designed to support early development, these baby gyms include soft mats, hanging toys, and frames that encourage babies to reach, kick, and stretch. This kind of play helps improve motor skills, hand-eye coordination, and focus. [&hellip;]<\/p>\n","protected":false},"author":1,"featured_media":0,"parent":0,"menu_order":0,"comment_status":"closed","ping_status":"closed","template":"","meta":{"footnotes":""},"class_list":["post-16701","page","type-page","status-publish","hentry"],"_links":{"self":[{"href":"https:\/\/xiairworld.com\/fr\/wp-json\/wp\/v2\/pages\/16701","targetHints":{"allow":["GET"]}}],"collection":[{"href":"https:\/\/xiairworld.com\/fr\/wp-json\/wp\/v2\/pages"}],"about":[{"href":"https:\/\/xiairworld.com\/fr\/wp-json\/wp\/v2\/types\/page"}],"author":[{"embeddable":true,"href":"https:\/\/xiairworld.com\/fr\/wp-json\/wp\/v2\/users\/1"}],"replies":[{"embeddable":true,"href":"https:\/\/xiairworld.com\/fr\/wp-json\/wp\/v2\/comments?post=16701"}],"version-history":[{"count":0,"href":"https:\/\/xiairworld.com\/fr\/wp-json\/wp\/v2\/pages\/16701\/revisions"}],"wp:attachment":[{"href":"https:\/\/xiairworld.com\/fr\/wp-json\/wp\/v2\/media?parent=16701"}],"curies":[{"name":"wp","href":"https:\/\/api.w.org\/{rel}","templated":true}]}}