{"id":16675,"date":"2025-07-11T15:10:12","date_gmt":"2025-07-11T07:10:12","guid":{"rendered":"https:\/\/xiairworld.com\/?page_id=16675"},"modified":"2025-07-11T17:12:27","modified_gmt":"2025-07-11T09:12:27","slug":"domek-dla-dzieci","status":"publish","type":"page","link":"https:\/\/xiairworld.com\/pl\/kids-playhouse\/","title":{"rendered":"Domek dla dzieci"},"content":{"rendered":"<div data-elementor-type=\"wp-page\" data-elementor-id=\"16675\" class=\"elementor elementor-16675\" data-elementor-post-type=\"page\">\n\t\t\t\t\t\t<section class=\"elementor-section elementor-top-section elementor-element elementor-element-cce8a9e elementor-section-boxed elementor-section-height-default elementor-section-height-default\" data-id=\"cce8a9e\" data-element_type=\"section\" data-e-type=\"section\" data-settings=\"{&quot;background_background&quot;:&quot;classic&quot;,&quot;ekit_has_onepagescroll_dot&quot;:&quot;yes&quot;}\">\n\t\t\t\t\t\t\t<div class=\"elementor-background-overlay\"><\/div>\n\t\t\t\t\t\t\t<div class=\"elementor-container elementor-column-gap-default\">\n\t\t\t\t\t<div class=\"elementor-column elementor-col-50 elementor-top-column elementor-element elementor-element-76d8a9f\" data-id=\"76d8a9f\" data-element_type=\"column\" data-e-type=\"column\">\n\t\t\t<div class=\"elementor-widget-wrap elementor-element-populated\">\n\t\t\t\t\t\t<div class=\"elementor-element elementor-element-a4419e3 elementor-widget elementor-widget-elementskit-heading\" data-id=\"a4419e3\" data-element_type=\"widget\" data-e-type=\"widget\" data-settings=\"{&quot;ekit_we_effect_on&quot;:&quot;none&quot;}\" data-widget_type=\"elementskit-heading.default\">\n\t\t\t\t<div class=\"elementor-widget-container\">\n\t\t\t\t\t<div class=\"ekit-wid-con\" ><div class=\"ekit-heading elementskit-section-title-wraper text_left   ekit_heading_tablet-   ekit_heading_mobile-\"><h1 class=\"ekit-heading--title elementskit-section-title\">Domek dla dzieci<\/h1>\t\t\t\t<div class='ekit-heading__description'>\n\t\t\t\t\t<p>Domek do zabawy na podw\u00f3rku przedszkolnym to co\u015b wi\u0119cej ni\u017c tylko schronienie \u2013 to punkt wyj\u015bcia do nieko\u0144cz\u0105cych si\u0119 opowie\u015bci i przyg\u00f3d. Dzieci zamieniaj\u0105 prosty domek do zabawy na \u015bwie\u017cym powietrzu w dom, sklep lub zamek, ucz\u0105c si\u0119 przy tym dzielenia si\u0119, wsp\u00f3\u0142pracy i wykorzystywania wyobra\u017ani. Dzi\u0119ki solidnemu domkowi zabawa na \u015bwie\u017cym powietrzu staje si\u0119 bogatsza i bardziej warto\u015bciowa, daj\u0105c ka\u017cdemu dziecku wyj\u0105tkowe miejsce do tworzenia, odkrywania i budowania przyja\u017ani.<br \/><!-- notionvc: 8d637965-986c-43f1-b4ae-d5a1b8210128 --><\/p>\n\t\t\t\t<\/div>\n\t\t\t<\/div><\/div>\t\t\t\t<\/div>\n\t\t\t\t<\/div>\n\t\t\t\t<div class=\"elementor-element elementor-element-ef70927 elementor-align-left elementor-widget elementor-widget-button\" data-id=\"ef70927\" data-element_type=\"widget\" data-e-type=\"widget\" data-settings=\"{&quot;ekit_we_effect_on&quot;:&quot;none&quot;}\" data-widget_type=\"button.default\">\n\t\t\t\t<div class=\"elementor-widget-container\">\n\t\t\t\t\t\t\t\t\t<div class=\"elementor-button-wrapper\">\n\t\t\t\t\t<a class=\"elementor-button elementor-button-link elementor-size-sm\" href=\"#elementor-action%3Aaction%3Dpopup%3Aopen%26settings%3DeyJpZCI6IjExMDAyIiwidG9nZ2xlIjpmYWxzZX0%3D\">\n\t\t\t\t\t\t<span class=\"elementor-button-content-wrapper\">\n\t\t\t\t\t\t\t\t\t<span class=\"elementor-button-text\">Uzyskaj bezp\u0142atn\u0105 wycen\u0119<\/span>\n\t\t\t\t\t<\/span>\n\t\t\t\t\t<\/a>\n\t\t\t\t<\/div>\n\t\t\t\t\t\t\t\t<\/div>\n\t\t\t\t<\/div>\n\t\t\t\t\t<\/div>\n\t\t<\/div>\n\t\t\t\t<div class=\"elementor-column elementor-col-50 elementor-top-column elementor-element elementor-element-ed09cd4\" data-id=\"ed09cd4\" data-element_type=\"column\" data-e-type=\"column\">\n\t\t\t<div class=\"elementor-widget-wrap elementor-element-populated\">\n\t\t\t\t\t\t<div class=\"elementor-element elementor-element-fd2483f elementor-widget elementor-widget-image\" data-id=\"fd2483f\" data-element_type=\"widget\" data-e-type=\"widget\" data-settings=\"{&quot;ekit_we_effect_on&quot;:&quot;none&quot;}\" data-widget_type=\"image.default\">\n\t\t\t\t<div class=\"elementor-widget-container\">\n\t\t\t\t\t\t\t\t\t\t\t\t\t\t\t<img fetchpriority=\"high\" decoding=\"async\" width=\"800\" height=\"560\" src=\"https:\/\/xiairworld.com\/wp-content\/uploads\/2025\/07\/Kids-Playhouse.webp\" class=\"attachment-large size-large wp-image-16764\" alt=\"Domek dla dzieci\" srcset=\"https:\/\/xiairworld.com\/wp-content\/uploads\/2025\/07\/Kids-Playhouse.webp 1000w, https:\/\/xiairworld.com\/wp-content\/uploads\/2025\/07\/Kids-Playhouse-300x210.webp 300w, https:\/\/xiairworld.com\/wp-content\/uploads\/2025\/07\/Kids-Playhouse-768x538.webp 768w, https:\/\/xiairworld.com\/wp-content\/uploads\/2025\/07\/Kids-Playhouse-18x12.webp 18w, https:\/\/xiairworld.com\/wp-content\/uploads\/2025\/07\/Kids-Playhouse-600x420.webp 600w\" sizes=\"(max-width: 800px) 100vw, 800px\" \/>\t\t\t\t\t\t\t\t\t\t\t\t\t\t\t<\/div>\n\t\t\t\t<\/div>\n\t\t\t\t\t<\/div>\n\t\t<\/div>\n\t\t\t\t\t<\/div>\n\t\t<\/section>\n\t\t\t\t<\/div>","protected":false},"excerpt":{"rendered":"<p>Kids Playhouse A playhouse in the preschool yard is more than just a shelter\u2014it\u2019s a starting point for endless stories and adventures. Children turn a simple outdoor playhouse into a home, a shop, or a castle, learning to share, cooperate, and use their imagination along the way. With a sturdy kids playhouse, outdoor play becomes [&hellip;]<\/p>\n","protected":false},"author":1,"featured_media":0,"parent":0,"menu_order":0,"comment_status":"closed","ping_status":"closed","template":"","meta":{"footnotes":""},"class_list":["post-16675","page","type-page","status-publish","hentry"],"_links":{"self":[{"href":"https:\/\/xiairworld.com\/pl\/wp-json\/wp\/v2\/pages\/16675","targetHints":{"allow":["GET"]}}],"collection":[{"href":"https:\/\/xiairworld.com\/pl\/wp-json\/wp\/v2\/pages"}],"about":[{"href":"https:\/\/xiairworld.com\/pl\/wp-json\/wp\/v2\/types\/page"}],"author":[{"embeddable":true,"href":"https:\/\/xiairworld.com\/pl\/wp-json\/wp\/v2\/users\/1"}],"replies":[{"embeddable":true,"href":"https:\/\/xiairworld.com\/pl\/wp-json\/wp\/v2\/comments?post=16675"}],"version-history":[{"count":0,"href":"https:\/\/xiairworld.com\/pl\/wp-json\/wp\/v2\/pages\/16675\/revisions"}],"wp:attachment":[{"href":"https:\/\/xiairworld.com\/pl\/wp-json\/wp\/v2\/media?parent=16675"}],"curies":[{"name":"wp","href":"https:\/\/api.w.org\/{rel}","templated":true}]}}