{"id":16679,"date":"2025-07-11T15:11:01","date_gmt":"2025-07-11T07:11:01","guid":{"rendered":"https:\/\/xiairworld.com\/?page_id=16679"},"modified":"2025-07-11T17:28:39","modified_gmt":"2025-07-11T09:28:39","slug":"aktywna-zabawa","status":"publish","type":"page","link":"https:\/\/xiairworld.com\/pl\/active-play\/","title":{"rendered":"Aktywna gra"},"content":{"rendered":"<div data-elementor-type=\"wp-page\" data-elementor-id=\"16679\" class=\"elementor elementor-16679\" data-elementor-post-type=\"page\">\n\t\t\t\t\t\t<section class=\"elementor-section elementor-top-section elementor-element elementor-element-02b1558 elementor-section-boxed elementor-section-height-default elementor-section-height-default\" data-id=\"02b1558\" data-element_type=\"section\" data-e-type=\"section\" data-settings=\"{&quot;background_background&quot;:&quot;classic&quot;,&quot;ekit_has_onepagescroll_dot&quot;:&quot;yes&quot;}\">\n\t\t\t\t\t\t\t<div class=\"elementor-background-overlay\"><\/div>\n\t\t\t\t\t\t\t<div class=\"elementor-container elementor-column-gap-default\">\n\t\t\t\t\t<div class=\"elementor-column elementor-col-50 elementor-top-column elementor-element elementor-element-44693e8\" data-id=\"44693e8\" data-element_type=\"column\" data-e-type=\"column\">\n\t\t\t<div class=\"elementor-widget-wrap elementor-element-populated\">\n\t\t\t\t\t\t<div class=\"elementor-element elementor-element-ec945b5 elementor-widget elementor-widget-elementskit-heading\" data-id=\"ec945b5\" data-element_type=\"widget\" data-e-type=\"widget\" data-settings=\"{&quot;ekit_we_effect_on&quot;:&quot;none&quot;}\" data-widget_type=\"elementskit-heading.default\">\n\t\t\t\t<div class=\"elementor-widget-container\">\n\t\t\t\t\t<div class=\"ekit-wid-con\" ><div class=\"ekit-heading elementskit-section-title-wraper text_left   ekit_heading_tablet-   ekit_heading_mobile-\"><h1 class=\"ekit-heading--title elementskit-section-title\">Aktywna gra<\/h1>\t\t\t\t<div class='ekit-heading__description'>\n\t\t\t\t\t<p>Aktywna zabawa to serce ka\u017cdego udanego dnia w przedszkolu. Proste sprz\u0119ty, takie jak woreczki z fasol\u0105, obr\u0119cze i pacho\u0142ki, zach\u0119caj\u0105 dzieci do skakania, biegania i wsp\u00f3lnego wymy\u015blania nowych gier. Te aktywno\u015bci zach\u0119caj\u0105 dzieci do ruchu, rozwijaj\u0105 koordynacj\u0119 i prac\u0119 zespo\u0142ow\u0105 oraz sprawiaj\u0105, \u017ce czas sp\u0119dzony na \u015bwie\u017cym powietrzu jest dla wszystkich \u015bwietn\u0105 zabaw\u0105. Dzi\u0119ki odpowiednim narz\u0119dziom do aktywnej zabawy, nauczyciele mog\u0105 zamieni\u0107 ka\u017cd\u0105 przestrze\u0144 w plac zabaw, kt\u00f3ry dostarczy im energii, \u015bmiechu i pozwoli im si\u0119 uczy\u0107.<br \/><!-- notionvc: 8d637965-986c-43f1-b4ae-d5a1b8210128 --><\/p>\n\t\t\t\t<\/div>\n\t\t\t<\/div><\/div>\t\t\t\t<\/div>\n\t\t\t\t<\/div>\n\t\t\t\t<div class=\"elementor-element elementor-element-7f01c7a elementor-align-left elementor-widget elementor-widget-button\" data-id=\"7f01c7a\" data-element_type=\"widget\" data-e-type=\"widget\" data-settings=\"{&quot;ekit_we_effect_on&quot;:&quot;none&quot;}\" data-widget_type=\"button.default\">\n\t\t\t\t<div class=\"elementor-widget-container\">\n\t\t\t\t\t\t\t\t\t<div class=\"elementor-button-wrapper\">\n\t\t\t\t\t<a class=\"elementor-button elementor-button-link elementor-size-sm\" href=\"#elementor-action%3Aaction%3Dpopup%3Aopen%26settings%3DeyJpZCI6IjExMDAyIiwidG9nZ2xlIjpmYWxzZX0%3D\">\n\t\t\t\t\t\t<span class=\"elementor-button-content-wrapper\">\n\t\t\t\t\t\t\t\t\t<span class=\"elementor-button-text\">Uzyskaj bezp\u0142atn\u0105 wycen\u0119<\/span>\n\t\t\t\t\t<\/span>\n\t\t\t\t\t<\/a>\n\t\t\t\t<\/div>\n\t\t\t\t\t\t\t\t<\/div>\n\t\t\t\t<\/div>\n\t\t\t\t\t<\/div>\n\t\t<\/div>\n\t\t\t\t<div class=\"elementor-column elementor-col-50 elementor-top-column elementor-element elementor-element-38b7835\" data-id=\"38b7835\" data-element_type=\"column\" data-e-type=\"column\">\n\t\t\t<div class=\"elementor-widget-wrap elementor-element-populated\">\n\t\t\t\t\t\t<div class=\"elementor-element elementor-element-56357c2 elementor-widget elementor-widget-image\" data-id=\"56357c2\" data-element_type=\"widget\" data-e-type=\"widget\" data-settings=\"{&quot;ekit_we_effect_on&quot;:&quot;none&quot;}\" data-widget_type=\"image.default\">\n\t\t\t\t<div class=\"elementor-widget-container\">\n\t\t\t\t\t\t\t\t\t\t\t\t\t\t\t<img fetchpriority=\"high\" decoding=\"async\" width=\"800\" height=\"560\" src=\"https:\/\/xiairworld.com\/wp-content\/uploads\/2025\/07\/Outdoor-Active-Play.webp\" class=\"attachment-large size-large wp-image-16776\" alt=\"Aktywna zabawa na \u015bwie\u017cym powietrzu\" srcset=\"https:\/\/xiairworld.com\/wp-content\/uploads\/2025\/07\/Outdoor-Active-Play.webp 1000w, https:\/\/xiairworld.com\/wp-content\/uploads\/2025\/07\/Outdoor-Active-Play-300x210.webp 300w, https:\/\/xiairworld.com\/wp-content\/uploads\/2025\/07\/Outdoor-Active-Play-768x538.webp 768w, https:\/\/xiairworld.com\/wp-content\/uploads\/2025\/07\/Outdoor-Active-Play-18x12.webp 18w, https:\/\/xiairworld.com\/wp-content\/uploads\/2025\/07\/Outdoor-Active-Play-600x420.webp 600w\" sizes=\"(max-width: 800px) 100vw, 800px\" \/>\t\t\t\t\t\t\t\t\t\t\t\t\t\t\t<\/div>\n\t\t\t\t<\/div>\n\t\t\t\t\t<\/div>\n\t\t<\/div>\n\t\t\t\t\t<\/div>\n\t\t<\/section>\n\t\t\t\t<\/div>","protected":false},"excerpt":{"rendered":"<p>Active Play Active play is at the heart of every great preschool day. Simple equipment like bean bags, hoops, and cones invites children to jump, run, and invent new games together. These activities keep kids moving, build coordination and teamwork, and make outdoor time fun for everyone. With the right tools for active play, teachers [&hellip;]<\/p>\n","protected":false},"author":1,"featured_media":0,"parent":0,"menu_order":0,"comment_status":"closed","ping_status":"closed","template":"","meta":{"footnotes":""},"class_list":["post-16679","page","type-page","status-publish","hentry"],"_links":{"self":[{"href":"https:\/\/xiairworld.com\/pl\/wp-json\/wp\/v2\/pages\/16679","targetHints":{"allow":["GET"]}}],"collection":[{"href":"https:\/\/xiairworld.com\/pl\/wp-json\/wp\/v2\/pages"}],"about":[{"href":"https:\/\/xiairworld.com\/pl\/wp-json\/wp\/v2\/types\/page"}],"author":[{"embeddable":true,"href":"https:\/\/xiairworld.com\/pl\/wp-json\/wp\/v2\/users\/1"}],"replies":[{"embeddable":true,"href":"https:\/\/xiairworld.com\/pl\/wp-json\/wp\/v2\/comments?post=16679"}],"version-history":[{"count":0,"href":"https:\/\/xiairworld.com\/pl\/wp-json\/wp\/v2\/pages\/16679\/revisions"}],"wp:attachment":[{"href":"https:\/\/xiairworld.com\/pl\/wp-json\/wp\/v2\/media?parent=16679"}],"curies":[{"name":"wp","href":"https:\/\/api.w.org\/{rel}","templated":true}]}}