{"id":16681,"date":"2025-07-11T15:11:25","date_gmt":"2025-07-11T07:11:25","guid":{"rendered":"https:\/\/xiairworld.com\/?page_id=16681"},"modified":"2025-07-11T17:32:37","modified_gmt":"2025-07-11T09:32:37","slug":"naczynia-dla-dzieci-2","status":"publish","type":"page","link":"https:\/\/xiairworld.com\/pl\/kids-dinnerware-2\/","title":{"rendered":"Zastawa sto\u0142owa dla dzieci"},"content":{"rendered":"<div data-elementor-type=\"wp-page\" data-elementor-id=\"16681\" class=\"elementor elementor-16681\" data-elementor-post-type=\"page\">\n\t\t\t\t\t\t<section class=\"elementor-section elementor-top-section elementor-element elementor-element-283c3f8 elementor-section-boxed elementor-section-height-default elementor-section-height-default\" data-id=\"283c3f8\" data-element_type=\"section\" data-e-type=\"section\" data-settings=\"{&quot;background_background&quot;:&quot;classic&quot;,&quot;ekit_has_onepagescroll_dot&quot;:&quot;yes&quot;}\">\n\t\t\t\t\t\t\t<div class=\"elementor-background-overlay\"><\/div>\n\t\t\t\t\t\t\t<div class=\"elementor-container elementor-column-gap-default\">\n\t\t\t\t\t<div class=\"elementor-column elementor-col-50 elementor-top-column elementor-element elementor-element-22a1764\" data-id=\"22a1764\" data-element_type=\"column\" data-e-type=\"column\">\n\t\t\t<div class=\"elementor-widget-wrap elementor-element-populated\">\n\t\t\t\t\t\t<div class=\"elementor-element elementor-element-17e5903 elementor-widget elementor-widget-elementskit-heading\" data-id=\"17e5903\" data-element_type=\"widget\" data-e-type=\"widget\" data-settings=\"{&quot;ekit_we_effect_on&quot;:&quot;none&quot;}\" data-widget_type=\"elementskit-heading.default\">\n\t\t\t\t<div class=\"elementor-widget-container\">\n\t\t\t\t\t<div class=\"ekit-wid-con\" ><div class=\"ekit-heading elementskit-section-title-wraper text_left   ekit_heading_tablet-   ekit_heading_mobile-\"><h1 class=\"ekit-heading--title elementskit-section-title\">Zastawa sto\u0142owa dla dzieci<\/h1>\t\t\t\t<div class='ekit-heading__description'>\n\t\t\t\t\t<p>Odpowiednia zastawa sto\u0142owa dla dzieci sprawia, \u017ce ka\u017cdy posi\u0142ek w przedszkolu jest \u0142atwiejszy i przyjemniejszy. Dzi\u0119ki talerzykom, miseczkom, kubkom i sztu\u0107com w rozmiarze dzieci\u0119cym, dzieci mog\u0105 wygodnie je\u015b\u0107 i pi\u0107 samodzielnie. Wytrzyma\u0142a, \u0142atwa w czyszczeniu zastawa sto\u0142owa pomaga nauczycielom serwowa\u0107 przek\u0105ski i posi\u0142ki, ograniczaj\u0105c ba\u0142agan i daj\u0105c dzieciom wi\u0119ksz\u0105 niezale\u017cno\u015b\u0107. Kolorowa i bezpieczna zastawa sto\u0142owa dla dzieci sprawia, \u017ce ka\u017cdy obiad lub przek\u0105ska staje si\u0119 okazj\u0105 do wyrobienia dobrych nawyk\u00f3w i wsp\u00f3lnego jedzenia.<br \/><!-- notionvc: 8d637965-986c-43f1-b4ae-d5a1b8210128 --><\/p>\n\t\t\t\t<\/div>\n\t\t\t<\/div><\/div>\t\t\t\t<\/div>\n\t\t\t\t<\/div>\n\t\t\t\t<div class=\"elementor-element elementor-element-569d5cc elementor-align-left elementor-widget elementor-widget-button\" data-id=\"569d5cc\" data-element_type=\"widget\" data-e-type=\"widget\" data-settings=\"{&quot;ekit_we_effect_on&quot;:&quot;none&quot;}\" data-widget_type=\"button.default\">\n\t\t\t\t<div class=\"elementor-widget-container\">\n\t\t\t\t\t\t\t\t\t<div class=\"elementor-button-wrapper\">\n\t\t\t\t\t<a class=\"elementor-button elementor-button-link elementor-size-sm\" href=\"#elementor-action%3Aaction%3Dpopup%3Aopen%26settings%3DeyJpZCI6IjExMDAyIiwidG9nZ2xlIjpmYWxzZX0%3D\">\n\t\t\t\t\t\t<span class=\"elementor-button-content-wrapper\">\n\t\t\t\t\t\t\t\t\t<span class=\"elementor-button-text\">Uzyskaj bezp\u0142atn\u0105 wycen\u0119<\/span>\n\t\t\t\t\t<\/span>\n\t\t\t\t\t<\/a>\n\t\t\t\t<\/div>\n\t\t\t\t\t\t\t\t<\/div>\n\t\t\t\t<\/div>\n\t\t\t\t\t<\/div>\n\t\t<\/div>\n\t\t\t\t<div class=\"elementor-column elementor-col-50 elementor-top-column elementor-element elementor-element-63f4ae4\" data-id=\"63f4ae4\" data-element_type=\"column\" data-e-type=\"column\">\n\t\t\t<div class=\"elementor-widget-wrap elementor-element-populated\">\n\t\t\t\t\t\t<div class=\"elementor-element elementor-element-10d1544 elementor-widget elementor-widget-image\" data-id=\"10d1544\" data-element_type=\"widget\" data-e-type=\"widget\" data-settings=\"{&quot;ekit_we_effect_on&quot;:&quot;none&quot;}\" data-widget_type=\"image.default\">\n\t\t\t\t<div class=\"elementor-widget-container\">\n\t\t\t\t\t\t\t\t\t\t\t\t\t\t\t<img fetchpriority=\"high\" decoding=\"async\" width=\"800\" height=\"560\" src=\"https:\/\/xiairworld.com\/wp-content\/uploads\/2025\/07\/Preschool-Kids-Dinnerware.webp\" class=\"attachment-large size-large wp-image-16780\" alt=\"Naczynia obiadowe dla dzieci w wieku przedszkolnym\" srcset=\"https:\/\/xiairworld.com\/wp-content\/uploads\/2025\/07\/Preschool-Kids-Dinnerware.webp 1000w, https:\/\/xiairworld.com\/wp-content\/uploads\/2025\/07\/Preschool-Kids-Dinnerware-300x210.webp 300w, https:\/\/xiairworld.com\/wp-content\/uploads\/2025\/07\/Preschool-Kids-Dinnerware-768x538.webp 768w, https:\/\/xiairworld.com\/wp-content\/uploads\/2025\/07\/Preschool-Kids-Dinnerware-18x12.webp 18w, https:\/\/xiairworld.com\/wp-content\/uploads\/2025\/07\/Preschool-Kids-Dinnerware-600x420.webp 600w\" sizes=\"(max-width: 800px) 100vw, 800px\" \/>\t\t\t\t\t\t\t\t\t\t\t\t\t\t\t<\/div>\n\t\t\t\t<\/div>\n\t\t\t\t\t<\/div>\n\t\t<\/div>\n\t\t\t\t\t<\/div>\n\t\t<\/section>\n\t\t\t\t<\/div>","protected":false},"excerpt":{"rendered":"<p>Kids Dinnerware The right kids dinnerware makes every preschool meal easier and more enjoyable. With child-sized plates, bowls, cups, and utensils, children can eat and drink comfortably on their own. Sturdy, easy-to-clean dinnerware helps teachers serve snacks and meals with less mess and more independence for every child. Colorful and safe, kids&#8217; dinnerware turns every [&hellip;]<\/p>\n","protected":false},"author":1,"featured_media":0,"parent":0,"menu_order":0,"comment_status":"closed","ping_status":"closed","template":"","meta":{"footnotes":""},"class_list":["post-16681","page","type-page","status-publish","hentry"],"_links":{"self":[{"href":"https:\/\/xiairworld.com\/pl\/wp-json\/wp\/v2\/pages\/16681","targetHints":{"allow":["GET"]}}],"collection":[{"href":"https:\/\/xiairworld.com\/pl\/wp-json\/wp\/v2\/pages"}],"about":[{"href":"https:\/\/xiairworld.com\/pl\/wp-json\/wp\/v2\/types\/page"}],"author":[{"embeddable":true,"href":"https:\/\/xiairworld.com\/pl\/wp-json\/wp\/v2\/users\/1"}],"replies":[{"embeddable":true,"href":"https:\/\/xiairworld.com\/pl\/wp-json\/wp\/v2\/comments?post=16681"}],"version-history":[{"count":0,"href":"https:\/\/xiairworld.com\/pl\/wp-json\/wp\/v2\/pages\/16681\/revisions"}],"wp:attachment":[{"href":"https:\/\/xiairworld.com\/pl\/wp-json\/wp\/v2\/media?parent=16681"}],"curies":[{"name":"wp","href":"https:\/\/api.w.org\/{rel}","templated":true}]}}