{"id":16691,"date":"2025-07-11T15:13:46","date_gmt":"2025-07-11T07:13:46","guid":{"rendered":"https:\/\/xiairworld.com\/?page_id=16691"},"modified":"2025-07-18T18:24:24","modified_gmt":"2025-07-18T10:24:24","slug":"ksiazki-dla-dzieci","status":"publish","type":"page","link":"https:\/\/xiairworld.com\/pl\/childrens-books\/","title":{"rendered":"Children&#8217;s Books"},"content":{"rendered":"<div data-elementor-type=\"wp-page\" data-elementor-id=\"16691\" class=\"elementor elementor-16691\" data-elementor-post-type=\"page\">\n\t\t\t\t\t\t<section class=\"elementor-section elementor-top-section elementor-element elementor-element-bc618b0 elementor-section-boxed elementor-section-height-default elementor-section-height-default\" data-id=\"bc618b0\" data-element_type=\"section\" data-e-type=\"section\" data-settings=\"{&quot;background_background&quot;:&quot;classic&quot;,&quot;ekit_has_onepagescroll_dot&quot;:&quot;yes&quot;}\">\n\t\t\t\t\t\t\t<div class=\"elementor-background-overlay\"><\/div>\n\t\t\t\t\t\t\t<div class=\"elementor-container elementor-column-gap-default\">\n\t\t\t\t\t<div class=\"elementor-column elementor-col-50 elementor-top-column elementor-element elementor-element-4433ba8\" data-id=\"4433ba8\" data-element_type=\"column\" data-e-type=\"column\">\n\t\t\t<div class=\"elementor-widget-wrap elementor-element-populated\">\n\t\t\t\t\t\t<div class=\"elementor-element elementor-element-f395881 elementor-widget elementor-widget-elementskit-heading\" data-id=\"f395881\" data-element_type=\"widget\" data-e-type=\"widget\" data-settings=\"{&quot;ekit_we_effect_on&quot;:&quot;none&quot;}\" data-widget_type=\"elementskit-heading.default\">\n\t\t\t\t<div class=\"elementor-widget-container\">\n\t\t\t\t\t<div class=\"ekit-wid-con\" ><div class=\"ekit-heading elementskit-section-title-wraper text_left   ekit_heading_tablet-   ekit_heading_mobile-\"><h1 class=\"ekit-heading--title elementskit-section-title\">Ksi\u0105\u017cki dla dzieci<\/h1>\t\t\t\t<div class='ekit-heading__description'>\n\t\t\t\t\t<p>Ksi\u0105\u017cki dla dzieci stanowi\u0105 wa\u017cn\u0105 cz\u0119\u015b\u0107 wyposa\u017cenia ka\u017cdego przedszkola. Pomagaj\u0105 ma\u0142ym dzieciom uczy\u0107 si\u0119 nowych s\u0142\u00f3w, rozumie\u0107 emocje i cieszy\u0107 si\u0119 chwil\u0105 spokoju dzi\u0119ki zabawnym i kolorowym historiom. Nasze artyku\u0142y dla przedszkolak\u00f3w obejmuj\u0105 szeroki wyb\u00f3r ksi\u0105\u017cek obrazkowych, ksi\u0105\u017ceczek z opowiadaniami i ksi\u0105\u017cek do wczesnej edukacji, kt\u00f3re wspieraj\u0105 rozw\u00f3j j\u0119zyka i pobudzaj\u0105 wyobra\u017ani\u0119. Niezale\u017cnie od tego, czy s\u0105 wykorzystywane podczas zaj\u0119\u0107 w kr\u0119gu, indywidualnego czytania, czy swobodnej zabawy, ksi\u0105\u017cki dla dzieci daj\u0105 dzieciom szans\u0119 na odkrywanie \u015bwiata poprzez historie stworzone specjalnie dla nich.<br \/><!-- notionvc: 8d637965-986c-43f1-b4ae-d5a1b8210128 --><\/p>\n\t\t\t\t<\/div>\n\t\t\t<\/div><\/div>\t\t\t\t<\/div>\n\t\t\t\t<\/div>\n\t\t\t\t<div class=\"elementor-element elementor-element-4e817f5 elementor-align-left elementor-widget elementor-widget-button\" data-id=\"4e817f5\" data-element_type=\"widget\" data-e-type=\"widget\" data-settings=\"{&quot;ekit_we_effect_on&quot;:&quot;none&quot;}\" data-widget_type=\"button.default\">\n\t\t\t\t<div class=\"elementor-widget-container\">\n\t\t\t\t\t\t\t\t\t<div class=\"elementor-button-wrapper\">\n\t\t\t\t\t<a class=\"elementor-button elementor-button-link elementor-size-sm\" href=\"#elementor-action%3Aaction%3Dpopup%3Aopen%26settings%3DeyJpZCI6IjExMDAyIiwidG9nZ2xlIjpmYWxzZX0%3D\">\n\t\t\t\t\t\t<span class=\"elementor-button-content-wrapper\">\n\t\t\t\t\t\t\t\t\t<span class=\"elementor-button-text\">Uzyskaj bezp\u0142atn\u0105 wycen\u0119<\/span>\n\t\t\t\t\t<\/span>\n\t\t\t\t\t<\/a>\n\t\t\t\t<\/div>\n\t\t\t\t\t\t\t\t<\/div>\n\t\t\t\t<\/div>\n\t\t\t\t\t<\/div>\n\t\t<\/div>\n\t\t\t\t<div class=\"elementor-column elementor-col-50 elementor-top-column elementor-element elementor-element-1437b67\" data-id=\"1437b67\" data-element_type=\"column\" data-e-type=\"column\">\n\t\t\t<div class=\"elementor-widget-wrap elementor-element-populated\">\n\t\t\t\t\t\t<div class=\"elementor-element elementor-element-ff78674 elementor-widget elementor-widget-image\" data-id=\"ff78674\" data-element_type=\"widget\" data-e-type=\"widget\" data-settings=\"{&quot;ekit_we_effect_on&quot;:&quot;none&quot;}\" data-widget_type=\"image.default\">\n\t\t\t\t<div class=\"elementor-widget-container\">\n\t\t\t\t\t\t\t\t\t\t\t\t\t\t\t<img fetchpriority=\"high\" decoding=\"async\" width=\"800\" height=\"560\" src=\"https:\/\/xiairworld.com\/wp-content\/uploads\/2025\/07\/Childrens-Books.webp\" class=\"attachment-large size-large wp-image-16826\" alt=\"Ksi\u0105\u017cki dla dzieci\" srcset=\"https:\/\/xiairworld.com\/wp-content\/uploads\/2025\/07\/Childrens-Books.webp 1000w, https:\/\/xiairworld.com\/wp-content\/uploads\/2025\/07\/Childrens-Books-300x210.webp 300w, https:\/\/xiairworld.com\/wp-content\/uploads\/2025\/07\/Childrens-Books-768x538.webp 768w, https:\/\/xiairworld.com\/wp-content\/uploads\/2025\/07\/Childrens-Books-18x12.webp 18w, https:\/\/xiairworld.com\/wp-content\/uploads\/2025\/07\/Childrens-Books-600x420.webp 600w\" sizes=\"(max-width: 800px) 100vw, 800px\" \/>\t\t\t\t\t\t\t\t\t\t\t\t\t\t\t<\/div>\n\t\t\t\t<\/div>\n\t\t\t\t\t<\/div>\n\t\t<\/div>\n\t\t\t\t\t<\/div>\n\t\t<\/section>\n\t\t\t\t<\/div>","protected":false},"excerpt":{"rendered":"<p>Children\u2019s Books Children\u2019s books are an important part of any preschool classroom. They help young children learn new words, understand emotions, and enjoy quiet time through fun and colorful stories. Our preschool supplies include a wide range of picture books, storybooks, and early learning books that support language development and spark imagination. Whether used during [&hellip;]<\/p>\n","protected":false},"author":1,"featured_media":0,"parent":0,"menu_order":0,"comment_status":"closed","ping_status":"closed","template":"","meta":{"footnotes":""},"class_list":["post-16691","page","type-page","status-publish","hentry"],"_links":{"self":[{"href":"https:\/\/xiairworld.com\/pl\/wp-json\/wp\/v2\/pages\/16691","targetHints":{"allow":["GET"]}}],"collection":[{"href":"https:\/\/xiairworld.com\/pl\/wp-json\/wp\/v2\/pages"}],"about":[{"href":"https:\/\/xiairworld.com\/pl\/wp-json\/wp\/v2\/types\/page"}],"author":[{"embeddable":true,"href":"https:\/\/xiairworld.com\/pl\/wp-json\/wp\/v2\/users\/1"}],"replies":[{"embeddable":true,"href":"https:\/\/xiairworld.com\/pl\/wp-json\/wp\/v2\/comments?post=16691"}],"version-history":[{"count":0,"href":"https:\/\/xiairworld.com\/pl\/wp-json\/wp\/v2\/pages\/16691\/revisions"}],"wp:attachment":[{"href":"https:\/\/xiairworld.com\/pl\/wp-json\/wp\/v2\/media?parent=16691"}],"curies":[{"name":"wp","href":"https:\/\/api.w.org\/{rel}","templated":true}]}}