{"id":16687,"date":"2025-07-11T15:12:31","date_gmt":"2025-07-11T07:12:31","guid":{"rendered":"https:\/\/xiairworld.com\/?page_id=16687"},"modified":"2025-07-18T18:20:38","modified_gmt":"2025-07-18T10:20:38","slug":"suprimentos-de-higiene","status":"publish","type":"page","link":"https:\/\/xiairworld.com\/pt\/hygiene-supplies\/","title":{"rendered":"Material de higiene"},"content":{"rendered":"<div data-elementor-type=\"wp-page\" data-elementor-id=\"16687\" class=\"elementor elementor-16687\" data-elementor-post-type=\"page\">\n\t\t\t\t\t\t<section class=\"elementor-section elementor-top-section elementor-element elementor-element-87b5f16 elementor-section-boxed elementor-section-height-default elementor-section-height-default\" data-id=\"87b5f16\" data-element_type=\"section\" data-e-type=\"section\" data-settings=\"{&quot;background_background&quot;:&quot;classic&quot;,&quot;ekit_has_onepagescroll_dot&quot;:&quot;yes&quot;}\">\n\t\t\t\t\t\t\t<div class=\"elementor-background-overlay\"><\/div>\n\t\t\t\t\t\t\t<div class=\"elementor-container elementor-column-gap-default\">\n\t\t\t\t\t<div class=\"elementor-column elementor-col-50 elementor-top-column elementor-element elementor-element-36eb6f5\" data-id=\"36eb6f5\" data-element_type=\"column\" data-e-type=\"column\">\n\t\t\t<div class=\"elementor-widget-wrap elementor-element-populated\">\n\t\t\t\t\t\t<div class=\"elementor-element elementor-element-7f10559 elementor-widget elementor-widget-elementskit-heading\" data-id=\"7f10559\" data-element_type=\"widget\" data-e-type=\"widget\" data-settings=\"{&quot;ekit_we_effect_on&quot;:&quot;none&quot;}\" data-widget_type=\"elementskit-heading.default\">\n\t\t\t\t<div class=\"elementor-widget-container\">\n\t\t\t\t\t<div class=\"ekit-wid-con\" ><div class=\"ekit-heading elementskit-section-title-wraper text_left   ekit_heading_tablet-   ekit_heading_mobile-\"><h1 class=\"ekit-heading--title elementskit-section-title\">Material de higiene<\/h1>\t\t\t\t<div class='ekit-heading__description'>\n\t\t\t\t\t<p>M\u00e3os limpas e h\u00e1bitos saud\u00e1veis come\u00e7am na sala de aula da pr\u00e9-escola. Nossos materiais de higiene ajudam professores e crian\u00e7as a manter o espa\u00e7o limpo e livre de germes. Oferecemos itens como len\u00e7os de papel, sabonete l\u00edquido, len\u00e7os umedecidos, toalhas de papel e \u00e1lcool em gel que s\u00e3o seguros e f\u00e1ceis de usar para crian\u00e7as pequenas. Esses materiais para a pr\u00e9-escola ajudam a ensinar \u00e0s crian\u00e7as a import\u00e2ncia de lavar as m\u00e3os, cobrir espirros e manter as \u00e1reas comuns limpas. Uma sala de aula limpa ajuda todos a se manterem saud\u00e1veis e prontos para aprender todos os dias.<br \/><!-- notionvc: 8d637965-986c-43f1-b4ae-d5a1b8210128 --><\/p>\n\t\t\t\t<\/div>\n\t\t\t<\/div><\/div>\t\t\t\t<\/div>\n\t\t\t\t<\/div>\n\t\t\t\t<div class=\"elementor-element elementor-element-50d4a43 elementor-align-left elementor-widget elementor-widget-button\" data-id=\"50d4a43\" data-element_type=\"widget\" data-e-type=\"widget\" data-settings=\"{&quot;ekit_we_effect_on&quot;:&quot;none&quot;}\" data-widget_type=\"button.default\">\n\t\t\t\t<div class=\"elementor-widget-container\">\n\t\t\t\t\t\t\t\t\t<div class=\"elementor-button-wrapper\">\n\t\t\t\t\t<a class=\"elementor-button elementor-button-link elementor-size-sm\" href=\"#elementor-action%3Aaction%3Dpopup%3Aopen%26settings%3DeyJpZCI6IjExMDAyIiwidG9nZ2xlIjpmYWxzZX0%3D\">\n\t\t\t\t\t\t<span class=\"elementor-button-content-wrapper\">\n\t\t\t\t\t\t\t\t\t<span class=\"elementor-button-text\">Obtenha um or\u00e7amento gratuito<\/span>\n\t\t\t\t\t<\/span>\n\t\t\t\t\t<\/a>\n\t\t\t\t<\/div>\n\t\t\t\t\t\t\t\t<\/div>\n\t\t\t\t<\/div>\n\t\t\t\t\t<\/div>\n\t\t<\/div>\n\t\t\t\t<div class=\"elementor-column elementor-col-50 elementor-top-column elementor-element elementor-element-d8b08de\" data-id=\"d8b08de\" data-element_type=\"column\" data-e-type=\"column\">\n\t\t\t<div class=\"elementor-widget-wrap elementor-element-populated\">\n\t\t\t\t\t\t<div class=\"elementor-element elementor-element-78fedbe elementor-widget elementor-widget-image\" data-id=\"78fedbe\" data-element_type=\"widget\" data-e-type=\"widget\" data-settings=\"{&quot;ekit_we_effect_on&quot;:&quot;none&quot;}\" data-widget_type=\"image.default\">\n\t\t\t\t<div class=\"elementor-widget-container\">\n\t\t\t\t\t\t\t\t\t\t\t\t\t\t\t<img fetchpriority=\"high\" decoding=\"async\" width=\"800\" height=\"560\" src=\"https:\/\/xiairworld.com\/wp-content\/uploads\/2025\/07\/Hygiene-Supplies.webp\" class=\"attachment-large size-large wp-image-16818\" alt=\"Material de higiene\" srcset=\"https:\/\/xiairworld.com\/wp-content\/uploads\/2025\/07\/Hygiene-Supplies.webp 1000w, https:\/\/xiairworld.com\/wp-content\/uploads\/2025\/07\/Hygiene-Supplies-300x210.webp 300w, https:\/\/xiairworld.com\/wp-content\/uploads\/2025\/07\/Hygiene-Supplies-768x538.webp 768w, https:\/\/xiairworld.com\/wp-content\/uploads\/2025\/07\/Hygiene-Supplies-18x12.webp 18w, https:\/\/xiairworld.com\/wp-content\/uploads\/2025\/07\/Hygiene-Supplies-600x420.webp 600w\" sizes=\"(max-width: 800px) 100vw, 800px\" \/>\t\t\t\t\t\t\t\t\t\t\t\t\t\t\t<\/div>\n\t\t\t\t<\/div>\n\t\t\t\t\t<\/div>\n\t\t<\/div>\n\t\t\t\t\t<\/div>\n\t\t<\/section>\n\t\t\t\t<\/div>","protected":false},"excerpt":{"rendered":"<p>Hygiene Supplies Clean hands and healthy habits start in the preschool classroom. Our hygiene supplies help teachers and children keep their space neat and germ-free. We offer items like tissues, hand soap, wipes, paper towels, and sanitizers that are safe and easy for young children to use. These preschool supplies help teach kids the importance [&hellip;]<\/p>\n","protected":false},"author":1,"featured_media":0,"parent":0,"menu_order":0,"comment_status":"closed","ping_status":"closed","template":"","meta":{"footnotes":""},"class_list":["post-16687","page","type-page","status-publish","hentry"],"_links":{"self":[{"href":"https:\/\/xiairworld.com\/pt\/wp-json\/wp\/v2\/pages\/16687","targetHints":{"allow":["GET"]}}],"collection":[{"href":"https:\/\/xiairworld.com\/pt\/wp-json\/wp\/v2\/pages"}],"about":[{"href":"https:\/\/xiairworld.com\/pt\/wp-json\/wp\/v2\/types\/page"}],"author":[{"embeddable":true,"href":"https:\/\/xiairworld.com\/pt\/wp-json\/wp\/v2\/users\/1"}],"replies":[{"embeddable":true,"href":"https:\/\/xiairworld.com\/pt\/wp-json\/wp\/v2\/comments?post=16687"}],"version-history":[{"count":0,"href":"https:\/\/xiairworld.com\/pt\/wp-json\/wp\/v2\/pages\/16687\/revisions"}],"wp:attachment":[{"href":"https:\/\/xiairworld.com\/pt\/wp-json\/wp\/v2\/media?parent=16687"}],"curies":[{"name":"wp","href":"https:\/\/api.w.org\/{rel}","templated":true}]}}