{"id":8589,"date":"2024-05-21T15:30:14","date_gmt":"2024-05-21T07:30:14","guid":{"rendered":"https:\/\/xiairworld.com\/?page_id=8589"},"modified":"2025-03-07T15:38:19","modified_gmt":"2025-03-07T07:38:19","slug":"brincar-de-ginastica","status":"publish","type":"page","link":"https:\/\/xiairworld.com\/pt\/play-gym\/","title":{"rendered":"Gin\u00e1sio de jogos"},"content":{"rendered":"<div data-elementor-type=\"wp-page\" data-elementor-id=\"8589\" class=\"elementor elementor-8589\" data-elementor-post-type=\"page\">\n\t\t\t\t\t\t<section class=\"elementor-section elementor-top-section elementor-element elementor-element-abfd052 elementor-section-full_width elementor-section-height-default elementor-section-height-default\" data-id=\"abfd052\" data-element_type=\"section\" data-e-type=\"section\" data-settings=\"{&quot;background_background&quot;:&quot;classic&quot;,&quot;ekit_has_onepagescroll_dot&quot;:&quot;yes&quot;}\">\n\t\t\t\t\t\t<div class=\"elementor-container elementor-column-gap-no\">\n\t\t\t\t\t<div class=\"elementor-column elementor-col-100 elementor-top-column elementor-element elementor-element-ca061ac\" data-id=\"ca061ac\" data-element_type=\"column\" data-e-type=\"column\">\n\t\t\t<div class=\"elementor-widget-wrap elementor-element-populated\">\n\t\t\t\t\t\t<div class=\"elementor-element elementor-element-41baf04 elementor-widget elementor-widget-elementskit-heading\" data-id=\"41baf04\" data-element_type=\"widget\" data-e-type=\"widget\" data-settings=\"{&quot;ekit_we_effect_on&quot;:&quot;none&quot;}\" data-widget_type=\"elementskit-heading.default\">\n\t\t\t\t<div class=\"elementor-widget-container\">\n\t\t\t\t\t<div class=\"ekit-wid-con\" ><div class=\"ekit-heading elementskit-section-title-wraper center   ekit_heading_tablet-   ekit_heading_mobile-\"><h1 class=\"ekit-heading--title elementskit-section-title\">Gin\u00e1sio de jogos<\/h1>\t\t\t\t<div class='ekit-heading__description'>\n\t\t\t\t\t<p>Explore nossa cole\u00e7\u00e3o Play Gym na Xiair World, projetada para promover a brincadeira ativa e o desenvolvimento das crian\u00e7as. Produzidas com materiais ecol\u00f3gicos para seguran\u00e7a e durabilidade, nossas academias de gin\u00e1stica estimulam as habilidades motoras, a coordena\u00e7\u00e3o e o equil\u00edbrio. Perfeitas para qualquer ambiente, elas garantem um aprendizado prazeroso e divers\u00e3o sem fim. Descubra aqui a academia de gin\u00e1stica ideal para o seu filho.<\/p>\n\t\t\t\t<\/div>\n\t\t\t<\/div><\/div>\t\t\t\t<\/div>\n\t\t\t\t<\/div>\n\t\t\t\t<section class=\"elementor-section elementor-inner-section elementor-element elementor-element-26b26f5 elementor-section-boxed elementor-section-height-default elementor-section-height-default\" data-id=\"26b26f5\" data-element_type=\"section\" data-e-type=\"section\" data-settings=\"{&quot;ekit_has_onepagescroll_dot&quot;:&quot;yes&quot;}\">\n\t\t\t\t\t\t<div class=\"elementor-container elementor-column-gap-default\">\n\t\t\t\t\t<div class=\"elementor-column elementor-col-50 elementor-inner-column elementor-element elementor-element-8a235bd\" data-id=\"8a235bd\" data-element_type=\"column\" data-e-type=\"column\" data-settings=\"{&quot;background_background&quot;:&quot;classic&quot;}\">\n\t\t\t<div class=\"elementor-widget-wrap elementor-element-populated\">\n\t\t\t\t\t\t<section class=\"elementor-section elementor-inner-section elementor-element elementor-element-82bd045 elementor-section-boxed elementor-section-height-default elementor-section-height-default\" data-id=\"82bd045\" data-element_type=\"section\" data-e-type=\"section\" data-settings=\"{&quot;background_background&quot;:&quot;classic&quot;,&quot;ekit_has_onepagescroll_dot&quot;:&quot;yes&quot;}\">\n\t\t\t\t\t\t<div class=\"elementor-container elementor-column-gap-default\">\n\t\t\t\t\t<div class=\"elementor-column elementor-col-100 elementor-inner-column elementor-element elementor-element-75a3d0f\" data-id=\"75a3d0f\" data-element_type=\"column\" data-e-type=\"column\">\n\t\t\t<div class=\"elementor-widget-wrap elementor-element-populated\">\n\t\t\t\t\t\t<div class=\"elementor-element elementor-element-33cf358 elementor-widget elementor-widget-heading\" data-id=\"33cf358\" data-element_type=\"widget\" data-e-type=\"widget\" data-settings=\"{&quot;ekit_we_effect_on&quot;:&quot;none&quot;}\" data-widget_type=\"heading.default\">\n\t\t\t\t<div class=\"elementor-widget-container\">\n\t\t\t\t\t<h2 class=\"elementor-heading-title elementor-size-default\">Categorias<\/h2>\t\t\t\t<\/div>\n\t\t\t\t<\/div>\n\t\t\t\t<div class=\"elementor-element elementor-element-62e32dd uael-submenu-icon-plus uael-nav-menu__align-left uael-link-redirect-child uael-nav-menu__breakpoint-tablet uael-nav-menu-toggle-label-no elementor-widget elementor-widget-uael-nav-menu\" data-id=\"62e32dd\" data-element_type=\"widget\" data-e-type=\"widget\" data-settings=\"{&quot;ekit_we_effect_on&quot;:&quot;none&quot;}\" data-widget_type=\"uael-nav-menu.default\">\n\t\t\t\t<div class=\"elementor-widget-container\">\n\t\t\t\t\t\t\t<div class=\"uael-nav-menu uael-layout-vertical uael-nav-menu-layout\" data-layout=\"vertical\">\n\t\t\t\t<div role=\"button\" class=\"uael-nav-menu__toggle elementor-clickable\">\n\t\t\t\t\t<span class=\"screen-reader-text\">Menu principal<\/span>\n\t\t\t\t\t<div class=\"uael-nav-menu-icon\">\n\t\t\t\t\t\t<i aria-hidden=\"true\" class=\"fas fa-align-justify\"><\/i>\t\t\t\t\t<\/div>\n\t\t\t\t\t\t\t\t\t<\/div>\n\t\t\t\t\t\t\t\t\t\t<nav class=\"uael-nav-menu__layout-vertical uael-nav-menu__submenu-plus\" data-toggle-icon=\"&lt;i aria-hidden=&quot;true&quot; class=&quot;fas fa-align-justify&quot;&gt;&lt;\/i&gt;\" data-close-icon=\"&lt;i aria-hidden=&quot;true&quot; class=&quot;far fa-window-close&quot;&gt;&lt;\/i&gt;\" data-full-width=\"yes\">\n\t\t\t <ul class=\"uael-nav-menu uael-nav-menu-custom uael-custom-wrapper\"><li class=\"menu-item menu-item-has-children parent parent-has-no-child elementor-repeater-item-3d9bf3e\" data-dropdown-width=\"default\" data-dropdown-pos=\"left\"><a href=\"https:\/\/xiairworld.com\/pt\/moveis-de-sala-de-aula\/\" target=\"_blank\" class='uael-menu-item'>M\u00f3veis de sala de aula<span class='uael-menu-toggle sub-arrow parent-item'><i class='fa'><\/i><\/span><\/a><li class=\"menu-item menu-item-has-children parent parent-has-no-child elementor-repeater-item-9e8f2a4\" data-dropdown-width=\"default\" data-dropdown-pos=\"left\"><a href=\"https:\/\/xiairworld.com\/pt\/brinquedos-de-sala-de-aula\/\" target=\"_blank\" class='uael-menu-item'>Brinquedos de sala de aula<span class='uael-menu-toggle sub-arrow parent-item'><i class='fa'><\/i><\/span><\/a><li class=\"menu-item menu-item-has-children parent parent-has-no-child elementor-repeater-item-118e6ec\" data-dropdown-width=\"default\" data-dropdown-pos=\"left\"><a href=\"https:\/\/xiairworld.com\/pt\/moveis-de-exterior\/\" target=\"_blank\" class='uael-menu-item'>M\u00f3veis para \u00e1rea externa<span class='uael-menu-toggle sub-arrow parent-item'><i class='fa'><\/i><\/span><\/a><li class=\"menu-item menu-item-has-children parent parent-has-no-child elementor-repeater-item-69947d1\" data-dropdown-width=\"default\" data-dropdown-pos=\"left\"><a href=\"https:\/\/xiairworld.com\/pt\/materiais-pre-escolares\/\" target=\"_blank\" class='uael-menu-item'>Material pr\u00e9-escolar<span class='uael-menu-toggle sub-arrow parent-item'><i class='fa'><\/i><\/span><\/a><li class=\"menu-item menu-item-has-children parent parent-has-no-child elementor-repeater-item-280a69e\" data-dropdown-width=\"default\" data-dropdown-pos=\"left\"><a href=\"https:\/\/xiairworld.com\/pt\/brincar-de-ginastica\/\" target=\"_blank\" class='uael-menu-item'>Gin\u00e1sio de jogos<span class='uael-menu-toggle sub-arrow parent-item'><i class='fa'><\/i><\/span><\/a><\/ul>\t\t<\/nav>\n\t\t\t\t\t\t\t<\/div>\n\t\t\t\t\t\t\t<\/div>\n\t\t\t\t<\/div>\n\t\t\t\t\t<\/div>\n\t\t<\/div>\n\t\t\t\t\t<\/div>\n\t\t<\/section>\n\t\t\t\t\t<\/div>\n\t\t<\/div>\n\t\t\t\t<div class=\"elementor-column elementor-col-50 elementor-inner-column elementor-element elementor-element-32184e4\" data-id=\"32184e4\" data-element_type=\"column\" data-e-type=\"column\">\n\t\t\t<div class=\"elementor-widget-wrap elementor-element-populated\">\n\t\t\t\t\t\t<section class=\"elementor-section elementor-inner-section elementor-element elementor-element-d715001 elementor-section-boxed elementor-section-height-default elementor-section-height-default\" data-id=\"d715001\" data-element_type=\"section\" data-e-type=\"section\" data-settings=\"{&quot;ekit_has_onepagescroll_dot&quot;:&quot;yes&quot;}\">\n\t\t\t\t\t\t<div class=\"elementor-container elementor-column-gap-default\">\n\t\t\t\t\t<div class=\"elementor-column elementor-col-33 elementor-inner-column elementor-element elementor-element-d158de6\" data-id=\"d158de6\" data-element_type=\"column\" data-e-type=\"column\">\n\t\t\t<div class=\"elementor-widget-wrap elementor-element-populated\">\n\t\t\t\t\t\t<div class=\"elementor-element elementor-element-35471c6 ekit-equal-height-disable elementor-widget elementor-widget-elementskit-image-box\" data-id=\"35471c6\" data-element_type=\"widget\" data-e-type=\"widget\" data-settings=\"{&quot;ekit_we_effect_on&quot;:&quot;none&quot;}\" data-widget_type=\"elementskit-image-box.default\">\n\t\t\t\t<div class=\"elementor-widget-container\">\n\t\t\t\t\t<div class=\"ekit-wid-con\" >\n            <div class=\"elementskit-info-image-box ekit-image-box text-left style-sideline\" >\n\n                \n                <div class=\"elementskit-box-header image-box-img-left\">\n\n                    <img fetchpriority=\"high\" decoding=\"async\" width=\"1000\" height=\"800\" src=\"https:\/\/xiairworld.com\/wp-content\/uploads\/2024\/05\/Climbing-Frame.webp\" class=\"attachment-full size-full wp-image-8673\" alt=\"Estrutura de escalada\" srcset=\"https:\/\/xiairworld.com\/wp-content\/uploads\/2024\/05\/Climbing-Frame.webp 1000w, https:\/\/xiairworld.com\/wp-content\/uploads\/2024\/05\/Climbing-Frame-300x240.webp 300w, https:\/\/xiairworld.com\/wp-content\/uploads\/2024\/05\/Climbing-Frame-768x614.webp 768w, https:\/\/xiairworld.com\/wp-content\/uploads\/2024\/05\/Climbing-Frame-600x480.webp 600w\" sizes=\"(max-width: 1000px) 100vw, 1000px\" \/>\n                <\/div>\n                \n                <div class=\"elementskit-box-body ekit-image-box-body\">\n                    <div class=\"elementskit-box-content ekit-image-box-body-inner\">\n                                                <h2 class=\"elementskit-info-box-title\">\n\n                        Estrutura de escalada\n                        \n                    <\/h2>\n                                                            <div class=\"elementskit-box-style-content\">\n                        Robusto e seguro, perfeito para fomentar esp\u00edritos aventureiros em ambientes seguros.                    <\/div>\n                                    <\/div>\n\n                                <div class=\"elementskit-box-footer\">\n                    <div class=\"box-footer\">\n                        <div class=\"btn-wraper\">\n                                                            <a href=\"#elementor-action%3Aaction%3Dpopup%3Aopen%26settings%3DeyJpZCI6IjExMDAyIiwidG9nZ2xlIjpmYWxzZX0%3D\" class=\"elementskit-btn whitespace--normal\">\n                                    Ver mais\n                                    <i aria-hidden=\"true\" class=\"icon icon-arrow-right\"><\/i>\n                                <\/a>\n                                                        <\/div>\n                    <\/div>\n                <\/div>\n                            <\/div>\n            <\/div>\n    <\/div>\t\t\t\t<\/div>\n\t\t\t\t<\/div>\n\t\t\t\t\t<\/div>\n\t\t<\/div>\n\t\t\t\t<div class=\"elementor-column elementor-col-33 elementor-inner-column elementor-element elementor-element-63b8330\" data-id=\"63b8330\" data-element_type=\"column\" data-e-type=\"column\" data-settings=\"{&quot;background_background&quot;:&quot;classic&quot;}\">\n\t\t\t<div class=\"elementor-widget-wrap elementor-element-populated\">\n\t\t\t\t\t\t<div class=\"elementor-element elementor-element-a2d043e ekit-equal-height-disable elementor-widget elementor-widget-elementskit-image-box\" data-id=\"a2d043e\" data-element_type=\"widget\" data-e-type=\"widget\" data-settings=\"{&quot;ekit_we_effect_on&quot;:&quot;none&quot;}\" data-widget_type=\"elementskit-image-box.default\">\n\t\t\t\t<div class=\"elementor-widget-container\">\n\t\t\t\t\t<div class=\"ekit-wid-con\" >\n            <div class=\"elementskit-info-image-box ekit-image-box text-left style-sideline\" >\n\n                \n                <div class=\"elementskit-box-header image-box-img-left\">\n\n                    <img decoding=\"async\" width=\"1000\" height=\"800\" src=\"https:\/\/xiairworld.com\/wp-content\/uploads\/2024\/05\/learning-tower.webp\" class=\"attachment-full size-full wp-image-8677\" alt=\"torre de aprendizagem\" srcset=\"https:\/\/xiairworld.com\/wp-content\/uploads\/2024\/05\/learning-tower.webp 1000w, https:\/\/xiairworld.com\/wp-content\/uploads\/2024\/05\/learning-tower-300x240.webp 300w, https:\/\/xiairworld.com\/wp-content\/uploads\/2024\/05\/learning-tower-768x614.webp 768w, https:\/\/xiairworld.com\/wp-content\/uploads\/2024\/05\/learning-tower-600x480.webp 600w\" sizes=\"(max-width: 1000px) 100vw, 1000px\" \/>\n                <\/div>\n                \n                <div class=\"elementskit-box-body ekit-image-box-body\">\n                    <div class=\"elementskit-box-content ekit-image-box-body-inner\">\n                                                <h2 class=\"elementskit-info-box-title\">\n\n                        Torre de Aprendizagem\n                        \n                    <\/h2>\n                                                            <div class=\"elementskit-box-style-content\">\n                        Permita o acesso seguro a novas alturas, tornando as atividades na cozinha agrad\u00e1veis e seguras para as crian\u00e7as.                    <\/div>\n                                    <\/div>\n\n                                <div class=\"elementskit-box-footer\">\n                    <div class=\"box-footer\">\n                        <div class=\"btn-wraper\">\n                                                            <a href=\"#elementor-action%3Aaction%3Dpopup%3Aopen%26settings%3DeyJpZCI6IjExMDAyIiwidG9nZ2xlIjpmYWxzZX0%3D\" class=\"elementskit-btn whitespace--normal\">\n                                    Ver mais\n                                    <i aria-hidden=\"true\" class=\"icon icon-arrow-right\"><\/i>\n                                <\/a>\n                                                        <\/div>\n                    <\/div>\n                <\/div>\n                            <\/div>\n            <\/div>\n    <\/div>\t\t\t\t<\/div>\n\t\t\t\t<\/div>\n\t\t\t\t\t<\/div>\n\t\t<\/div>\n\t\t\t\t<div class=\"elementor-column elementor-col-33 elementor-inner-column elementor-element elementor-element-c507c20\" data-id=\"c507c20\" data-element_type=\"column\" data-e-type=\"column\" data-settings=\"{&quot;background_background&quot;:&quot;classic&quot;}\">\n\t\t\t<div class=\"elementor-widget-wrap elementor-element-populated\">\n\t\t\t\t\t\t<div class=\"elementor-element elementor-element-d3e3516 ekit-equal-height-disable elementor-widget elementor-widget-elementskit-image-box\" data-id=\"d3e3516\" data-element_type=\"widget\" data-e-type=\"widget\" data-settings=\"{&quot;ekit_we_effect_on&quot;:&quot;none&quot;}\" data-widget_type=\"elementskit-image-box.default\">\n\t\t\t\t<div class=\"elementor-widget-container\">\n\t\t\t\t\t<div class=\"ekit-wid-con\" >\n            <div class=\"elementskit-info-image-box ekit-image-box text-left style-sideline\" >\n\n                \n                <div class=\"elementskit-box-header image-box-img-left\">\n\n                    <img decoding=\"async\" width=\"1000\" height=\"800\" src=\"https:\/\/xiairworld.com\/wp-content\/uploads\/2024\/05\/balance-beam.webp\" class=\"attachment-full size-full wp-image-8676\" alt=\"trave de equil\u00edbrio\" srcset=\"https:\/\/xiairworld.com\/wp-content\/uploads\/2024\/05\/balance-beam.webp 1000w, https:\/\/xiairworld.com\/wp-content\/uploads\/2024\/05\/balance-beam-300x240.webp 300w, https:\/\/xiairworld.com\/wp-content\/uploads\/2024\/05\/balance-beam-768x614.webp 768w, https:\/\/xiairworld.com\/wp-content\/uploads\/2024\/05\/balance-beam-600x480.webp 600w\" sizes=\"(max-width: 1000px) 100vw, 1000px\" \/>\n                <\/div>\n                \n                <div class=\"elementskit-box-body ekit-image-box-body\">\n                    <div class=\"elementskit-box-content ekit-image-box-body-inner\">\n                                                <h2 class=\"elementskit-info-box-title\">\n\n                        Trave de equil\u00edbrio\n                        \n                    <\/h2>\n                                                            <div class=\"elementskit-box-style-content\">\n                        Meticulosamente elaborado para proporcionar estabilidade, auxiliando as crian\u00e7as a dominar suas habilidades de equil\u00edbrio.                    <\/div>\n                                    <\/div>\n\n                                <div class=\"elementskit-box-footer\">\n                    <div class=\"box-footer\">\n                        <div class=\"btn-wraper\">\n                                                            <a href=\"#elementor-action%3Aaction%3Dpopup%3Aopen%26settings%3DeyJpZCI6IjExMDAyIiwidG9nZ2xlIjpmYWxzZX0%3D\" class=\"elementskit-btn whitespace--normal\">\n                                    Ver mais\n                                    <i aria-hidden=\"true\" class=\"icon icon-arrow-right\"><\/i>\n                                <\/a>\n                                                        <\/div>\n                    <\/div>\n                <\/div>\n                            <\/div>\n            <\/div>\n    <\/div>\t\t\t\t<\/div>\n\t\t\t\t<\/div>\n\t\t\t\t\t<\/div>\n\t\t<\/div>\n\t\t\t\t\t<\/div>\n\t\t<\/section>\n\t\t\t\t<section class=\"elementor-section elementor-inner-section elementor-element elementor-element-43b6caa elementor-section-boxed elementor-section-height-default elementor-section-height-default\" data-id=\"43b6caa\" data-element_type=\"section\" data-e-type=\"section\" data-settings=\"{&quot;ekit_has_onepagescroll_dot&quot;:&quot;yes&quot;}\">\n\t\t\t\t\t\t<div class=\"elementor-container elementor-column-gap-default\">\n\t\t\t\t\t<div class=\"elementor-column elementor-col-50 elementor-inner-column elementor-element elementor-element-30d5854\" data-id=\"30d5854\" data-element_type=\"column\" data-e-type=\"column\" data-settings=\"{&quot;background_background&quot;:&quot;classic&quot;}\">\n\t\t\t<div class=\"elementor-widget-wrap elementor-element-populated\">\n\t\t\t\t\t\t<div class=\"elementor-element elementor-element-d399d74 ekit-equal-height-disable elementor-widget elementor-widget-elementskit-image-box\" data-id=\"d399d74\" data-element_type=\"widget\" data-e-type=\"widget\" data-settings=\"{&quot;ekit_we_effect_on&quot;:&quot;none&quot;}\" data-widget_type=\"elementskit-image-box.default\">\n\t\t\t\t<div class=\"elementor-widget-container\">\n\t\t\t\t\t<div class=\"ekit-wid-con\" >\n            <div class=\"elementskit-info-image-box ekit-image-box text-left style-sideline\" >\n\n                \n                <div class=\"elementskit-box-header image-box-img-left\">\n\n                    <img loading=\"lazy\" decoding=\"async\" width=\"1000\" height=\"800\" src=\"https:\/\/xiairworld.com\/wp-content\/uploads\/2024\/05\/stepping-stones.webp\" class=\"attachment-full size-full wp-image-8675\" alt=\"degraus\" srcset=\"https:\/\/xiairworld.com\/wp-content\/uploads\/2024\/05\/stepping-stones.webp 1000w, https:\/\/xiairworld.com\/wp-content\/uploads\/2024\/05\/stepping-stones-300x240.webp 300w, https:\/\/xiairworld.com\/wp-content\/uploads\/2024\/05\/stepping-stones-768x614.webp 768w, https:\/\/xiairworld.com\/wp-content\/uploads\/2024\/05\/stepping-stones-600x480.webp 600w\" sizes=\"(max-width: 1000px) 100vw, 1000px\" \/>\n                <\/div>\n                \n                <div class=\"elementskit-box-body ekit-image-box-body\">\n                    <div class=\"elementskit-box-content ekit-image-box-body-inner\">\n                                                <h2 class=\"elementskit-info-box-title\">\n\n                        Pedras de passagem\n                        \n                    <\/h2>\n                                                            <div class=\"elementskit-box-style-content\">\n                        Projetadas com precis\u00e3o, nossas Stepping Stones apresentam superf\u00edcies antiderrapantes para maior seguran\u00e7a e brincadeiras interativas.                    <\/div>\n                                    <\/div>\n\n                                <div class=\"elementskit-box-footer\">\n                    <div class=\"box-footer\">\n                        <div class=\"btn-wraper\">\n                                                            <a href=\"#elementor-action%3Aaction%3Dpopup%3Aopen%26settings%3DeyJpZCI6IjExMDAyIiwidG9nZ2xlIjpmYWxzZX0%3D\" class=\"elementskit-btn whitespace--normal\">\n                                    Ver mais\n                                    <i aria-hidden=\"true\" class=\"icon icon-arrow-right\"><\/i>\n                                <\/a>\n                                                        <\/div>\n                    <\/div>\n                <\/div>\n                            <\/div>\n            <\/div>\n    <\/div>\t\t\t\t<\/div>\n\t\t\t\t<\/div>\n\t\t\t\t\t<\/div>\n\t\t<\/div>\n\t\t\t\t<div class=\"elementor-column elementor-col-50 elementor-inner-column elementor-element elementor-element-c9134a5\" data-id=\"c9134a5\" data-element_type=\"column\" data-e-type=\"column\" data-settings=\"{&quot;background_background&quot;:&quot;classic&quot;}\">\n\t\t\t<div class=\"elementor-widget-wrap elementor-element-populated\">\n\t\t\t\t\t\t<div class=\"elementor-element elementor-element-aebd696 ekit-equal-height-disable elementor-widget elementor-widget-elementskit-image-box\" data-id=\"aebd696\" data-element_type=\"widget\" data-e-type=\"widget\" data-settings=\"{&quot;ekit_we_effect_on&quot;:&quot;none&quot;}\" data-widget_type=\"elementskit-image-box.default\">\n\t\t\t\t<div class=\"elementor-widget-container\">\n\t\t\t\t\t<div class=\"ekit-wid-con\" >\n            <div class=\"elementskit-info-image-box ekit-image-box text-left style-sideline\" >\n\n                \n                <div class=\"elementskit-box-header image-box-img-left\">\n\n                    <img loading=\"lazy\" decoding=\"async\" width=\"1000\" height=\"800\" src=\"https:\/\/xiairworld.com\/wp-content\/uploads\/2024\/05\/wooden-slide.webp\" class=\"attachment-full size-full wp-image-8674\" alt=\"escorregador de madeira\" srcset=\"https:\/\/xiairworld.com\/wp-content\/uploads\/2024\/05\/wooden-slide.webp 1000w, https:\/\/xiairworld.com\/wp-content\/uploads\/2024\/05\/wooden-slide-300x240.webp 300w, https:\/\/xiairworld.com\/wp-content\/uploads\/2024\/05\/wooden-slide-768x614.webp 768w, https:\/\/xiairworld.com\/wp-content\/uploads\/2024\/05\/wooden-slide-600x480.webp 600w\" sizes=\"(max-width: 1000px) 100vw, 1000px\" \/>\n                <\/div>\n                \n                <div class=\"elementskit-box-body ekit-image-box-body\">\n                    <div class=\"elementskit-box-content ekit-image-box-body-inner\">\n                                                <h2 class=\"elementskit-info-box-title\">\n\n                        Escorregador de madeira\n                        \n                    <\/h2>\n                                                            <div class=\"elementskit-box-style-content\">\n                        Feitos de madeira de alta qualidade, nossos escorregadores oferecem uma experi\u00eancia de deslizamento suave e agrad\u00e1vel.                    <\/div>\n                                    <\/div>\n\n                                <div class=\"elementskit-box-footer\">\n                    <div class=\"box-footer\">\n                        <div class=\"btn-wraper\">\n                                                            <a href=\"#elementor-action%3Aaction%3Dpopup%3Aopen%26settings%3DeyJpZCI6IjExMDAyIiwidG9nZ2xlIjpmYWxzZX0%3D\" class=\"elementskit-btn whitespace--normal\">\n                                    Ver mais\n                                    <i aria-hidden=\"true\" class=\"icon icon-arrow-right\"><\/i>\n                                <\/a>\n                                                        <\/div>\n                    <\/div>\n                <\/div>\n                            <\/div>\n            <\/div>\n    <\/div>\t\t\t\t<\/div>\n\t\t\t\t<\/div>\n\t\t\t\t\t<\/div>\n\t\t<\/div>\n\t\t\t\t\t<\/div>\n\t\t<\/section>\n\t\t\t\t\t<\/div>\n\t\t<\/div>\n\t\t\t\t\t<\/div>\n\t\t<\/section>\n\t\t\t\t\t<\/div>\n\t\t<\/div>\n\t\t\t\t\t<\/div>\n\t\t<\/section>\n\t\t\t\t<\/div>","protected":false},"excerpt":{"rendered":"<p>Play Gym Explore our Play Gym collection at Xiair World, which is designed to foster active play and development in young children. Crafted with eco-friendly materials for safety and durability, our play gyms stimulate motor skills, coordination, and balance. Perfect for any setting, they ensure joyful learning and endless fun. Discover the ideal play gym [&hellip;]<\/p>\n","protected":false},"author":1,"featured_media":0,"parent":0,"menu_order":0,"comment_status":"closed","ping_status":"closed","template":"","meta":{"footnotes":""},"class_list":["post-8589","page","type-page","status-publish","hentry"],"_links":{"self":[{"href":"https:\/\/xiairworld.com\/pt\/wp-json\/wp\/v2\/pages\/8589","targetHints":{"allow":["GET"]}}],"collection":[{"href":"https:\/\/xiairworld.com\/pt\/wp-json\/wp\/v2\/pages"}],"about":[{"href":"https:\/\/xiairworld.com\/pt\/wp-json\/wp\/v2\/types\/page"}],"author":[{"embeddable":true,"href":"https:\/\/xiairworld.com\/pt\/wp-json\/wp\/v2\/users\/1"}],"replies":[{"embeddable":true,"href":"https:\/\/xiairworld.com\/pt\/wp-json\/wp\/v2\/comments?post=8589"}],"version-history":[{"count":0,"href":"https:\/\/xiairworld.com\/pt\/wp-json\/wp\/v2\/pages\/8589\/revisions"}],"wp:attachment":[{"href":"https:\/\/xiairworld.com\/pt\/wp-json\/wp\/v2\/media?parent=8589"}],"curies":[{"name":"wp","href":"https:\/\/api.w.org\/{rel}","templated":true}]}}