{"id":16701,"date":"2025-07-11T15:38:31","date_gmt":"2025-07-11T07:38:31","guid":{"rendered":"https:\/\/xiairworld.com\/?page_id=16701"},"modified":"2025-07-18T18:37:11","modified_gmt":"2025-07-18T10:37:11","slug":"babygym","status":"publish","type":"page","link":"https:\/\/xiairworld.com\/sv\/baby-gym\/","title":{"rendered":"Baby Gym"},"content":{"rendered":"<div data-elementor-type=\"wp-page\" data-elementor-id=\"16701\" class=\"elementor elementor-16701\" data-elementor-post-type=\"page\">\n\t\t\t\t\t\t<section class=\"elementor-section elementor-top-section elementor-element elementor-element-4ac96a8 elementor-section-boxed elementor-section-height-default elementor-section-height-default\" data-id=\"4ac96a8\" data-element_type=\"section\" data-e-type=\"section\" data-settings=\"{&quot;background_background&quot;:&quot;classic&quot;,&quot;ekit_has_onepagescroll_dot&quot;:&quot;yes&quot;}\">\n\t\t\t\t\t\t\t<div class=\"elementor-background-overlay\"><\/div>\n\t\t\t\t\t\t\t<div class=\"elementor-container elementor-column-gap-default\">\n\t\t\t\t\t<div class=\"elementor-column elementor-col-50 elementor-top-column elementor-element elementor-element-ab90703\" data-id=\"ab90703\" data-element_type=\"column\" data-e-type=\"column\">\n\t\t\t<div class=\"elementor-widget-wrap elementor-element-populated\">\n\t\t\t\t\t\t<div class=\"elementor-element elementor-element-99fa28f elementor-widget elementor-widget-elementskit-heading\" data-id=\"99fa28f\" data-element_type=\"widget\" data-e-type=\"widget\" data-settings=\"{&quot;ekit_we_effect_on&quot;:&quot;none&quot;}\" data-widget_type=\"elementskit-heading.default\">\n\t\t\t\t<div class=\"elementor-widget-container\">\n\t\t\t\t\t<div class=\"ekit-wid-con\" ><div class=\"ekit-heading elementskit-section-title-wraper text_left   ekit_heading_tablet-   ekit_heading_mobile-\"><h1 class=\"ekit-heading--title elementskit-section-title\">Baby Gym<\/h1>\t\t\t\t<div class='ekit-heading__description'>\n\t\t\t\t\t<p>Ett babygym \u00e4r ett roligt och s\u00e4kert s\u00e4tt f\u00f6r sm\u00e5ttingar att utforska r\u00f6relse och sensorisk lek. Dessa babygym \u00e4r utformade f\u00f6r att st\u00f6dja tidig utveckling och inkluderar mjuka mattor, h\u00e4ngande leksaker och ramar som uppmuntrar bebisar att str\u00e4cka sig, sparka och str\u00e4cka p\u00e5 sig. Denna typ av lek hj\u00e4lper till att f\u00f6rb\u00e4ttra motoriken, hand-\u00f6ga-koordinationen och fokus. Ett babygym \u00e4r ett perfekt tillskott till alla lekrum f\u00f6r sp\u00e4dbarn under 12 m\u00e5nader och erbjuder b\u00e5de underh\u00e5llning och l\u00e4rande i ett och samma utrymme.<br \/><!-- notionvc: 8d637965-986c-43f1-b4ae-d5a1b8210128 --><\/p>\n\t\t\t\t<\/div>\n\t\t\t<\/div><\/div>\t\t\t\t<\/div>\n\t\t\t\t<\/div>\n\t\t\t\t<div class=\"elementor-element elementor-element-5f7d1cd elementor-align-left elementor-widget elementor-widget-button\" data-id=\"5f7d1cd\" data-element_type=\"widget\" data-e-type=\"widget\" data-settings=\"{&quot;ekit_we_effect_on&quot;:&quot;none&quot;}\" data-widget_type=\"button.default\">\n\t\t\t\t<div class=\"elementor-widget-container\">\n\t\t\t\t\t\t\t\t\t<div class=\"elementor-button-wrapper\">\n\t\t\t\t\t<a class=\"elementor-button elementor-button-link elementor-size-sm\" href=\"#elementor-action%3Aaction%3Dpopup%3Aopen%26settings%3DeyJpZCI6IjExMDAyIiwidG9nZ2xlIjpmYWxzZX0%3D\">\n\t\t\t\t\t\t<span class=\"elementor-button-content-wrapper\">\n\t\t\t\t\t\t\t\t\t<span class=\"elementor-button-text\">F\u00e5 en gratis offert<\/span>\n\t\t\t\t\t<\/span>\n\t\t\t\t\t<\/a>\n\t\t\t\t<\/div>\n\t\t\t\t\t\t\t\t<\/div>\n\t\t\t\t<\/div>\n\t\t\t\t\t<\/div>\n\t\t<\/div>\n\t\t\t\t<div class=\"elementor-column elementor-col-50 elementor-top-column elementor-element elementor-element-b5ca74e\" data-id=\"b5ca74e\" data-element_type=\"column\" data-e-type=\"column\">\n\t\t\t<div class=\"elementor-widget-wrap elementor-element-populated\">\n\t\t\t\t\t\t<div class=\"elementor-element elementor-element-053d7fd elementor-widget elementor-widget-image\" data-id=\"053d7fd\" data-element_type=\"widget\" data-e-type=\"widget\" data-settings=\"{&quot;ekit_we_effect_on&quot;:&quot;none&quot;}\" data-widget_type=\"image.default\">\n\t\t\t\t<div class=\"elementor-widget-container\">\n\t\t\t\t\t\t\t\t\t\t\t\t\t\t\t<img fetchpriority=\"high\" decoding=\"async\" width=\"800\" height=\"560\" src=\"https:\/\/xiairworld.com\/wp-content\/uploads\/2025\/07\/Baby-Gym.webp\" class=\"attachment-large size-large wp-image-16852\" alt=\"Baby Gym\" srcset=\"https:\/\/xiairworld.com\/wp-content\/uploads\/2025\/07\/Baby-Gym.webp 1000w, https:\/\/xiairworld.com\/wp-content\/uploads\/2025\/07\/Baby-Gym-300x210.webp 300w, https:\/\/xiairworld.com\/wp-content\/uploads\/2025\/07\/Baby-Gym-768x538.webp 768w, https:\/\/xiairworld.com\/wp-content\/uploads\/2025\/07\/Baby-Gym-18x12.webp 18w, https:\/\/xiairworld.com\/wp-content\/uploads\/2025\/07\/Baby-Gym-600x420.webp 600w\" sizes=\"(max-width: 800px) 100vw, 800px\" \/>\t\t\t\t\t\t\t\t\t\t\t\t\t\t\t<\/div>\n\t\t\t\t<\/div>\n\t\t\t\t\t<\/div>\n\t\t<\/div>\n\t\t\t\t\t<\/div>\n\t\t<\/section>\n\t\t\t\t<\/div>","protected":false},"excerpt":{"rendered":"<p>Baby Gym A baby gym is a fun and safe way for little ones to explore movement and sensory play. Designed to support early development, these baby gyms include soft mats, hanging toys, and frames that encourage babies to reach, kick, and stretch. This kind of play helps improve motor skills, hand-eye coordination, and focus. [&hellip;]<\/p>\n","protected":false},"author":1,"featured_media":0,"parent":0,"menu_order":0,"comment_status":"closed","ping_status":"closed","template":"","meta":{"footnotes":""},"class_list":["post-16701","page","type-page","status-publish","hentry"],"_links":{"self":[{"href":"https:\/\/xiairworld.com\/sv\/wp-json\/wp\/v2\/pages\/16701","targetHints":{"allow":["GET"]}}],"collection":[{"href":"https:\/\/xiairworld.com\/sv\/wp-json\/wp\/v2\/pages"}],"about":[{"href":"https:\/\/xiairworld.com\/sv\/wp-json\/wp\/v2\/types\/page"}],"author":[{"embeddable":true,"href":"https:\/\/xiairworld.com\/sv\/wp-json\/wp\/v2\/users\/1"}],"replies":[{"embeddable":true,"href":"https:\/\/xiairworld.com\/sv\/wp-json\/wp\/v2\/comments?post=16701"}],"version-history":[{"count":0,"href":"https:\/\/xiairworld.com\/sv\/wp-json\/wp\/v2\/pages\/16701\/revisions"}],"wp:attachment":[{"href":"https:\/\/xiairworld.com\/sv\/wp-json\/wp\/v2\/media?parent=16701"}],"curies":[{"name":"wp","href":"https:\/\/api.w.org\/{rel}","templated":true}]}}