{"id":16683,"date":"2025-07-11T15:11:45","date_gmt":"2025-07-11T07:11:45","guid":{"rendered":"https:\/\/xiairworld.com\/?page_id=16683"},"modified":"2025-07-11T17:40:34","modified_gmt":"2025-07-11T09:40:34","slug":"okul-cantalari","status":"publish","type":"page","link":"https:\/\/xiairworld.com\/tr\/school-bags\/","title":{"rendered":"Okul \u00c7antalar\u0131"},"content":{"rendered":"<div data-elementor-type=\"wp-page\" data-elementor-id=\"16683\" class=\"elementor elementor-16683\" data-elementor-post-type=\"page\">\n\t\t\t\t\t\t<section class=\"elementor-section elementor-top-section elementor-element elementor-element-53d9a80 elementor-section-boxed elementor-section-height-default elementor-section-height-default\" data-id=\"53d9a80\" data-element_type=\"section\" data-e-type=\"section\" data-settings=\"{&quot;background_background&quot;:&quot;classic&quot;,&quot;ekit_has_onepagescroll_dot&quot;:&quot;yes&quot;}\">\n\t\t\t\t\t\t\t<div class=\"elementor-background-overlay\"><\/div>\n\t\t\t\t\t\t\t<div class=\"elementor-container elementor-column-gap-default\">\n\t\t\t\t\t<div class=\"elementor-column elementor-col-50 elementor-top-column elementor-element elementor-element-d6c2ead\" data-id=\"d6c2ead\" data-element_type=\"column\" data-e-type=\"column\">\n\t\t\t<div class=\"elementor-widget-wrap elementor-element-populated\">\n\t\t\t\t\t\t<div class=\"elementor-element elementor-element-e00ee8f elementor-widget elementor-widget-elementskit-heading\" data-id=\"e00ee8f\" data-element_type=\"widget\" data-e-type=\"widget\" data-settings=\"{&quot;ekit_we_effect_on&quot;:&quot;none&quot;}\" data-widget_type=\"elementskit-heading.default\">\n\t\t\t\t<div class=\"elementor-widget-container\">\n\t\t\t\t\t<div class=\"ekit-wid-con\" ><div class=\"ekit-heading elementskit-section-title-wraper text_left   ekit_heading_tablet-   ekit_heading_mobile-\"><h1 class=\"ekit-heading--title elementskit-section-title\">Okul \u00c7antalar\u0131<\/h1>\t\t\t\t<div class='ekit-heading__description'>\n\t\t\t\t\t<p>Okul \u00e7antalar\u0131, \u00e7ocuklar\u0131n okul ve oyun i\u00e7in ihtiya\u00e7 duydu\u011fu t\u00fcm temel \u00e7antalar\u0131 kapsar. S\u0131rt \u00e7antalar\u0131ndan beslenme \u00e7antalar\u0131na, sandalye \u00e7antalar\u0131ndan seyahat \u00e7antalar\u0131na kadar bu \u00fcr\u00fcnler, \u00e7ocuklar\u0131n d\u00fczenli kalmalar\u0131na, ki\u015fisel e\u015fyalar\u0131n\u0131 ta\u015f\u0131malar\u0131na ve e\u015fyalar\u0131n\u0131 g\u00fcvende tutmalar\u0131na yard\u0131mc\u0131 olur. Kolay kullan\u0131m, dayan\u0131kl\u0131l\u0131k ve konfor i\u00e7in tasarlanan okul \u00e7antalar\u0131, \u00e7e\u015fitli boyut, renk ve e\u011flenceli tasar\u0131mlarda mevcuttur. \u0130ster \u00f6\u011fle yeme\u011fi, ister okul malzemeleri veya sanat projeleri ta\u015f\u0131s\u0131nlar, bu \u00e7antalar \u00e7ocuklar\u0131n e\u015fyalar\u0131n\u0131 y\u00f6netmelerini ve g\u00fcnl\u00fck rutinlerinde ba\u011f\u0131ms\u0131zl\u0131k kazanmalar\u0131n\u0131 kolayla\u015ft\u0131r\u0131r. Okul \u00f6ncesi s\u0131n\u0131flar\u0131, geziler veya ev kullan\u0131m\u0131 i\u00e7in m\u00fckemmel olan bu \u00e7antalar, \u00e7ocuklar\u0131n erken ya\u015flardan itibaren organizasyon ve \u00f6\u011frenme becerilerini destekler.<br \/><!-- notionvc: 8d637965-986c-43f1-b4ae-d5a1b8210128 --><\/p>\n\t\t\t\t<\/div>\n\t\t\t<\/div><\/div>\t\t\t\t<\/div>\n\t\t\t\t<\/div>\n\t\t\t\t<div class=\"elementor-element elementor-element-4ba0b45 elementor-align-left elementor-widget elementor-widget-button\" data-id=\"4ba0b45\" data-element_type=\"widget\" data-e-type=\"widget\" data-settings=\"{&quot;ekit_we_effect_on&quot;:&quot;none&quot;}\" data-widget_type=\"button.default\">\n\t\t\t\t<div class=\"elementor-widget-container\">\n\t\t\t\t\t\t\t\t\t<div class=\"elementor-button-wrapper\">\n\t\t\t\t\t<a class=\"elementor-button elementor-button-link elementor-size-sm\" href=\"#elementor-action%3Aaction%3Dpopup%3Aopen%26settings%3DeyJpZCI6IjExMDAyIiwidG9nZ2xlIjpmYWxzZX0%3D\">\n\t\t\t\t\t\t<span class=\"elementor-button-content-wrapper\">\n\t\t\t\t\t\t\t\t\t<span class=\"elementor-button-text\">\u00dccretsiz Teklif Al\u0131n<\/span>\n\t\t\t\t\t<\/span>\n\t\t\t\t\t<\/a>\n\t\t\t\t<\/div>\n\t\t\t\t\t\t\t\t<\/div>\n\t\t\t\t<\/div>\n\t\t\t\t\t<\/div>\n\t\t<\/div>\n\t\t\t\t<div class=\"elementor-column elementor-col-50 elementor-top-column elementor-element elementor-element-ec54028\" data-id=\"ec54028\" data-element_type=\"column\" data-e-type=\"column\">\n\t\t\t<div class=\"elementor-widget-wrap elementor-element-populated\">\n\t\t\t\t\t\t<div class=\"elementor-element elementor-element-b91a7a3 elementor-widget elementor-widget-image\" data-id=\"b91a7a3\" data-element_type=\"widget\" data-e-type=\"widget\" data-settings=\"{&quot;ekit_we_effect_on&quot;:&quot;none&quot;}\" data-widget_type=\"image.default\">\n\t\t\t\t<div class=\"elementor-widget-container\">\n\t\t\t\t\t\t\t\t\t\t\t\t\t\t\t<img fetchpriority=\"high\" decoding=\"async\" width=\"800\" height=\"560\" src=\"https:\/\/xiairworld.com\/wp-content\/uploads\/2025\/07\/School-Bags.webp\" class=\"attachment-large size-large wp-image-16784\" alt=\"Okul \u00c7antalar\u0131\" srcset=\"https:\/\/xiairworld.com\/wp-content\/uploads\/2025\/07\/School-Bags.webp 1000w, https:\/\/xiairworld.com\/wp-content\/uploads\/2025\/07\/School-Bags-300x210.webp 300w, https:\/\/xiairworld.com\/wp-content\/uploads\/2025\/07\/School-Bags-768x538.webp 768w, https:\/\/xiairworld.com\/wp-content\/uploads\/2025\/07\/School-Bags-18x12.webp 18w, https:\/\/xiairworld.com\/wp-content\/uploads\/2025\/07\/School-Bags-600x420.webp 600w\" sizes=\"(max-width: 800px) 100vw, 800px\" \/>\t\t\t\t\t\t\t\t\t\t\t\t\t\t\t<\/div>\n\t\t\t\t<\/div>\n\t\t\t\t\t<\/div>\n\t\t<\/div>\n\t\t\t\t\t<\/div>\n\t\t<\/section>\n\t\t\t\t<\/div>","protected":false},"excerpt":{"rendered":"<p>School Bags School bags cover all the essential bags that children need for school and play. From backpacks and lunch bags to chair bags and travel totes, these products help kids stay organized, carry their personal items, and keep their belongings secure. Designed for easy use, durability, and comfort, school bags come in a variety [&hellip;]<\/p>\n","protected":false},"author":1,"featured_media":0,"parent":0,"menu_order":0,"comment_status":"closed","ping_status":"closed","template":"","meta":{"footnotes":""},"class_list":["post-16683","page","type-page","status-publish","hentry"],"_links":{"self":[{"href":"https:\/\/xiairworld.com\/tr\/wp-json\/wp\/v2\/pages\/16683","targetHints":{"allow":["GET"]}}],"collection":[{"href":"https:\/\/xiairworld.com\/tr\/wp-json\/wp\/v2\/pages"}],"about":[{"href":"https:\/\/xiairworld.com\/tr\/wp-json\/wp\/v2\/types\/page"}],"author":[{"embeddable":true,"href":"https:\/\/xiairworld.com\/tr\/wp-json\/wp\/v2\/users\/1"}],"replies":[{"embeddable":true,"href":"https:\/\/xiairworld.com\/tr\/wp-json\/wp\/v2\/comments?post=16683"}],"version-history":[{"count":0,"href":"https:\/\/xiairworld.com\/tr\/wp-json\/wp\/v2\/pages\/16683\/revisions"}],"wp:attachment":[{"href":"https:\/\/xiairworld.com\/tr\/wp-json\/wp\/v2\/media?parent=16683"}],"curies":[{"name":"wp","href":"https:\/\/api.w.org\/{rel}","templated":true}]}}