{"id":16687,"date":"2025-07-11T15:12:31","date_gmt":"2025-07-11T07:12:31","guid":{"rendered":"https:\/\/xiairworld.com\/?page_id=16687"},"modified":"2025-07-18T18:20:38","modified_gmt":"2025-07-18T10:20:38","slug":"hijyen-malzemeleri","status":"publish","type":"page","link":"https:\/\/xiairworld.com\/tr\/hygiene-supplies\/","title":{"rendered":"Hijyen Malzemeleri"},"content":{"rendered":"<div data-elementor-type=\"wp-page\" data-elementor-id=\"16687\" class=\"elementor elementor-16687\" data-elementor-post-type=\"page\">\n\t\t\t\t\t\t<section class=\"elementor-section elementor-top-section elementor-element elementor-element-87b5f16 elementor-section-boxed elementor-section-height-default elementor-section-height-default\" data-id=\"87b5f16\" data-element_type=\"section\" data-e-type=\"section\" data-settings=\"{&quot;background_background&quot;:&quot;classic&quot;,&quot;ekit_has_onepagescroll_dot&quot;:&quot;yes&quot;}\">\n\t\t\t\t\t\t\t<div class=\"elementor-background-overlay\"><\/div>\n\t\t\t\t\t\t\t<div class=\"elementor-container elementor-column-gap-default\">\n\t\t\t\t\t<div class=\"elementor-column elementor-col-50 elementor-top-column elementor-element elementor-element-36eb6f5\" data-id=\"36eb6f5\" data-element_type=\"column\" data-e-type=\"column\">\n\t\t\t<div class=\"elementor-widget-wrap elementor-element-populated\">\n\t\t\t\t\t\t<div class=\"elementor-element elementor-element-7f10559 elementor-widget elementor-widget-elementskit-heading\" data-id=\"7f10559\" data-element_type=\"widget\" data-e-type=\"widget\" data-settings=\"{&quot;ekit_we_effect_on&quot;:&quot;none&quot;}\" data-widget_type=\"elementskit-heading.default\">\n\t\t\t\t<div class=\"elementor-widget-container\">\n\t\t\t\t\t<div class=\"ekit-wid-con\" ><div class=\"ekit-heading elementskit-section-title-wraper text_left   ekit_heading_tablet-   ekit_heading_mobile-\"><h1 class=\"ekit-heading--title elementskit-section-title\">Hijyen Malzemeleri<\/h1>\t\t\t\t<div class='ekit-heading__description'>\n\t\t\t\t\t<p>Temiz eller ve sa\u011fl\u0131kl\u0131 al\u0131\u015fkanl\u0131klar okul \u00f6ncesi s\u0131n\u0131flar\u0131nda ba\u015flar. Hijyen malzemelerimiz, \u00f6\u011fretmenlerin ve \u00e7ocuklar\u0131n alanlar\u0131n\u0131 temiz ve mikropsuz tutmalar\u0131na yard\u0131mc\u0131 olur. K\u00fc\u00e7\u00fck \u00e7ocuklar i\u00e7in g\u00fcvenli ve kullan\u0131m\u0131 kolay mendil, el sabunu, \u0131slak mendil, ka\u011f\u0131t havlu ve dezenfektan gibi \u00fcr\u00fcnler sunuyoruz. Bu okul \u00f6ncesi malzemeleri, \u00e7ocuklara el y\u0131kaman\u0131n, hap\u015f\u0131r\u0131klar\u0131 kapatman\u0131n ve ortak alanlar\u0131 temiz tutman\u0131n \u00f6nemini \u00f6\u011fretmeye yard\u0131mc\u0131 olur. Temiz bir s\u0131n\u0131f, herkesin sa\u011fl\u0131kl\u0131 kalmas\u0131na ve her g\u00fcn \u00f6\u011frenmeye haz\u0131r olmas\u0131na yard\u0131mc\u0131 olur.<br \/><!-- notionvc: 8d637965-986c-43f1-b4ae-d5a1b8210128 --><\/p>\n\t\t\t\t<\/div>\n\t\t\t<\/div><\/div>\t\t\t\t<\/div>\n\t\t\t\t<\/div>\n\t\t\t\t<div class=\"elementor-element elementor-element-50d4a43 elementor-align-left elementor-widget elementor-widget-button\" data-id=\"50d4a43\" data-element_type=\"widget\" data-e-type=\"widget\" data-settings=\"{&quot;ekit_we_effect_on&quot;:&quot;none&quot;}\" data-widget_type=\"button.default\">\n\t\t\t\t<div class=\"elementor-widget-container\">\n\t\t\t\t\t\t\t\t\t<div class=\"elementor-button-wrapper\">\n\t\t\t\t\t<a class=\"elementor-button elementor-button-link elementor-size-sm\" href=\"#elementor-action%3Aaction%3Dpopup%3Aopen%26settings%3DeyJpZCI6IjExMDAyIiwidG9nZ2xlIjpmYWxzZX0%3D\">\n\t\t\t\t\t\t<span class=\"elementor-button-content-wrapper\">\n\t\t\t\t\t\t\t\t\t<span class=\"elementor-button-text\">\u00dccretsiz Teklif Al\u0131n<\/span>\n\t\t\t\t\t<\/span>\n\t\t\t\t\t<\/a>\n\t\t\t\t<\/div>\n\t\t\t\t\t\t\t\t<\/div>\n\t\t\t\t<\/div>\n\t\t\t\t\t<\/div>\n\t\t<\/div>\n\t\t\t\t<div class=\"elementor-column elementor-col-50 elementor-top-column elementor-element elementor-element-d8b08de\" data-id=\"d8b08de\" data-element_type=\"column\" data-e-type=\"column\">\n\t\t\t<div class=\"elementor-widget-wrap elementor-element-populated\">\n\t\t\t\t\t\t<div class=\"elementor-element elementor-element-78fedbe elementor-widget elementor-widget-image\" data-id=\"78fedbe\" data-element_type=\"widget\" data-e-type=\"widget\" data-settings=\"{&quot;ekit_we_effect_on&quot;:&quot;none&quot;}\" data-widget_type=\"image.default\">\n\t\t\t\t<div class=\"elementor-widget-container\">\n\t\t\t\t\t\t\t\t\t\t\t\t\t\t\t<img fetchpriority=\"high\" decoding=\"async\" width=\"800\" height=\"560\" src=\"https:\/\/xiairworld.com\/wp-content\/uploads\/2025\/07\/Hygiene-Supplies.webp\" class=\"attachment-large size-large wp-image-16818\" alt=\"Hijyen Malzemeleri\" srcset=\"https:\/\/xiairworld.com\/wp-content\/uploads\/2025\/07\/Hygiene-Supplies.webp 1000w, https:\/\/xiairworld.com\/wp-content\/uploads\/2025\/07\/Hygiene-Supplies-300x210.webp 300w, https:\/\/xiairworld.com\/wp-content\/uploads\/2025\/07\/Hygiene-Supplies-768x538.webp 768w, https:\/\/xiairworld.com\/wp-content\/uploads\/2025\/07\/Hygiene-Supplies-18x12.webp 18w, https:\/\/xiairworld.com\/wp-content\/uploads\/2025\/07\/Hygiene-Supplies-600x420.webp 600w\" sizes=\"(max-width: 800px) 100vw, 800px\" \/>\t\t\t\t\t\t\t\t\t\t\t\t\t\t\t<\/div>\n\t\t\t\t<\/div>\n\t\t\t\t\t<\/div>\n\t\t<\/div>\n\t\t\t\t\t<\/div>\n\t\t<\/section>\n\t\t\t\t<\/div>","protected":false},"excerpt":{"rendered":"<p>Hygiene Supplies Clean hands and healthy habits start in the preschool classroom. Our hygiene supplies help teachers and children keep their space neat and germ-free. We offer items like tissues, hand soap, wipes, paper towels, and sanitizers that are safe and easy for young children to use. These preschool supplies help teach kids the importance [&hellip;]<\/p>\n","protected":false},"author":1,"featured_media":0,"parent":0,"menu_order":0,"comment_status":"closed","ping_status":"closed","template":"","meta":{"footnotes":""},"class_list":["post-16687","page","type-page","status-publish","hentry"],"_links":{"self":[{"href":"https:\/\/xiairworld.com\/tr\/wp-json\/wp\/v2\/pages\/16687","targetHints":{"allow":["GET"]}}],"collection":[{"href":"https:\/\/xiairworld.com\/tr\/wp-json\/wp\/v2\/pages"}],"about":[{"href":"https:\/\/xiairworld.com\/tr\/wp-json\/wp\/v2\/types\/page"}],"author":[{"embeddable":true,"href":"https:\/\/xiairworld.com\/tr\/wp-json\/wp\/v2\/users\/1"}],"replies":[{"embeddable":true,"href":"https:\/\/xiairworld.com\/tr\/wp-json\/wp\/v2\/comments?post=16687"}],"version-history":[{"count":0,"href":"https:\/\/xiairworld.com\/tr\/wp-json\/wp\/v2\/pages\/16687\/revisions"}],"wp:attachment":[{"href":"https:\/\/xiairworld.com\/tr\/wp-json\/wp\/v2\/media?parent=16687"}],"curies":[{"name":"wp","href":"https:\/\/api.w.org\/{rel}","templated":true}]}}