{"id":16689,"date":"2025-07-11T15:13:22","date_gmt":"2025-07-11T07:13:22","guid":{"rendered":"https:\/\/xiairworld.com\/?page_id=16689"},"modified":"2025-07-18T18:22:56","modified_gmt":"2025-07-18T10:22:56","slug":"uyku-malzemeleri","status":"publish","type":"page","link":"https:\/\/xiairworld.com\/tr\/nap-supplies\/","title":{"rendered":"Uyku Malzemeleri"},"content":{"rendered":"<div data-elementor-type=\"wp-page\" data-elementor-id=\"16689\" class=\"elementor elementor-16689\" data-elementor-post-type=\"page\">\n\t\t\t\t\t\t<section class=\"elementor-section elementor-top-section elementor-element elementor-element-4d70230 elementor-section-boxed elementor-section-height-default elementor-section-height-default\" data-id=\"4d70230\" data-element_type=\"section\" data-e-type=\"section\" data-settings=\"{&quot;background_background&quot;:&quot;classic&quot;,&quot;ekit_has_onepagescroll_dot&quot;:&quot;yes&quot;}\">\n\t\t\t\t\t\t\t<div class=\"elementor-background-overlay\"><\/div>\n\t\t\t\t\t\t\t<div class=\"elementor-container elementor-column-gap-default\">\n\t\t\t\t\t<div class=\"elementor-column elementor-col-50 elementor-top-column elementor-element elementor-element-3b36bc9\" data-id=\"3b36bc9\" data-element_type=\"column\" data-e-type=\"column\">\n\t\t\t<div class=\"elementor-widget-wrap elementor-element-populated\">\n\t\t\t\t\t\t<div class=\"elementor-element elementor-element-cc07097 elementor-widget elementor-widget-elementskit-heading\" data-id=\"cc07097\" data-element_type=\"widget\" data-e-type=\"widget\" data-settings=\"{&quot;ekit_we_effect_on&quot;:&quot;none&quot;}\" data-widget_type=\"elementskit-heading.default\">\n\t\t\t\t<div class=\"elementor-widget-container\">\n\t\t\t\t\t<div class=\"ekit-wid-con\" ><div class=\"ekit-heading elementskit-section-title-wraper text_left   ekit_heading_tablet-   ekit_heading_mobile-\"><h1 class=\"ekit-heading--title elementskit-section-title\">Uyku Malzemeleri<\/h1>\t\t\t\t<div class='ekit-heading__description'>\n\t\t\t\t\t<p>\u00d6\u011fle uykusu, okul \u00f6ncesi d\u00f6neminin \u00f6nemli bir par\u00e7as\u0131d\u0131r ve do\u011fru \u00f6\u011fle uykusu malzemelerine sahip olmak her \u015feyi de\u011fi\u015ftirir. K\u00fc\u00e7\u00fck \u00e7ocuklar\u0131n dinlenirken kendilerini g\u00fcvende ve rahat hissetmelerine yard\u0131mc\u0131 olmak i\u00e7in rahat matlar, yumu\u015fak battaniyeler ve \u00e7ocuk boyutunda yast\u0131klar sunuyoruz. Bu okul \u00f6ncesi malzemeleri kolay temizlenir, hafiftir ve g\u00fcnl\u00fck s\u0131n\u0131f kullan\u0131m\u0131 i\u00e7in tasarlanm\u0131\u015ft\u0131r. \u0130yi bir \u00f6\u011fle uykusu, \u00e7ocuklar\u0131n enerji toplamas\u0131na ve g\u00fcn\u00fcn geri kalan\u0131nda odaklanmalar\u0131na yard\u0131mc\u0131 olur. \u00d6\u011fle uykusu malzemelerimiz, her okul \u00f6ncesi kurumunda sakin ve rahat bir dinlenme alan\u0131 yaratmak i\u00e7in m\u00fckemmeldir.<br \/><!-- notionvc: 8d637965-986c-43f1-b4ae-d5a1b8210128 --><\/p>\n\t\t\t\t<\/div>\n\t\t\t<\/div><\/div>\t\t\t\t<\/div>\n\t\t\t\t<\/div>\n\t\t\t\t<div class=\"elementor-element elementor-element-0bd507f elementor-align-left elementor-widget elementor-widget-button\" data-id=\"0bd507f\" data-element_type=\"widget\" data-e-type=\"widget\" data-settings=\"{&quot;ekit_we_effect_on&quot;:&quot;none&quot;}\" data-widget_type=\"button.default\">\n\t\t\t\t<div class=\"elementor-widget-container\">\n\t\t\t\t\t\t\t\t\t<div class=\"elementor-button-wrapper\">\n\t\t\t\t\t<a class=\"elementor-button elementor-button-link elementor-size-sm\" href=\"#elementor-action%3Aaction%3Dpopup%3Aopen%26settings%3DeyJpZCI6IjExMDAyIiwidG9nZ2xlIjpmYWxzZX0%3D\">\n\t\t\t\t\t\t<span class=\"elementor-button-content-wrapper\">\n\t\t\t\t\t\t\t\t\t<span class=\"elementor-button-text\">\u00dccretsiz Teklif Al\u0131n<\/span>\n\t\t\t\t\t<\/span>\n\t\t\t\t\t<\/a>\n\t\t\t\t<\/div>\n\t\t\t\t\t\t\t\t<\/div>\n\t\t\t\t<\/div>\n\t\t\t\t\t<\/div>\n\t\t<\/div>\n\t\t\t\t<div class=\"elementor-column elementor-col-50 elementor-top-column elementor-element elementor-element-e3de704\" data-id=\"e3de704\" data-element_type=\"column\" data-e-type=\"column\">\n\t\t\t<div class=\"elementor-widget-wrap elementor-element-populated\">\n\t\t\t\t\t\t<div class=\"elementor-element elementor-element-f566fa3 elementor-widget elementor-widget-image\" data-id=\"f566fa3\" data-element_type=\"widget\" data-e-type=\"widget\" data-settings=\"{&quot;ekit_we_effect_on&quot;:&quot;none&quot;}\" data-widget_type=\"image.default\">\n\t\t\t\t<div class=\"elementor-widget-container\">\n\t\t\t\t\t\t\t\t\t\t\t\t\t\t\t<img fetchpriority=\"high\" decoding=\"async\" width=\"800\" height=\"560\" src=\"https:\/\/xiairworld.com\/wp-content\/uploads\/2025\/07\/Nap-Supplies.webp\" class=\"attachment-large size-large wp-image-16822\" alt=\"Uyku Malzemeleri\" srcset=\"https:\/\/xiairworld.com\/wp-content\/uploads\/2025\/07\/Nap-Supplies.webp 1000w, https:\/\/xiairworld.com\/wp-content\/uploads\/2025\/07\/Nap-Supplies-300x210.webp 300w, https:\/\/xiairworld.com\/wp-content\/uploads\/2025\/07\/Nap-Supplies-768x538.webp 768w, https:\/\/xiairworld.com\/wp-content\/uploads\/2025\/07\/Nap-Supplies-18x12.webp 18w, https:\/\/xiairworld.com\/wp-content\/uploads\/2025\/07\/Nap-Supplies-600x420.webp 600w\" sizes=\"(max-width: 800px) 100vw, 800px\" \/>\t\t\t\t\t\t\t\t\t\t\t\t\t\t\t<\/div>\n\t\t\t\t<\/div>\n\t\t\t\t\t<\/div>\n\t\t<\/div>\n\t\t\t\t\t<\/div>\n\t\t<\/section>\n\t\t\t\t<\/div>","protected":false},"excerpt":{"rendered":"<p>Nap Supplies Nap time is an essential part of the preschool day, and having the right nap supplies makes all the difference. We offer comfortable mats, soft blankets, and child-sized pillows to help young children feel safe and relaxed while they rest. These preschool supplies are easy to clean, lightweight, and designed for daily classroom [&hellip;]<\/p>\n","protected":false},"author":1,"featured_media":0,"parent":0,"menu_order":0,"comment_status":"closed","ping_status":"closed","template":"","meta":{"footnotes":""},"class_list":["post-16689","page","type-page","status-publish","hentry"],"_links":{"self":[{"href":"https:\/\/xiairworld.com\/tr\/wp-json\/wp\/v2\/pages\/16689","targetHints":{"allow":["GET"]}}],"collection":[{"href":"https:\/\/xiairworld.com\/tr\/wp-json\/wp\/v2\/pages"}],"about":[{"href":"https:\/\/xiairworld.com\/tr\/wp-json\/wp\/v2\/types\/page"}],"author":[{"embeddable":true,"href":"https:\/\/xiairworld.com\/tr\/wp-json\/wp\/v2\/users\/1"}],"replies":[{"embeddable":true,"href":"https:\/\/xiairworld.com\/tr\/wp-json\/wp\/v2\/comments?post=16689"}],"version-history":[{"count":0,"href":"https:\/\/xiairworld.com\/tr\/wp-json\/wp\/v2\/pages\/16689\/revisions"}],"wp:attachment":[{"href":"https:\/\/xiairworld.com\/tr\/wp-json\/wp\/v2\/media?parent=16689"}],"curies":[{"name":"wp","href":"https:\/\/api.w.org\/{rel}","templated":true}]}}