{"id":16693,"date":"2025-07-11T15:35:07","date_gmt":"2025-07-11T07:35:07","guid":{"rendered":"https:\/\/xiairworld.com\/?page_id=16693"},"modified":"2025-07-18T18:29:12","modified_gmt":"2025-07-18T10:29:12","slug":"yurumeye-baslayan-cocuk-tirmanma-oyuncaklari","status":"publish","type":"page","link":"https:\/\/xiairworld.com\/tr\/toddler-climbing-toys\/","title":{"rendered":"Bebek T\u0131rmanma Oyuncaklar\u0131"},"content":{"rendered":"<div data-elementor-type=\"wp-page\" data-elementor-id=\"16693\" class=\"elementor elementor-16693\" data-elementor-post-type=\"page\">\n\t\t\t\t\t\t<section class=\"elementor-section elementor-top-section elementor-element elementor-element-0dac2e2 elementor-section-boxed elementor-section-height-default elementor-section-height-default\" data-id=\"0dac2e2\" data-element_type=\"section\" data-e-type=\"section\" data-settings=\"{&quot;background_background&quot;:&quot;classic&quot;,&quot;ekit_has_onepagescroll_dot&quot;:&quot;yes&quot;}\">\n\t\t\t\t\t\t\t<div class=\"elementor-background-overlay\"><\/div>\n\t\t\t\t\t\t\t<div class=\"elementor-container elementor-column-gap-default\">\n\t\t\t\t\t<div class=\"elementor-column elementor-col-50 elementor-top-column elementor-element elementor-element-d96afc4\" data-id=\"d96afc4\" data-element_type=\"column\" data-e-type=\"column\">\n\t\t\t<div class=\"elementor-widget-wrap elementor-element-populated\">\n\t\t\t\t\t\t<div class=\"elementor-element elementor-element-eb78607 elementor-widget elementor-widget-elementskit-heading\" data-id=\"eb78607\" data-element_type=\"widget\" data-e-type=\"widget\" data-settings=\"{&quot;ekit_we_effect_on&quot;:&quot;none&quot;}\" data-widget_type=\"elementskit-heading.default\">\n\t\t\t\t<div class=\"elementor-widget-container\">\n\t\t\t\t\t<div class=\"ekit-wid-con\" ><div class=\"ekit-heading elementskit-section-title-wraper text_left   ekit_heading_tablet-   ekit_heading_mobile-\"><h1 class=\"ekit-heading--title elementskit-section-title\">Bebek T\u0131rmanma Oyuncaklar\u0131<\/h1>\t\t\t\t<div class='ekit-heading__description'>\n\t\t\t\t\t<p>Y\u00fcr\u00fcmeye ba\u015flayan \u00e7ocuklar i\u00e7in t\u0131rmanma oyuncaklar\u0131, fiziksel geli\u015fimi ve g\u00fcc\u00fc desteklerken sonsuz e\u011flence sunar. Bu oyuncaklar, g\u00fcvenli i\u00e7 mekan kullan\u0131m\u0131 i\u00e7in yumu\u015fak kenarlar ve sa\u011flam malzemeler kullan\u0131larak g\u00fcvenlik g\u00f6z \u00f6n\u00fcnde bulundurularak tasarlanm\u0131\u015ft\u0131r. T\u0131rmanma oyuncaklar\u0131, y\u00fcr\u00fcmeye ba\u015flayan \u00e7ocuklar\u0131n yeteneklerini ke\u015ffetmelerine, kas geli\u015ftirmelerine ve v\u00fccutlar\u0131n\u0131 kontroll\u00fc bir \u015fekilde hareket ettirmeyi \u00f6\u011frenmelerine yard\u0131mc\u0131 olur. \u0130ster k\u00fc\u00e7\u00fck bir t\u0131rmanma rampas\u0131 ister tam bir t\u0131rmanma yap\u0131s\u0131 olsun, bu oyuncaklar k\u00fc\u00e7\u00fck \u00e7ocuklar i\u00e7in her oyun odas\u0131 d\u00fczeninin heyecan verici bir par\u00e7as\u0131d\u0131r.<br \/><!-- notionvc: 8d637965-986c-43f1-b4ae-d5a1b8210128 --><\/p>\n\t\t\t\t<\/div>\n\t\t\t<\/div><\/div>\t\t\t\t<\/div>\n\t\t\t\t<\/div>\n\t\t\t\t<div class=\"elementor-element elementor-element-1557224 elementor-align-left elementor-widget elementor-widget-button\" data-id=\"1557224\" data-element_type=\"widget\" data-e-type=\"widget\" data-settings=\"{&quot;ekit_we_effect_on&quot;:&quot;none&quot;}\" data-widget_type=\"button.default\">\n\t\t\t\t<div class=\"elementor-widget-container\">\n\t\t\t\t\t\t\t\t\t<div class=\"elementor-button-wrapper\">\n\t\t\t\t\t<a class=\"elementor-button elementor-button-link elementor-size-sm\" href=\"#elementor-action%3Aaction%3Dpopup%3Aopen%26settings%3DeyJpZCI6IjExMDAyIiwidG9nZ2xlIjpmYWxzZX0%3D\">\n\t\t\t\t\t\t<span class=\"elementor-button-content-wrapper\">\n\t\t\t\t\t\t\t\t\t<span class=\"elementor-button-text\">\u00dccretsiz Teklif Al\u0131n<\/span>\n\t\t\t\t\t<\/span>\n\t\t\t\t\t<\/a>\n\t\t\t\t<\/div>\n\t\t\t\t\t\t\t\t<\/div>\n\t\t\t\t<\/div>\n\t\t\t\t\t<\/div>\n\t\t<\/div>\n\t\t\t\t<div class=\"elementor-column elementor-col-50 elementor-top-column elementor-element elementor-element-ae83aea\" data-id=\"ae83aea\" data-element_type=\"column\" data-e-type=\"column\">\n\t\t\t<div class=\"elementor-widget-wrap elementor-element-populated\">\n\t\t\t\t\t\t<div class=\"elementor-element elementor-element-6148dbb elementor-widget elementor-widget-image\" data-id=\"6148dbb\" data-element_type=\"widget\" data-e-type=\"widget\" data-settings=\"{&quot;ekit_we_effect_on&quot;:&quot;none&quot;}\" data-widget_type=\"image.default\">\n\t\t\t\t<div class=\"elementor-widget-container\">\n\t\t\t\t\t\t\t\t\t\t\t\t\t\t\t<img fetchpriority=\"high\" decoding=\"async\" width=\"800\" height=\"560\" src=\"https:\/\/xiairworld.com\/wp-content\/uploads\/2025\/07\/Toddler-Climbing-Toys.webp\" class=\"attachment-large size-large wp-image-16836\" alt=\"Bebek T\u0131rmanma Oyuncaklar\u0131\" srcset=\"https:\/\/xiairworld.com\/wp-content\/uploads\/2025\/07\/Toddler-Climbing-Toys.webp 1000w, https:\/\/xiairworld.com\/wp-content\/uploads\/2025\/07\/Toddler-Climbing-Toys-300x210.webp 300w, https:\/\/xiairworld.com\/wp-content\/uploads\/2025\/07\/Toddler-Climbing-Toys-768x538.webp 768w, https:\/\/xiairworld.com\/wp-content\/uploads\/2025\/07\/Toddler-Climbing-Toys-18x12.webp 18w, https:\/\/xiairworld.com\/wp-content\/uploads\/2025\/07\/Toddler-Climbing-Toys-600x420.webp 600w\" sizes=\"(max-width: 800px) 100vw, 800px\" \/>\t\t\t\t\t\t\t\t\t\t\t\t\t\t\t<\/div>\n\t\t\t\t<\/div>\n\t\t\t\t\t<\/div>\n\t\t<\/div>\n\t\t\t\t\t<\/div>\n\t\t<\/section>\n\t\t\t\t<\/div>","protected":false},"excerpt":{"rendered":"<p>Toddler Climbing Toys Toddler climbing toys offer endless fun while supporting physical growth and strength. These toys are designed with safety in mind, using soft edges and sturdy materials for safe indoor use. Climbing toys help toddlers explore their abilities, build muscle, and learn how to move their bodies with control. Whether it\u2019s a small [&hellip;]<\/p>\n","protected":false},"author":1,"featured_media":0,"parent":0,"menu_order":0,"comment_status":"closed","ping_status":"closed","template":"","meta":{"footnotes":""},"class_list":["post-16693","page","type-page","status-publish","hentry"],"_links":{"self":[{"href":"https:\/\/xiairworld.com\/tr\/wp-json\/wp\/v2\/pages\/16693","targetHints":{"allow":["GET"]}}],"collection":[{"href":"https:\/\/xiairworld.com\/tr\/wp-json\/wp\/v2\/pages"}],"about":[{"href":"https:\/\/xiairworld.com\/tr\/wp-json\/wp\/v2\/types\/page"}],"author":[{"embeddable":true,"href":"https:\/\/xiairworld.com\/tr\/wp-json\/wp\/v2\/users\/1"}],"replies":[{"embeddable":true,"href":"https:\/\/xiairworld.com\/tr\/wp-json\/wp\/v2\/comments?post=16693"}],"version-history":[{"count":0,"href":"https:\/\/xiairworld.com\/tr\/wp-json\/wp\/v2\/pages\/16693\/revisions"}],"wp:attachment":[{"href":"https:\/\/xiairworld.com\/tr\/wp-json\/wp\/v2\/media?parent=16693"}],"curies":[{"name":"wp","href":"https:\/\/api.w.org\/{rel}","templated":true}]}}