{"id":16669,"date":"2025-07-11T15:03:48","date_gmt":"2025-07-11T07:03:48","guid":{"rendered":"https:\/\/xiairworld.com\/?page_id=16669"},"modified":"2025-07-11T16:48:26","modified_gmt":"2025-07-11T08:48:26","slug":"cau-do-mau-giao","status":"publish","type":"page","link":"https:\/\/xiairworld.com\/vi\/preschool-puzzles\/","title":{"rendered":"C\u00e2u \u0111\u1ed1 m\u1eabu gi\u00e1o"},"content":{"rendered":"<div data-elementor-type=\"wp-page\" data-elementor-id=\"16669\" class=\"elementor elementor-16669\" data-elementor-post-type=\"page\">\n\t\t\t\t\t\t<section class=\"elementor-section elementor-top-section elementor-element elementor-element-42a79b8 elementor-section-boxed elementor-section-height-default elementor-section-height-default\" data-id=\"42a79b8\" data-element_type=\"section\" data-e-type=\"section\" data-settings=\"{&quot;background_background&quot;:&quot;classic&quot;,&quot;ekit_has_onepagescroll_dot&quot;:&quot;yes&quot;}\">\n\t\t\t\t\t\t\t<div class=\"elementor-background-overlay\"><\/div>\n\t\t\t\t\t\t\t<div class=\"elementor-container elementor-column-gap-default\">\n\t\t\t\t\t<div class=\"elementor-column elementor-col-50 elementor-top-column elementor-element elementor-element-468a893\" data-id=\"468a893\" data-element_type=\"column\" data-e-type=\"column\">\n\t\t\t<div class=\"elementor-widget-wrap elementor-element-populated\">\n\t\t\t\t\t\t<div class=\"elementor-element elementor-element-3efe567 elementor-widget elementor-widget-elementskit-heading\" data-id=\"3efe567\" data-element_type=\"widget\" data-e-type=\"widget\" data-settings=\"{&quot;ekit_we_effect_on&quot;:&quot;none&quot;}\" data-widget_type=\"elementskit-heading.default\">\n\t\t\t\t<div class=\"elementor-widget-container\">\n\t\t\t\t\t<div class=\"ekit-wid-con\" ><div class=\"ekit-heading elementskit-section-title-wraper text_left   ekit_heading_tablet-   ekit_heading_mobile-\"><h1 class=\"ekit-heading--title elementskit-section-title\">C\u00e2u \u0111\u1ed1 m\u1eabu gi\u00e1o<\/h1>\t\t\t\t<div class='ekit-heading__description'>\n\t\t\t\t\t<p>Tr\u00f2 ch\u01a1i x\u1ebfp h\u00ecnh th\u1eed th\u00e1ch tr\u1ebb m\u1eabu gi\u00e1o t\u01b0 duy, gi\u1ea3i quy\u1ebft v\u1ea5n \u0111\u1ec1 v\u00e0 s\u1eed d\u1ee5ng \u0111\u00f4i tay theo nh\u1eefng c\u00e1ch m\u1edbi m\u1ebb. Trong l\u1edbp h\u1ecdc, tr\u00f2 ch\u01a1i x\u1ebfp h\u00ecnh khuy\u1ebfn kh\u00edch s\u1ef1 ch\u00fa \u00fd, t\u00ednh ki\u00ean nh\u1eabn v\u00e0 c\u1ea3m gi\u00e1c th\u00e0nh t\u1ef1u khi tr\u1ebb ho\u00e0n th\u00e0nh t\u1eebng nhi\u1ec7m v\u1ee5. Nh\u1eefng ho\u1ea1t \u0111\u1ed9ng n\u00e0y h\u1ed7 tr\u1ee3 ph\u00e1t tri\u1ec3n k\u1ef9 n\u0103ng v\u1eadn \u0111\u1ed9ng tinh, nh\u1eadn th\u1ee9c kh\u00f4ng gian, to\u00e1n h\u1ecdc c\u01a1 b\u1ea3n v\u00e0 t\u01b0 duy logic. V\u1edbi tr\u00f2 ch\u01a1i x\u1ebfp h\u00ecnh m\u1ea7m non nh\u01b0 m\u1ed9t ph\u1ea7n c\u1ee7a m\u00f4i tr\u01b0\u1eddng h\u1ecdc t\u1eadp, tr\u1ebb s\u1ebd x\u00e2y d\u1ef1ng s\u1ef1 t\u1ef1 tin, t\u1eadn h\u01b0\u1edfng s\u1ef1 t\u1eadp trung y\u00ean t\u0129nh v\u00e0 tr\u1ea3i nghi\u1ec7m ni\u1ec1m vui kh\u00e1m ph\u00e1 m\u1ed7i ng\u00e0y.<br \/><!-- notionvc: 8d637965-986c-43f1-b4ae-d5a1b8210128 --><\/p>\n\t\t\t\t<\/div>\n\t\t\t<\/div><\/div>\t\t\t\t<\/div>\n\t\t\t\t<\/div>\n\t\t\t\t<div class=\"elementor-element elementor-element-f91dc90 elementor-align-left elementor-widget elementor-widget-button\" data-id=\"f91dc90\" data-element_type=\"widget\" data-e-type=\"widget\" data-settings=\"{&quot;ekit_we_effect_on&quot;:&quot;none&quot;}\" data-widget_type=\"button.default\">\n\t\t\t\t<div class=\"elementor-widget-container\">\n\t\t\t\t\t\t\t\t\t<div class=\"elementor-button-wrapper\">\n\t\t\t\t\t<a class=\"elementor-button elementor-button-link elementor-size-sm\" href=\"#elementor-action%3Aaction%3Dpopup%3Aopen%26settings%3DeyJpZCI6IjExMDAyIiwidG9nZ2xlIjpmYWxzZX0%3D\">\n\t\t\t\t\t\t<span class=\"elementor-button-content-wrapper\">\n\t\t\t\t\t\t\t\t\t<span class=\"elementor-button-text\">Nh\u1eadn b\u00e1o gi\u00e1 mi\u1ec5n ph\u00ed<\/span>\n\t\t\t\t\t<\/span>\n\t\t\t\t\t<\/a>\n\t\t\t\t<\/div>\n\t\t\t\t\t\t\t\t<\/div>\n\t\t\t\t<\/div>\n\t\t\t\t\t<\/div>\n\t\t<\/div>\n\t\t\t\t<div class=\"elementor-column elementor-col-50 elementor-top-column elementor-element elementor-element-513af7c\" data-id=\"513af7c\" data-element_type=\"column\" data-e-type=\"column\">\n\t\t\t<div class=\"elementor-widget-wrap elementor-element-populated\">\n\t\t\t\t\t\t<div class=\"elementor-element elementor-element-9d8f025 elementor-widget elementor-widget-image\" data-id=\"9d8f025\" data-element_type=\"widget\" data-e-type=\"widget\" data-settings=\"{&quot;ekit_we_effect_on&quot;:&quot;none&quot;}\" data-widget_type=\"image.default\">\n\t\t\t\t<div class=\"elementor-widget-container\">\n\t\t\t\t\t\t\t\t\t\t\t\t\t\t\t<img fetchpriority=\"high\" decoding=\"async\" width=\"800\" height=\"560\" src=\"https:\/\/xiairworld.com\/wp-content\/uploads\/2025\/07\/Preschool-Puzzles.webp\" class=\"attachment-large size-large wp-image-16746\" alt=\"C\u00e2u \u0111\u1ed1 m\u1eabu gi\u00e1o\" srcset=\"https:\/\/xiairworld.com\/wp-content\/uploads\/2025\/07\/Preschool-Puzzles.webp 1000w, https:\/\/xiairworld.com\/wp-content\/uploads\/2025\/07\/Preschool-Puzzles-300x210.webp 300w, https:\/\/xiairworld.com\/wp-content\/uploads\/2025\/07\/Preschool-Puzzles-768x538.webp 768w, https:\/\/xiairworld.com\/wp-content\/uploads\/2025\/07\/Preschool-Puzzles-18x12.webp 18w, https:\/\/xiairworld.com\/wp-content\/uploads\/2025\/07\/Preschool-Puzzles-600x420.webp 600w\" sizes=\"(max-width: 800px) 100vw, 800px\" \/>\t\t\t\t\t\t\t\t\t\t\t\t\t\t\t<\/div>\n\t\t\t\t<\/div>\n\t\t\t\t\t<\/div>\n\t\t<\/div>\n\t\t\t\t\t<\/div>\n\t\t<\/section>\n\t\t\t\t<\/div>","protected":false},"excerpt":{"rendered":"<p>Preschool Puzzles Puzzles challenge preschoolers to think, solve problems, and use their hands in new ways. In the classroom, puzzle play encourages attention, patience, and a sense of achievement as children work through each task. These activities support the development of fine motor skills, spatial awareness, early math, and logical thinking. With preschool puzzles as [&hellip;]<\/p>\n","protected":false},"author":1,"featured_media":0,"parent":0,"menu_order":0,"comment_status":"closed","ping_status":"closed","template":"","meta":{"footnotes":""},"class_list":["post-16669","page","type-page","status-publish","hentry"],"_links":{"self":[{"href":"https:\/\/xiairworld.com\/vi\/wp-json\/wp\/v2\/pages\/16669","targetHints":{"allow":["GET"]}}],"collection":[{"href":"https:\/\/xiairworld.com\/vi\/wp-json\/wp\/v2\/pages"}],"about":[{"href":"https:\/\/xiairworld.com\/vi\/wp-json\/wp\/v2\/types\/page"}],"author":[{"embeddable":true,"href":"https:\/\/xiairworld.com\/vi\/wp-json\/wp\/v2\/users\/1"}],"replies":[{"embeddable":true,"href":"https:\/\/xiairworld.com\/vi\/wp-json\/wp\/v2\/comments?post=16669"}],"version-history":[{"count":0,"href":"https:\/\/xiairworld.com\/vi\/wp-json\/wp\/v2\/pages\/16669\/revisions"}],"wp:attachment":[{"href":"https:\/\/xiairworld.com\/vi\/wp-json\/wp\/v2\/media?parent=16669"}],"curies":[{"name":"wp","href":"https:\/\/api.w.org\/{rel}","templated":true}]}}