{"id":16677,"date":"2025-07-11T15:10:37","date_gmt":"2025-07-11T07:10:37","guid":{"rendered":"https:\/\/xiairworld.com\/?page_id=16677"},"modified":"2025-07-11T17:25:48","modified_gmt":"2025-07-11T09:25:48","slug":"cuoi-tren-do-choi","status":"publish","type":"page","link":"https:\/\/xiairworld.com\/vi\/ride-on-toys\/","title":{"rendered":"\u0110\u1ed3 ch\u01a1i c\u01b0\u1ee1i ng\u1ef1a"},"content":{"rendered":"<div data-elementor-type=\"wp-page\" data-elementor-id=\"16677\" class=\"elementor elementor-16677\" data-elementor-post-type=\"page\">\n\t\t\t\t\t\t<section class=\"elementor-section elementor-top-section elementor-element elementor-element-35f67c8 elementor-section-boxed elementor-section-height-default elementor-section-height-default\" data-id=\"35f67c8\" data-element_type=\"section\" data-e-type=\"section\" data-settings=\"{&quot;background_background&quot;:&quot;classic&quot;,&quot;ekit_has_onepagescroll_dot&quot;:&quot;yes&quot;}\">\n\t\t\t\t\t\t\t<div class=\"elementor-background-overlay\"><\/div>\n\t\t\t\t\t\t\t<div class=\"elementor-container elementor-column-gap-default\">\n\t\t\t\t\t<div class=\"elementor-column elementor-col-50 elementor-top-column elementor-element elementor-element-ffae18b\" data-id=\"ffae18b\" data-element_type=\"column\" data-e-type=\"column\">\n\t\t\t<div class=\"elementor-widget-wrap elementor-element-populated\">\n\t\t\t\t\t\t<div class=\"elementor-element elementor-element-6db0934 elementor-widget elementor-widget-elementskit-heading\" data-id=\"6db0934\" data-element_type=\"widget\" data-e-type=\"widget\" data-settings=\"{&quot;ekit_we_effect_on&quot;:&quot;none&quot;}\" data-widget_type=\"elementskit-heading.default\">\n\t\t\t\t<div class=\"elementor-widget-container\">\n\t\t\t\t\t<div class=\"ekit-wid-con\" ><div class=\"ekit-heading elementskit-section-title-wraper text_left   ekit_heading_tablet-   ekit_heading_mobile-\"><h1 class=\"ekit-heading--title elementskit-section-title\">\u0110\u1ed3 ch\u01a1i c\u01b0\u1ee1i ng\u1ef1a<\/h1>\t\t\t\t<div class='ekit-heading__description'>\n\t\t\t\t\t<p>\u00cdt c\u00f3 th\u1ee9 g\u00ec mang l\u1ea1i ni\u1ec1m vui cho s\u00e2n ch\u01a1i m\u1ea7m non h\u01a1n \u0111\u1ed3 ch\u01a1i c\u01b0\u1ee1i. D\u00f9 l\u00e0 xe ba b\u00e1nh, xe scooter hay xe \u0111\u1ea9y, nh\u1eefng m\u00f3n \u0111\u1ed3 ch\u01a1i n\u00e0y \u0111\u1ec1u khuy\u1ebfn kh\u00edch tr\u1ebb v\u1eadn \u0111\u1ed9ng, kh\u00e1m ph\u00e1, ph\u00e1t tri\u1ec3n kh\u1ea3 n\u0103ng gi\u1eef th\u0103ng b\u1eb1ng v\u00e0 ph\u1ed1i h\u1ee3p. \u0110\u1ed3 ch\u01a1i c\u01b0\u1ee1i khuy\u1ebfn kh\u00edch tr\u1ebb phi\u00eau l\u01b0u ngo\u00e0i tr\u1eddi, c\u00e1c cu\u1ed9c \u0111ua th\u00e2n thi\u1ec7n v\u00e0 tinh th\u1ea7n \u0111\u1ed3ng \u0111\u1ed9i, gi\u00fap tr\u1ebb x\u00e2y d\u1ef1ng s\u1ee9c m\u1ea1nh v\u00e0 s\u1ef1 t\u1ef1 tin khi ch\u01a1i c\u00f9ng nhau.\u00a0<br \/><!-- notionvc: 8d637965-986c-43f1-b4ae-d5a1b8210128 --><\/p>\n\t\t\t\t<\/div>\n\t\t\t<\/div><\/div>\t\t\t\t<\/div>\n\t\t\t\t<\/div>\n\t\t\t\t<div class=\"elementor-element elementor-element-f90990d elementor-align-left elementor-widget elementor-widget-button\" data-id=\"f90990d\" data-element_type=\"widget\" data-e-type=\"widget\" data-settings=\"{&quot;ekit_we_effect_on&quot;:&quot;none&quot;}\" data-widget_type=\"button.default\">\n\t\t\t\t<div class=\"elementor-widget-container\">\n\t\t\t\t\t\t\t\t\t<div class=\"elementor-button-wrapper\">\n\t\t\t\t\t<a class=\"elementor-button elementor-button-link elementor-size-sm\" href=\"#elementor-action%3Aaction%3Dpopup%3Aopen%26settings%3DeyJpZCI6IjExMDAyIiwidG9nZ2xlIjpmYWxzZX0%3D\">\n\t\t\t\t\t\t<span class=\"elementor-button-content-wrapper\">\n\t\t\t\t\t\t\t\t\t<span class=\"elementor-button-text\">Nh\u1eadn b\u00e1o gi\u00e1 mi\u1ec5n ph\u00ed<\/span>\n\t\t\t\t\t<\/span>\n\t\t\t\t\t<\/a>\n\t\t\t\t<\/div>\n\t\t\t\t\t\t\t\t<\/div>\n\t\t\t\t<\/div>\n\t\t\t\t\t<\/div>\n\t\t<\/div>\n\t\t\t\t<div class=\"elementor-column elementor-col-50 elementor-top-column elementor-element elementor-element-28acc57\" data-id=\"28acc57\" data-element_type=\"column\" data-e-type=\"column\">\n\t\t\t<div class=\"elementor-widget-wrap elementor-element-populated\">\n\t\t\t\t\t\t<div class=\"elementor-element elementor-element-b56026c elementor-widget elementor-widget-image\" data-id=\"b56026c\" data-element_type=\"widget\" data-e-type=\"widget\" data-settings=\"{&quot;ekit_we_effect_on&quot;:&quot;none&quot;}\" data-widget_type=\"image.default\">\n\t\t\t\t<div class=\"elementor-widget-container\">\n\t\t\t\t\t\t\t\t\t\t\t\t\t\t\t<img fetchpriority=\"high\" decoding=\"async\" width=\"800\" height=\"560\" src=\"https:\/\/xiairworld.com\/wp-content\/uploads\/2025\/07\/Ride-On-Toys.webp\" class=\"attachment-large size-large wp-image-16772\" alt=\"\u0110\u1ed3 ch\u01a1i c\u01b0\u1ee1i ng\u1ef1a\" srcset=\"https:\/\/xiairworld.com\/wp-content\/uploads\/2025\/07\/Ride-On-Toys.webp 1000w, https:\/\/xiairworld.com\/wp-content\/uploads\/2025\/07\/Ride-On-Toys-300x210.webp 300w, https:\/\/xiairworld.com\/wp-content\/uploads\/2025\/07\/Ride-On-Toys-768x538.webp 768w, https:\/\/xiairworld.com\/wp-content\/uploads\/2025\/07\/Ride-On-Toys-18x12.webp 18w, https:\/\/xiairworld.com\/wp-content\/uploads\/2025\/07\/Ride-On-Toys-600x420.webp 600w\" sizes=\"(max-width: 800px) 100vw, 800px\" \/>\t\t\t\t\t\t\t\t\t\t\t\t\t\t\t<\/div>\n\t\t\t\t<\/div>\n\t\t\t\t\t<\/div>\n\t\t<\/div>\n\t\t\t\t\t<\/div>\n\t\t<\/section>\n\t\t\t\t<\/div>","protected":false},"excerpt":{"rendered":"<p>Ride On Toys Few things bring more joy to the preschool playground than ride-on toys. Whether it\u2019s a tricycle, a scooter, or a push car, these toys invite children to move, explore, and develop balance and coordination. Ride-on toys encourage outdoor adventure, friendly races, and teamwork, helping kids build strength and confidence as they play [&hellip;]<\/p>\n","protected":false},"author":1,"featured_media":0,"parent":0,"menu_order":0,"comment_status":"closed","ping_status":"closed","template":"","meta":{"footnotes":""},"class_list":["post-16677","page","type-page","status-publish","hentry"],"_links":{"self":[{"href":"https:\/\/xiairworld.com\/vi\/wp-json\/wp\/v2\/pages\/16677","targetHints":{"allow":["GET"]}}],"collection":[{"href":"https:\/\/xiairworld.com\/vi\/wp-json\/wp\/v2\/pages"}],"about":[{"href":"https:\/\/xiairworld.com\/vi\/wp-json\/wp\/v2\/types\/page"}],"author":[{"embeddable":true,"href":"https:\/\/xiairworld.com\/vi\/wp-json\/wp\/v2\/users\/1"}],"replies":[{"embeddable":true,"href":"https:\/\/xiairworld.com\/vi\/wp-json\/wp\/v2\/comments?post=16677"}],"version-history":[{"count":0,"href":"https:\/\/xiairworld.com\/vi\/wp-json\/wp\/v2\/pages\/16677\/revisions"}],"wp:attachment":[{"href":"https:\/\/xiairworld.com\/vi\/wp-json\/wp\/v2\/media?parent=16677"}],"curies":[{"name":"wp","href":"https:\/\/api.w.org\/{rel}","templated":true}]}}