{"id":16679,"date":"2025-07-11T15:11:01","date_gmt":"2025-07-11T07:11:01","guid":{"rendered":"https:\/\/xiairworld.com\/?page_id=16679"},"modified":"2025-07-11T17:28:39","modified_gmt":"2025-07-11T09:28:39","slug":"choi-tich-cuc","status":"publish","type":"page","link":"https:\/\/xiairworld.com\/vi\/active-play\/","title":{"rendered":"Ch\u01a1i t\u00edch c\u1ef1c"},"content":{"rendered":"<div data-elementor-type=\"wp-page\" data-elementor-id=\"16679\" class=\"elementor elementor-16679\" data-elementor-post-type=\"page\">\n\t\t\t\t\t\t<section class=\"elementor-section elementor-top-section elementor-element elementor-element-02b1558 elementor-section-boxed elementor-section-height-default elementor-section-height-default\" data-id=\"02b1558\" data-element_type=\"section\" data-e-type=\"section\" data-settings=\"{&quot;background_background&quot;:&quot;classic&quot;,&quot;ekit_has_onepagescroll_dot&quot;:&quot;yes&quot;}\">\n\t\t\t\t\t\t\t<div class=\"elementor-background-overlay\"><\/div>\n\t\t\t\t\t\t\t<div class=\"elementor-container elementor-column-gap-default\">\n\t\t\t\t\t<div class=\"elementor-column elementor-col-50 elementor-top-column elementor-element elementor-element-44693e8\" data-id=\"44693e8\" data-element_type=\"column\" data-e-type=\"column\">\n\t\t\t<div class=\"elementor-widget-wrap elementor-element-populated\">\n\t\t\t\t\t\t<div class=\"elementor-element elementor-element-ec945b5 elementor-widget elementor-widget-elementskit-heading\" data-id=\"ec945b5\" data-element_type=\"widget\" data-e-type=\"widget\" data-settings=\"{&quot;ekit_we_effect_on&quot;:&quot;none&quot;}\" data-widget_type=\"elementskit-heading.default\">\n\t\t\t\t<div class=\"elementor-widget-container\">\n\t\t\t\t\t<div class=\"ekit-wid-con\" ><div class=\"ekit-heading elementskit-section-title-wraper text_left   ekit_heading_tablet-   ekit_heading_mobile-\"><h1 class=\"ekit-heading--title elementskit-section-title\">Ch\u01a1i t\u00edch c\u1ef1c<\/h1>\t\t\t\t<div class='ekit-heading__description'>\n\t\t\t\t\t<p>Ho\u1ea1t \u0111\u1ed9ng vui ch\u01a1i v\u1eadn \u0111\u1ed9ng l\u00e0 c\u1ed1t l\u00f5i c\u1ee7a m\u1ed7i ng\u00e0y h\u1ecdc tuy\u1ec7t v\u1eddi \u1edf tr\u01b0\u1eddng m\u1ea7m non. Nh\u1eefng d\u1ee5ng c\u1ee5 \u0111\u01a1n gi\u1ea3n nh\u01b0 t\u00fai \u0111\u1eadu, v\u00f2ng v\u00e0 n\u00f3n gi\u00fap tr\u1ebb em nh\u1ea3y, ch\u1ea1y v\u00e0 c\u00f9ng nhau s\u00e1ng t\u1ea1o c\u00e1c tr\u00f2 ch\u01a1i m\u1edbi. Nh\u1eefng ho\u1ea1t \u0111\u1ed9ng n\u00e0y gi\u00fap tr\u1ebb v\u1eadn \u0111\u1ed9ng, r\u00e8n luy\u1ec7n kh\u1ea3 n\u0103ng ph\u1ed1i h\u1ee3p v\u00e0 l\u00e0m vi\u1ec7c nh\u00f3m, \u0111\u1ed3ng th\u1eddi mang \u0111\u1ebfn nh\u1eefng gi\u1edd ph\u00fat vui v\u1ebb ngo\u00e0i tr\u1eddi cho t\u1ea5t c\u1ea3 m\u1ecdi ng\u01b0\u1eddi. V\u1edbi nh\u1eefng c\u00f4ng c\u1ee5 ph\u00f9 h\u1ee3p cho ho\u1ea1t \u0111\u1ed9ng vui ch\u01a1i v\u1eadn \u0111\u1ed9ng, gi\u00e1o vi\u00ean c\u00f3 th\u1ec3 bi\u1ebfn b\u1ea5t k\u1ef3 kh\u00f4ng gian n\u00e0o th\u00e0nh s\u00e2n ch\u01a1i tr\u00e0n \u0111\u1ea7y n\u0103ng l\u01b0\u1ee3ng, ti\u1ebfng c\u01b0\u1eddi v\u00e0 h\u1ecdc t\u1eadp.<br \/><!-- notionvc: 8d637965-986c-43f1-b4ae-d5a1b8210128 --><\/p>\n\t\t\t\t<\/div>\n\t\t\t<\/div><\/div>\t\t\t\t<\/div>\n\t\t\t\t<\/div>\n\t\t\t\t<div class=\"elementor-element elementor-element-7f01c7a elementor-align-left elementor-widget elementor-widget-button\" data-id=\"7f01c7a\" data-element_type=\"widget\" data-e-type=\"widget\" data-settings=\"{&quot;ekit_we_effect_on&quot;:&quot;none&quot;}\" data-widget_type=\"button.default\">\n\t\t\t\t<div class=\"elementor-widget-container\">\n\t\t\t\t\t\t\t\t\t<div class=\"elementor-button-wrapper\">\n\t\t\t\t\t<a class=\"elementor-button elementor-button-link elementor-size-sm\" href=\"#elementor-action%3Aaction%3Dpopup%3Aopen%26settings%3DeyJpZCI6IjExMDAyIiwidG9nZ2xlIjpmYWxzZX0%3D\">\n\t\t\t\t\t\t<span class=\"elementor-button-content-wrapper\">\n\t\t\t\t\t\t\t\t\t<span class=\"elementor-button-text\">Nh\u1eadn b\u00e1o gi\u00e1 mi\u1ec5n ph\u00ed<\/span>\n\t\t\t\t\t<\/span>\n\t\t\t\t\t<\/a>\n\t\t\t\t<\/div>\n\t\t\t\t\t\t\t\t<\/div>\n\t\t\t\t<\/div>\n\t\t\t\t\t<\/div>\n\t\t<\/div>\n\t\t\t\t<div class=\"elementor-column elementor-col-50 elementor-top-column elementor-element elementor-element-38b7835\" data-id=\"38b7835\" data-element_type=\"column\" data-e-type=\"column\">\n\t\t\t<div class=\"elementor-widget-wrap elementor-element-populated\">\n\t\t\t\t\t\t<div class=\"elementor-element elementor-element-56357c2 elementor-widget elementor-widget-image\" data-id=\"56357c2\" data-element_type=\"widget\" data-e-type=\"widget\" data-settings=\"{&quot;ekit_we_effect_on&quot;:&quot;none&quot;}\" data-widget_type=\"image.default\">\n\t\t\t\t<div class=\"elementor-widget-container\">\n\t\t\t\t\t\t\t\t\t\t\t\t\t\t\t<img fetchpriority=\"high\" decoding=\"async\" width=\"800\" height=\"560\" src=\"https:\/\/xiairworld.com\/wp-content\/uploads\/2025\/07\/Outdoor-Active-Play.webp\" class=\"attachment-large size-large wp-image-16776\" alt=\"Ch\u01a1i v\u1eadn \u0111\u1ed9ng ngo\u00e0i tr\u1eddi\" srcset=\"https:\/\/xiairworld.com\/wp-content\/uploads\/2025\/07\/Outdoor-Active-Play.webp 1000w, https:\/\/xiairworld.com\/wp-content\/uploads\/2025\/07\/Outdoor-Active-Play-300x210.webp 300w, https:\/\/xiairworld.com\/wp-content\/uploads\/2025\/07\/Outdoor-Active-Play-768x538.webp 768w, https:\/\/xiairworld.com\/wp-content\/uploads\/2025\/07\/Outdoor-Active-Play-18x12.webp 18w, https:\/\/xiairworld.com\/wp-content\/uploads\/2025\/07\/Outdoor-Active-Play-600x420.webp 600w\" sizes=\"(max-width: 800px) 100vw, 800px\" \/>\t\t\t\t\t\t\t\t\t\t\t\t\t\t\t<\/div>\n\t\t\t\t<\/div>\n\t\t\t\t\t<\/div>\n\t\t<\/div>\n\t\t\t\t\t<\/div>\n\t\t<\/section>\n\t\t\t\t<\/div>","protected":false},"excerpt":{"rendered":"<p>Active Play Active play is at the heart of every great preschool day. Simple equipment like bean bags, hoops, and cones invites children to jump, run, and invent new games together. These activities keep kids moving, build coordination and teamwork, and make outdoor time fun for everyone. With the right tools for active play, teachers [&hellip;]<\/p>\n","protected":false},"author":1,"featured_media":0,"parent":0,"menu_order":0,"comment_status":"closed","ping_status":"closed","template":"","meta":{"footnotes":""},"class_list":["post-16679","page","type-page","status-publish","hentry"],"_links":{"self":[{"href":"https:\/\/xiairworld.com\/vi\/wp-json\/wp\/v2\/pages\/16679","targetHints":{"allow":["GET"]}}],"collection":[{"href":"https:\/\/xiairworld.com\/vi\/wp-json\/wp\/v2\/pages"}],"about":[{"href":"https:\/\/xiairworld.com\/vi\/wp-json\/wp\/v2\/types\/page"}],"author":[{"embeddable":true,"href":"https:\/\/xiairworld.com\/vi\/wp-json\/wp\/v2\/users\/1"}],"replies":[{"embeddable":true,"href":"https:\/\/xiairworld.com\/vi\/wp-json\/wp\/v2\/comments?post=16679"}],"version-history":[{"count":0,"href":"https:\/\/xiairworld.com\/vi\/wp-json\/wp\/v2\/pages\/16679\/revisions"}],"wp:attachment":[{"href":"https:\/\/xiairworld.com\/vi\/wp-json\/wp\/v2\/media?parent=16679"}],"curies":[{"name":"wp","href":"https:\/\/api.w.org\/{rel}","templated":true}]}}