{"id":16683,"date":"2025-07-11T15:11:45","date_gmt":"2025-07-11T07:11:45","guid":{"rendered":"https:\/\/xiairworld.com\/?page_id=16683"},"modified":"2025-07-11T17:40:34","modified_gmt":"2025-07-11T09:40:34","slug":"cap-sach","status":"publish","type":"page","link":"https:\/\/xiairworld.com\/vi\/school-bags\/","title":{"rendered":"C\u1eb7p s\u00e1ch"},"content":{"rendered":"<div data-elementor-type=\"wp-page\" data-elementor-id=\"16683\" class=\"elementor elementor-16683\" data-elementor-post-type=\"page\">\n\t\t\t\t\t\t<section class=\"elementor-section elementor-top-section elementor-element elementor-element-53d9a80 elementor-section-boxed elementor-section-height-default elementor-section-height-default\" data-id=\"53d9a80\" data-element_type=\"section\" data-e-type=\"section\" data-settings=\"{&quot;background_background&quot;:&quot;classic&quot;,&quot;ekit_has_onepagescroll_dot&quot;:&quot;yes&quot;}\">\n\t\t\t\t\t\t\t<div class=\"elementor-background-overlay\"><\/div>\n\t\t\t\t\t\t\t<div class=\"elementor-container elementor-column-gap-default\">\n\t\t\t\t\t<div class=\"elementor-column elementor-col-50 elementor-top-column elementor-element elementor-element-d6c2ead\" data-id=\"d6c2ead\" data-element_type=\"column\" data-e-type=\"column\">\n\t\t\t<div class=\"elementor-widget-wrap elementor-element-populated\">\n\t\t\t\t\t\t<div class=\"elementor-element elementor-element-e00ee8f elementor-widget elementor-widget-elementskit-heading\" data-id=\"e00ee8f\" data-element_type=\"widget\" data-e-type=\"widget\" data-settings=\"{&quot;ekit_we_effect_on&quot;:&quot;none&quot;}\" data-widget_type=\"elementskit-heading.default\">\n\t\t\t\t<div class=\"elementor-widget-container\">\n\t\t\t\t\t<div class=\"ekit-wid-con\" ><div class=\"ekit-heading elementskit-section-title-wraper text_left   ekit_heading_tablet-   ekit_heading_mobile-\"><h1 class=\"ekit-heading--title elementskit-section-title\">C\u1eb7p s\u00e1ch<\/h1>\t\t\t\t<div class='ekit-heading__description'>\n\t\t\t\t\t<p>C\u1eb7p s\u00e1ch bao g\u1ed3m t\u1ea5t c\u1ea3 c\u00e1c lo\u1ea1i t\u00fai thi\u1ebft y\u1ebfu m\u00e0 tr\u1ebb em c\u1ea7n cho vi\u1ec7c h\u1ecdc t\u1eadp v\u00e0 vui ch\u01a1i. T\u1eeb ba l\u00f4, t\u00fai \u0111\u1ef1ng \u0111\u1ed3 \u0103n tr\u01b0a \u0111\u1ebfn t\u00fai \u0111\u1ef1ng gh\u1ebf v\u00e0 t\u00fai du l\u1ecbch, nh\u1eefng s\u1ea3n ph\u1ea9m n\u00e0y gi\u00fap tr\u1ebb em lu\u00f4n ng\u0103n n\u1eafp, mang theo \u0111\u1ed3 d\u00f9ng c\u00e1 nh\u00e2n v\u00e0 gi\u1eef \u0111\u1ed3 \u0111\u1ea1c an to\u00e0n. \u0110\u01b0\u1ee3c thi\u1ebft k\u1ebf \u0111\u1ec3 d\u1ec5 s\u1eed d\u1ee5ng, b\u1ec1n b\u1ec9 v\u00e0 tho\u1ea3i m\u00e1i, c\u1eb7p s\u00e1ch c\u00f3 nhi\u1ec1u k\u00edch c\u1ee1, m\u00e0u s\u1eafc v\u00e0 ki\u1ec3u d\u00e1ng vui nh\u1ed9n. D\u00f9 l\u00e0 \u0111\u1ef1ng \u0111\u1ed3 \u0103n tr\u01b0a, \u0111\u1ed3 d\u00f9ng h\u1ecdc t\u1eadp hay \u0111\u1ed3 d\u00f9ng ngh\u1ec7 thu\u1eadt, nh\u1eefng chi\u1ebfc t\u00fai n\u00e0y gi\u00fap tr\u1ebb em d\u1ec5 d\u00e0ng qu\u1ea3n l\u00fd \u0111\u1ed3 \u0111\u1ea1c v\u00e0 r\u00e8n luy\u1ec7n t\u00ednh t\u1ef1 l\u1eadp trong sinh ho\u1ea1t h\u00e0ng ng\u00e0y. Ho\u00e0n h\u1ea3o cho l\u1edbp h\u1ecdc m\u1ea7m non, c\u00e1c chuy\u1ebfn \u0111i th\u1ef1c t\u1ebf ho\u1eb7c s\u1eed d\u1ee5ng t\u1ea1i nh\u00e0, ch\u00fang h\u1ed7 tr\u1ee3 tr\u1ebb em h\u1ecdc t\u1eadp v\u00e0 s\u1eafp x\u1ebfp \u0111\u1ed3 \u0111\u1ea1c ngay t\u1eeb nh\u1ecf.<br \/><!-- notionvc: 8d637965-986c-43f1-b4ae-d5a1b8210128 --><\/p>\n\t\t\t\t<\/div>\n\t\t\t<\/div><\/div>\t\t\t\t<\/div>\n\t\t\t\t<\/div>\n\t\t\t\t<div class=\"elementor-element elementor-element-4ba0b45 elementor-align-left elementor-widget elementor-widget-button\" data-id=\"4ba0b45\" data-element_type=\"widget\" data-e-type=\"widget\" data-settings=\"{&quot;ekit_we_effect_on&quot;:&quot;none&quot;}\" data-widget_type=\"button.default\">\n\t\t\t\t<div class=\"elementor-widget-container\">\n\t\t\t\t\t\t\t\t\t<div class=\"elementor-button-wrapper\">\n\t\t\t\t\t<a class=\"elementor-button elementor-button-link elementor-size-sm\" href=\"#elementor-action%3Aaction%3Dpopup%3Aopen%26settings%3DeyJpZCI6IjExMDAyIiwidG9nZ2xlIjpmYWxzZX0%3D\">\n\t\t\t\t\t\t<span class=\"elementor-button-content-wrapper\">\n\t\t\t\t\t\t\t\t\t<span class=\"elementor-button-text\">Nh\u1eadn b\u00e1o gi\u00e1 mi\u1ec5n ph\u00ed<\/span>\n\t\t\t\t\t<\/span>\n\t\t\t\t\t<\/a>\n\t\t\t\t<\/div>\n\t\t\t\t\t\t\t\t<\/div>\n\t\t\t\t<\/div>\n\t\t\t\t\t<\/div>\n\t\t<\/div>\n\t\t\t\t<div class=\"elementor-column elementor-col-50 elementor-top-column elementor-element elementor-element-ec54028\" data-id=\"ec54028\" data-element_type=\"column\" data-e-type=\"column\">\n\t\t\t<div class=\"elementor-widget-wrap elementor-element-populated\">\n\t\t\t\t\t\t<div class=\"elementor-element elementor-element-b91a7a3 elementor-widget elementor-widget-image\" data-id=\"b91a7a3\" data-element_type=\"widget\" data-e-type=\"widget\" data-settings=\"{&quot;ekit_we_effect_on&quot;:&quot;none&quot;}\" data-widget_type=\"image.default\">\n\t\t\t\t<div class=\"elementor-widget-container\">\n\t\t\t\t\t\t\t\t\t\t\t\t\t\t\t<img fetchpriority=\"high\" decoding=\"async\" width=\"800\" height=\"560\" src=\"https:\/\/xiairworld.com\/wp-content\/uploads\/2025\/07\/School-Bags.webp\" class=\"attachment-large size-large wp-image-16784\" alt=\"C\u1eb7p s\u00e1ch\" srcset=\"https:\/\/xiairworld.com\/wp-content\/uploads\/2025\/07\/School-Bags.webp 1000w, https:\/\/xiairworld.com\/wp-content\/uploads\/2025\/07\/School-Bags-300x210.webp 300w, https:\/\/xiairworld.com\/wp-content\/uploads\/2025\/07\/School-Bags-768x538.webp 768w, https:\/\/xiairworld.com\/wp-content\/uploads\/2025\/07\/School-Bags-18x12.webp 18w, https:\/\/xiairworld.com\/wp-content\/uploads\/2025\/07\/School-Bags-600x420.webp 600w\" sizes=\"(max-width: 800px) 100vw, 800px\" \/>\t\t\t\t\t\t\t\t\t\t\t\t\t\t\t<\/div>\n\t\t\t\t<\/div>\n\t\t\t\t\t<\/div>\n\t\t<\/div>\n\t\t\t\t\t<\/div>\n\t\t<\/section>\n\t\t\t\t<\/div>","protected":false},"excerpt":{"rendered":"<p>School Bags School bags cover all the essential bags that children need for school and play. From backpacks and lunch bags to chair bags and travel totes, these products help kids stay organized, carry their personal items, and keep their belongings secure. Designed for easy use, durability, and comfort, school bags come in a variety [&hellip;]<\/p>\n","protected":false},"author":1,"featured_media":0,"parent":0,"menu_order":0,"comment_status":"closed","ping_status":"closed","template":"","meta":{"footnotes":""},"class_list":["post-16683","page","type-page","status-publish","hentry"],"_links":{"self":[{"href":"https:\/\/xiairworld.com\/vi\/wp-json\/wp\/v2\/pages\/16683","targetHints":{"allow":["GET"]}}],"collection":[{"href":"https:\/\/xiairworld.com\/vi\/wp-json\/wp\/v2\/pages"}],"about":[{"href":"https:\/\/xiairworld.com\/vi\/wp-json\/wp\/v2\/types\/page"}],"author":[{"embeddable":true,"href":"https:\/\/xiairworld.com\/vi\/wp-json\/wp\/v2\/users\/1"}],"replies":[{"embeddable":true,"href":"https:\/\/xiairworld.com\/vi\/wp-json\/wp\/v2\/comments?post=16683"}],"version-history":[{"count":0,"href":"https:\/\/xiairworld.com\/vi\/wp-json\/wp\/v2\/pages\/16683\/revisions"}],"wp:attachment":[{"href":"https:\/\/xiairworld.com\/vi\/wp-json\/wp\/v2\/media?parent=16683"}],"curies":[{"name":"wp","href":"https:\/\/api.w.org\/{rel}","templated":true}]}}