{"id":16685,"date":"2025-07-11T15:12:05","date_gmt":"2025-07-11T07:12:05","guid":{"rendered":"https:\/\/xiairworld.com\/?page_id=16685"},"modified":"2025-07-18T18:17:45","modified_gmt":"2025-07-18T10:17:45","slug":"thung-dung-do-trong-lop-hoc","status":"publish","type":"page","link":"https:\/\/xiairworld.com\/vi\/classroom-storage-bins\/","title":{"rendered":"Th\u00f9ng \u0111\u1ef1ng \u0111\u1ed3 trong l\u1edbp h\u1ecdc"},"content":{"rendered":"<div data-elementor-type=\"wp-page\" data-elementor-id=\"16685\" class=\"elementor elementor-16685\" data-elementor-post-type=\"page\">\n\t\t\t\t\t\t<section class=\"elementor-section elementor-top-section elementor-element elementor-element-0f0899d elementor-section-boxed elementor-section-height-default elementor-section-height-default\" data-id=\"0f0899d\" data-element_type=\"section\" data-e-type=\"section\" data-settings=\"{&quot;background_background&quot;:&quot;classic&quot;,&quot;ekit_has_onepagescroll_dot&quot;:&quot;yes&quot;}\">\n\t\t\t\t\t\t\t<div class=\"elementor-background-overlay\"><\/div>\n\t\t\t\t\t\t\t<div class=\"elementor-container elementor-column-gap-default\">\n\t\t\t\t\t<div class=\"elementor-column elementor-col-50 elementor-top-column elementor-element elementor-element-88df093\" data-id=\"88df093\" data-element_type=\"column\" data-e-type=\"column\">\n\t\t\t<div class=\"elementor-widget-wrap elementor-element-populated\">\n\t\t\t\t\t\t<div class=\"elementor-element elementor-element-b25b7c6 elementor-widget elementor-widget-elementskit-heading\" data-id=\"b25b7c6\" data-element_type=\"widget\" data-e-type=\"widget\" data-settings=\"{&quot;ekit_we_effect_on&quot;:&quot;none&quot;}\" data-widget_type=\"elementskit-heading.default\">\n\t\t\t\t<div class=\"elementor-widget-container\">\n\t\t\t\t\t<div class=\"ekit-wid-con\" ><div class=\"ekit-heading elementskit-section-title-wraper text_left   ekit_heading_tablet-   ekit_heading_mobile-\"><h1 class=\"ekit-heading--title elementskit-section-title\">Th\u00f9ng \u0111\u1ef1ng \u0111\u1ed3 trong l\u1edbp h\u1ecdc<\/h1>\t\t\t\t<div class='ekit-heading__description'>\n\t\t\t\t\t<p>Vi\u1ec7c gi\u1eef l\u1edbp h\u1ecdc ng\u0103n n\u1eafp gi\u00fap m\u1ecdi th\u1ee9 di\u1ec5n ra su\u00f4n s\u1ebb h\u01a1n. Th\u00f9ng \u0111\u1ef1ng \u0111\u1ed3 d\u00f9ng h\u1ecdc t\u1eadp c\u1ee7a ch\u00fang t\u00f4i \u0111\u01b0\u1ee3c thi\u1ebft k\u1ebf \u0111\u1ec3 \u0111\u1ef1ng \u0111\u1ed3 ch\u01a1i, s\u00e1ch v\u1edf, d\u1ee5ng c\u1ee5 m\u1ef9 thu\u1eadt v\u00e0 c\u00e1c v\u1eadt d\u1ee5ng m\u1ea7m non kh\u00e1c m\u1ed9t c\u00e1ch g\u1ecdn g\u00e0ng v\u00e0 d\u1ec5 l\u1ea5y. Nh\u1eefng d\u1ee5ng c\u1ee5 m\u1ea7m non n\u00e0y c\u00f3 nhi\u1ec1u k\u00edch c\u1ee1 v\u00e0 m\u00e0u s\u1eafc kh\u00e1c nhau \u0111\u1ec3 ph\u00f9 h\u1ee3p v\u1edbi kh\u00f4ng gian c\u1ee7a b\u1ea1n v\u00e0 gi\u00fap vi\u1ec7c d\u1ecdn d\u1eb9p tr\u1edf n\u00ean nhanh ch\u00f3ng v\u00e0 \u0111\u01a1n gi\u1ea3n. V\u1edbi nh\u00e3n d\u00e1n r\u00f5 r\u00e0ng ho\u1eb7c m\u00e3 m\u00e0u, ngay c\u1ea3 tr\u1ebb nh\u1ecf c\u0169ng c\u00f3 th\u1ec3 bi\u1ebft \u0111\u01b0\u1ee3c v\u1ecb tr\u00ed c\u1ee7a t\u1eebng \u0111\u1ed3 v\u1eadt. Th\u00f9ng \u0111\u1ef1ng \u0111\u1ed3 gi\u00fap t\u1ea1o ra m\u1ed9t m\u00f4i tr\u01b0\u1eddng l\u1edbp h\u1ecdc g\u1ecdn g\u00e0ng v\u00e0 th\u00e2n thi\u1ec7n, n\u01a1i tr\u1ebb c\u00f3 th\u1ec3 t\u1eadp trung v\u00e0o vi\u1ec7c h\u1ecdc v\u00e0 vui ch\u01a1i.<br \/><!-- notionvc: 8d637965-986c-43f1-b4ae-d5a1b8210128 --><\/p>\n\t\t\t\t<\/div>\n\t\t\t<\/div><\/div>\t\t\t\t<\/div>\n\t\t\t\t<\/div>\n\t\t\t\t<div class=\"elementor-element elementor-element-7066da9 elementor-align-left elementor-widget elementor-widget-button\" data-id=\"7066da9\" data-element_type=\"widget\" data-e-type=\"widget\" data-settings=\"{&quot;ekit_we_effect_on&quot;:&quot;none&quot;}\" data-widget_type=\"button.default\">\n\t\t\t\t<div class=\"elementor-widget-container\">\n\t\t\t\t\t\t\t\t\t<div class=\"elementor-button-wrapper\">\n\t\t\t\t\t<a class=\"elementor-button elementor-button-link elementor-size-sm\" href=\"#elementor-action%3Aaction%3Dpopup%3Aopen%26settings%3DeyJpZCI6IjExMDAyIiwidG9nZ2xlIjpmYWxzZX0%3D\">\n\t\t\t\t\t\t<span class=\"elementor-button-content-wrapper\">\n\t\t\t\t\t\t\t\t\t<span class=\"elementor-button-text\">Nh\u1eadn b\u00e1o gi\u00e1 mi\u1ec5n ph\u00ed<\/span>\n\t\t\t\t\t<\/span>\n\t\t\t\t\t<\/a>\n\t\t\t\t<\/div>\n\t\t\t\t\t\t\t\t<\/div>\n\t\t\t\t<\/div>\n\t\t\t\t\t<\/div>\n\t\t<\/div>\n\t\t\t\t<div class=\"elementor-column elementor-col-50 elementor-top-column elementor-element elementor-element-e3c1fe4\" data-id=\"e3c1fe4\" data-element_type=\"column\" data-e-type=\"column\">\n\t\t\t<div class=\"elementor-widget-wrap elementor-element-populated\">\n\t\t\t\t\t\t<div class=\"elementor-element elementor-element-cf8f56b elementor-widget elementor-widget-image\" data-id=\"cf8f56b\" data-element_type=\"widget\" data-e-type=\"widget\" data-settings=\"{&quot;ekit_we_effect_on&quot;:&quot;none&quot;}\" data-widget_type=\"image.default\">\n\t\t\t\t<div class=\"elementor-widget-container\">\n\t\t\t\t\t\t\t\t\t\t\t\t\t\t\t<img fetchpriority=\"high\" decoding=\"async\" width=\"800\" height=\"560\" src=\"https:\/\/xiairworld.com\/wp-content\/uploads\/2025\/07\/Classroom-Storage-Bins.webp\" class=\"attachment-large size-large wp-image-16813\" alt=\"Th\u00f9ng \u0111\u1ef1ng \u0111\u1ed3 trong l\u1edbp h\u1ecdc\" srcset=\"https:\/\/xiairworld.com\/wp-content\/uploads\/2025\/07\/Classroom-Storage-Bins.webp 1000w, https:\/\/xiairworld.com\/wp-content\/uploads\/2025\/07\/Classroom-Storage-Bins-300x210.webp 300w, https:\/\/xiairworld.com\/wp-content\/uploads\/2025\/07\/Classroom-Storage-Bins-768x538.webp 768w, https:\/\/xiairworld.com\/wp-content\/uploads\/2025\/07\/Classroom-Storage-Bins-18x12.webp 18w, https:\/\/xiairworld.com\/wp-content\/uploads\/2025\/07\/Classroom-Storage-Bins-600x420.webp 600w\" sizes=\"(max-width: 800px) 100vw, 800px\" \/>\t\t\t\t\t\t\t\t\t\t\t\t\t\t\t<\/div>\n\t\t\t\t<\/div>\n\t\t\t\t\t<\/div>\n\t\t<\/div>\n\t\t\t\t\t<\/div>\n\t\t<\/section>\n\t\t\t\t<\/div>","protected":false},"excerpt":{"rendered":"<p>Classroom Storage Bins Keeping a classroom organized helps everything run more smoothly. Our classroom storage bins are made to hold toys, books, art supplies, and other preschool materials in a neat and easy-to-reach way. These preschool supplies come in different sizes and colors to fit your space and make cleanup quick and simple. With clear [&hellip;]<\/p>\n","protected":false},"author":1,"featured_media":0,"parent":0,"menu_order":0,"comment_status":"closed","ping_status":"closed","template":"","meta":{"footnotes":""},"class_list":["post-16685","page","type-page","status-publish","hentry"],"_links":{"self":[{"href":"https:\/\/xiairworld.com\/vi\/wp-json\/wp\/v2\/pages\/16685","targetHints":{"allow":["GET"]}}],"collection":[{"href":"https:\/\/xiairworld.com\/vi\/wp-json\/wp\/v2\/pages"}],"about":[{"href":"https:\/\/xiairworld.com\/vi\/wp-json\/wp\/v2\/types\/page"}],"author":[{"embeddable":true,"href":"https:\/\/xiairworld.com\/vi\/wp-json\/wp\/v2\/users\/1"}],"replies":[{"embeddable":true,"href":"https:\/\/xiairworld.com\/vi\/wp-json\/wp\/v2\/comments?post=16685"}],"version-history":[{"count":0,"href":"https:\/\/xiairworld.com\/vi\/wp-json\/wp\/v2\/pages\/16685\/revisions"}],"wp:attachment":[{"href":"https:\/\/xiairworld.com\/vi\/wp-json\/wp\/v2\/media?parent=16685"}],"curies":[{"name":"wp","href":"https:\/\/api.w.org\/{rel}","templated":true}]}}