{"id":16687,"date":"2025-07-11T15:12:31","date_gmt":"2025-07-11T07:12:31","guid":{"rendered":"https:\/\/xiairworld.com\/?page_id=16687"},"modified":"2025-07-18T18:20:38","modified_gmt":"2025-07-18T10:20:38","slug":"do-dung-ve-sinh","status":"publish","type":"page","link":"https:\/\/xiairworld.com\/vi\/hygiene-supplies\/","title":{"rendered":"V\u1eadt d\u1ee5ng v\u1ec7 sinh"},"content":{"rendered":"<div data-elementor-type=\"wp-page\" data-elementor-id=\"16687\" class=\"elementor elementor-16687\" data-elementor-post-type=\"page\">\n\t\t\t\t\t\t<section class=\"elementor-section elementor-top-section elementor-element elementor-element-87b5f16 elementor-section-boxed elementor-section-height-default elementor-section-height-default\" data-id=\"87b5f16\" data-element_type=\"section\" data-e-type=\"section\" data-settings=\"{&quot;background_background&quot;:&quot;classic&quot;,&quot;ekit_has_onepagescroll_dot&quot;:&quot;yes&quot;}\">\n\t\t\t\t\t\t\t<div class=\"elementor-background-overlay\"><\/div>\n\t\t\t\t\t\t\t<div class=\"elementor-container elementor-column-gap-default\">\n\t\t\t\t\t<div class=\"elementor-column elementor-col-50 elementor-top-column elementor-element elementor-element-36eb6f5\" data-id=\"36eb6f5\" data-element_type=\"column\" data-e-type=\"column\">\n\t\t\t<div class=\"elementor-widget-wrap elementor-element-populated\">\n\t\t\t\t\t\t<div class=\"elementor-element elementor-element-7f10559 elementor-widget elementor-widget-elementskit-heading\" data-id=\"7f10559\" data-element_type=\"widget\" data-e-type=\"widget\" data-settings=\"{&quot;ekit_we_effect_on&quot;:&quot;none&quot;}\" data-widget_type=\"elementskit-heading.default\">\n\t\t\t\t<div class=\"elementor-widget-container\">\n\t\t\t\t\t<div class=\"ekit-wid-con\" ><div class=\"ekit-heading elementskit-section-title-wraper text_left   ekit_heading_tablet-   ekit_heading_mobile-\"><h1 class=\"ekit-heading--title elementskit-section-title\">V\u1eadt d\u1ee5ng v\u1ec7 sinh<\/h1>\t\t\t\t<div class='ekit-heading__description'>\n\t\t\t\t\t<p>B\u00e0n tay s\u1ea1ch s\u1ebd v\u00e0 th\u00f3i quen l\u00e0nh m\u1ea1nh b\u1eaft \u0111\u1ea7u t\u1eeb l\u1edbp h\u1ecdc m\u1ea7m non. \u0110\u1ed3 d\u00f9ng v\u1ec7 sinh c\u1ee7a ch\u00fang t\u00f4i gi\u00fap gi\u00e1o vi\u00ean v\u00e0 tr\u1ebb em gi\u1eef kh\u00f4ng gian s\u1ea1ch s\u1ebd v\u00e0 kh\u00f4ng c\u00f3 vi khu\u1ea9n. Ch\u00fang t\u00f4i cung c\u1ea5p c\u00e1c v\u1eadt d\u1ee5ng nh\u01b0 kh\u0103n gi\u1ea5y, x\u00e0 ph\u00f2ng r\u1eeda tay, kh\u0103n lau, kh\u0103n gi\u1ea5y \u01b0\u1edbt v\u00e0 n\u01b0\u1edbc r\u1eeda tay kh\u00f4 an to\u00e0n v\u00e0 d\u1ec5 s\u1eed d\u1ee5ng cho tr\u1ebb nh\u1ecf. Nh\u1eefng \u0111\u1ed3 d\u00f9ng m\u1ea7m non n\u00e0y gi\u00fap d\u1ea1y tr\u1ebb t\u1ea7m quan tr\u1ecdng c\u1ee7a vi\u1ec7c r\u1eeda tay, che mi\u1ec7ng khi h\u1eaft h\u01a1i v\u00e0 gi\u1eef g\u00ecn v\u1ec7 sinh khu v\u1ef1c chung. M\u1ed9t l\u1edbp h\u1ecdc s\u1ea1ch s\u1ebd gi\u00fap m\u1ecdi ng\u01b0\u1eddi lu\u00f4n kh\u1ecfe m\u1ea1nh v\u00e0 s\u1eb5n s\u00e0ng h\u1ecdc t\u1eadp m\u1ed7i ng\u00e0y.<br \/><!-- notionvc: 8d637965-986c-43f1-b4ae-d5a1b8210128 --><\/p>\n\t\t\t\t<\/div>\n\t\t\t<\/div><\/div>\t\t\t\t<\/div>\n\t\t\t\t<\/div>\n\t\t\t\t<div class=\"elementor-element elementor-element-50d4a43 elementor-align-left elementor-widget elementor-widget-button\" data-id=\"50d4a43\" data-element_type=\"widget\" data-e-type=\"widget\" data-settings=\"{&quot;ekit_we_effect_on&quot;:&quot;none&quot;}\" data-widget_type=\"button.default\">\n\t\t\t\t<div class=\"elementor-widget-container\">\n\t\t\t\t\t\t\t\t\t<div class=\"elementor-button-wrapper\">\n\t\t\t\t\t<a class=\"elementor-button elementor-button-link elementor-size-sm\" href=\"#elementor-action%3Aaction%3Dpopup%3Aopen%26settings%3DeyJpZCI6IjExMDAyIiwidG9nZ2xlIjpmYWxzZX0%3D\">\n\t\t\t\t\t\t<span class=\"elementor-button-content-wrapper\">\n\t\t\t\t\t\t\t\t\t<span class=\"elementor-button-text\">Nh\u1eadn b\u00e1o gi\u00e1 mi\u1ec5n ph\u00ed<\/span>\n\t\t\t\t\t<\/span>\n\t\t\t\t\t<\/a>\n\t\t\t\t<\/div>\n\t\t\t\t\t\t\t\t<\/div>\n\t\t\t\t<\/div>\n\t\t\t\t\t<\/div>\n\t\t<\/div>\n\t\t\t\t<div class=\"elementor-column elementor-col-50 elementor-top-column elementor-element elementor-element-d8b08de\" data-id=\"d8b08de\" data-element_type=\"column\" data-e-type=\"column\">\n\t\t\t<div class=\"elementor-widget-wrap elementor-element-populated\">\n\t\t\t\t\t\t<div class=\"elementor-element elementor-element-78fedbe elementor-widget elementor-widget-image\" data-id=\"78fedbe\" data-element_type=\"widget\" data-e-type=\"widget\" data-settings=\"{&quot;ekit_we_effect_on&quot;:&quot;none&quot;}\" data-widget_type=\"image.default\">\n\t\t\t\t<div class=\"elementor-widget-container\">\n\t\t\t\t\t\t\t\t\t\t\t\t\t\t\t<img fetchpriority=\"high\" decoding=\"async\" width=\"800\" height=\"560\" src=\"https:\/\/xiairworld.com\/wp-content\/uploads\/2025\/07\/Hygiene-Supplies.webp\" class=\"attachment-large size-large wp-image-16818\" alt=\"V\u1eadt d\u1ee5ng v\u1ec7 sinh\" srcset=\"https:\/\/xiairworld.com\/wp-content\/uploads\/2025\/07\/Hygiene-Supplies.webp 1000w, https:\/\/xiairworld.com\/wp-content\/uploads\/2025\/07\/Hygiene-Supplies-300x210.webp 300w, https:\/\/xiairworld.com\/wp-content\/uploads\/2025\/07\/Hygiene-Supplies-768x538.webp 768w, https:\/\/xiairworld.com\/wp-content\/uploads\/2025\/07\/Hygiene-Supplies-18x12.webp 18w, https:\/\/xiairworld.com\/wp-content\/uploads\/2025\/07\/Hygiene-Supplies-600x420.webp 600w\" sizes=\"(max-width: 800px) 100vw, 800px\" \/>\t\t\t\t\t\t\t\t\t\t\t\t\t\t\t<\/div>\n\t\t\t\t<\/div>\n\t\t\t\t\t<\/div>\n\t\t<\/div>\n\t\t\t\t\t<\/div>\n\t\t<\/section>\n\t\t\t\t<\/div>","protected":false},"excerpt":{"rendered":"<p>Hygiene Supplies Clean hands and healthy habits start in the preschool classroom. Our hygiene supplies help teachers and children keep their space neat and germ-free. We offer items like tissues, hand soap, wipes, paper towels, and sanitizers that are safe and easy for young children to use. These preschool supplies help teach kids the importance [&hellip;]<\/p>\n","protected":false},"author":1,"featured_media":0,"parent":0,"menu_order":0,"comment_status":"closed","ping_status":"closed","template":"","meta":{"footnotes":""},"class_list":["post-16687","page","type-page","status-publish","hentry"],"_links":{"self":[{"href":"https:\/\/xiairworld.com\/vi\/wp-json\/wp\/v2\/pages\/16687","targetHints":{"allow":["GET"]}}],"collection":[{"href":"https:\/\/xiairworld.com\/vi\/wp-json\/wp\/v2\/pages"}],"about":[{"href":"https:\/\/xiairworld.com\/vi\/wp-json\/wp\/v2\/types\/page"}],"author":[{"embeddable":true,"href":"https:\/\/xiairworld.com\/vi\/wp-json\/wp\/v2\/users\/1"}],"replies":[{"embeddable":true,"href":"https:\/\/xiairworld.com\/vi\/wp-json\/wp\/v2\/comments?post=16687"}],"version-history":[{"count":0,"href":"https:\/\/xiairworld.com\/vi\/wp-json\/wp\/v2\/pages\/16687\/revisions"}],"wp:attachment":[{"href":"https:\/\/xiairworld.com\/vi\/wp-json\/wp\/v2\/media?parent=16687"}],"curies":[{"name":"wp","href":"https:\/\/api.w.org\/{rel}","templated":true}]}}