{"id":16691,"date":"2025-07-11T15:13:46","date_gmt":"2025-07-11T07:13:46","guid":{"rendered":"https:\/\/xiairworld.com\/?page_id=16691"},"modified":"2025-07-18T18:24:24","modified_gmt":"2025-07-18T10:24:24","slug":"sach-thieu-nhi","status":"publish","type":"page","link":"https:\/\/xiairworld.com\/vi\/childrens-books\/","title":{"rendered":"Children&#8217;s Books"},"content":{"rendered":"<div data-elementor-type=\"wp-page\" data-elementor-id=\"16691\" class=\"elementor elementor-16691\" data-elementor-post-type=\"page\">\n\t\t\t\t\t\t<section class=\"elementor-section elementor-top-section elementor-element elementor-element-bc618b0 elementor-section-boxed elementor-section-height-default elementor-section-height-default\" data-id=\"bc618b0\" data-element_type=\"section\" data-e-type=\"section\" data-settings=\"{&quot;background_background&quot;:&quot;classic&quot;,&quot;ekit_has_onepagescroll_dot&quot;:&quot;yes&quot;}\">\n\t\t\t\t\t\t\t<div class=\"elementor-background-overlay\"><\/div>\n\t\t\t\t\t\t\t<div class=\"elementor-container elementor-column-gap-default\">\n\t\t\t\t\t<div class=\"elementor-column elementor-col-50 elementor-top-column elementor-element elementor-element-4433ba8\" data-id=\"4433ba8\" data-element_type=\"column\" data-e-type=\"column\">\n\t\t\t<div class=\"elementor-widget-wrap elementor-element-populated\">\n\t\t\t\t\t\t<div class=\"elementor-element elementor-element-f395881 elementor-widget elementor-widget-elementskit-heading\" data-id=\"f395881\" data-element_type=\"widget\" data-e-type=\"widget\" data-settings=\"{&quot;ekit_we_effect_on&quot;:&quot;none&quot;}\" data-widget_type=\"elementskit-heading.default\">\n\t\t\t\t<div class=\"elementor-widget-container\">\n\t\t\t\t\t<div class=\"ekit-wid-con\" ><div class=\"ekit-heading elementskit-section-title-wraper text_left   ekit_heading_tablet-   ekit_heading_mobile-\"><h1 class=\"ekit-heading--title elementskit-section-title\">S\u00e1ch thi\u1ebfu nhi<\/h1>\t\t\t\t<div class='ekit-heading__description'>\n\t\t\t\t\t<p>S\u00e1ch thi\u1ebfu nhi l\u00e0 m\u1ed9t ph\u1ea7n quan tr\u1ecdng trong b\u1ea5t k\u1ef3 l\u1edbp h\u1ecdc m\u1ea7m non n\u00e0o. S\u00e1ch gi\u00fap tr\u1ebb nh\u1ecf h\u1ecdc t\u1eeb m\u1edbi, hi\u1ec3u c\u1ea3m x\u00fac v\u00e0 t\u1eadn h\u01b0\u1edfng nh\u1eefng kho\u1ea3ng th\u1eddi gian y\u00ean t\u0129nh qua nh\u1eefng c\u00e2u chuy\u1ec7n vui nh\u1ed9n v\u00e0 \u0111\u1ea7y m\u00e0u s\u1eafc. \u0110\u1ed3 d\u00f9ng h\u1ecdc t\u1eadp m\u1ea7m non c\u1ee7a ch\u00fang t\u00f4i bao g\u1ed3m \u0111a d\u1ea1ng s\u00e1ch tranh, s\u00e1ch truy\u1ec7n v\u00e0 s\u00e1ch gi\u00e1o d\u1ee5c s\u1edbm, h\u1ed7 tr\u1ee3 ph\u00e1t tri\u1ec3n ng\u00f4n ng\u1eef v\u00e0 kh\u01a1i g\u1ee3i tr\u00ed t\u01b0\u1edfng t\u01b0\u1ee3ng. D\u00f9 \u0111\u01b0\u1ee3c s\u1eed d\u1ee5ng trong gi\u1edd sinh ho\u1ea1t t\u1eadp th\u1ec3, \u0111\u1ecdc s\u00e1ch m\u1ed9t k\u00e8m m\u1ed9t hay ch\u01a1i t\u1ef1 do, s\u00e1ch thi\u1ebfu nhi \u0111\u1ec1u mang \u0111\u1ebfn cho tr\u1ebb c\u01a1 h\u1ed9i kh\u00e1m ph\u00e1 th\u1ebf gi\u1edbi qua nh\u1eefng c\u00e2u chuy\u1ec7n \u0111\u01b0\u1ee3c thi\u1ebft k\u1ebf ri\u00eang cho tr\u1ebb.<br \/><!-- notionvc: 8d637965-986c-43f1-b4ae-d5a1b8210128 --><\/p>\n\t\t\t\t<\/div>\n\t\t\t<\/div><\/div>\t\t\t\t<\/div>\n\t\t\t\t<\/div>\n\t\t\t\t<div class=\"elementor-element elementor-element-4e817f5 elementor-align-left elementor-widget elementor-widget-button\" data-id=\"4e817f5\" data-element_type=\"widget\" data-e-type=\"widget\" data-settings=\"{&quot;ekit_we_effect_on&quot;:&quot;none&quot;}\" data-widget_type=\"button.default\">\n\t\t\t\t<div class=\"elementor-widget-container\">\n\t\t\t\t\t\t\t\t\t<div class=\"elementor-button-wrapper\">\n\t\t\t\t\t<a class=\"elementor-button elementor-button-link elementor-size-sm\" href=\"#elementor-action%3Aaction%3Dpopup%3Aopen%26settings%3DeyJpZCI6IjExMDAyIiwidG9nZ2xlIjpmYWxzZX0%3D\">\n\t\t\t\t\t\t<span class=\"elementor-button-content-wrapper\">\n\t\t\t\t\t\t\t\t\t<span class=\"elementor-button-text\">Nh\u1eadn b\u00e1o gi\u00e1 mi\u1ec5n ph\u00ed<\/span>\n\t\t\t\t\t<\/span>\n\t\t\t\t\t<\/a>\n\t\t\t\t<\/div>\n\t\t\t\t\t\t\t\t<\/div>\n\t\t\t\t<\/div>\n\t\t\t\t\t<\/div>\n\t\t<\/div>\n\t\t\t\t<div class=\"elementor-column elementor-col-50 elementor-top-column elementor-element elementor-element-1437b67\" data-id=\"1437b67\" data-element_type=\"column\" data-e-type=\"column\">\n\t\t\t<div class=\"elementor-widget-wrap elementor-element-populated\">\n\t\t\t\t\t\t<div class=\"elementor-element elementor-element-ff78674 elementor-widget elementor-widget-image\" data-id=\"ff78674\" data-element_type=\"widget\" data-e-type=\"widget\" data-settings=\"{&quot;ekit_we_effect_on&quot;:&quot;none&quot;}\" data-widget_type=\"image.default\">\n\t\t\t\t<div class=\"elementor-widget-container\">\n\t\t\t\t\t\t\t\t\t\t\t\t\t\t\t<img fetchpriority=\"high\" decoding=\"async\" width=\"800\" height=\"560\" src=\"https:\/\/xiairworld.com\/wp-content\/uploads\/2025\/07\/Childrens-Books.webp\" class=\"attachment-large size-large wp-image-16826\" alt=\"S\u00e1ch thi\u1ebfu nhi\" srcset=\"https:\/\/xiairworld.com\/wp-content\/uploads\/2025\/07\/Childrens-Books.webp 1000w, https:\/\/xiairworld.com\/wp-content\/uploads\/2025\/07\/Childrens-Books-300x210.webp 300w, https:\/\/xiairworld.com\/wp-content\/uploads\/2025\/07\/Childrens-Books-768x538.webp 768w, https:\/\/xiairworld.com\/wp-content\/uploads\/2025\/07\/Childrens-Books-18x12.webp 18w, https:\/\/xiairworld.com\/wp-content\/uploads\/2025\/07\/Childrens-Books-600x420.webp 600w\" sizes=\"(max-width: 800px) 100vw, 800px\" \/>\t\t\t\t\t\t\t\t\t\t\t\t\t\t\t<\/div>\n\t\t\t\t<\/div>\n\t\t\t\t\t<\/div>\n\t\t<\/div>\n\t\t\t\t\t<\/div>\n\t\t<\/section>\n\t\t\t\t<\/div>","protected":false},"excerpt":{"rendered":"<p>Children\u2019s Books Children\u2019s books are an important part of any preschool classroom. They help young children learn new words, understand emotions, and enjoy quiet time through fun and colorful stories. Our preschool supplies include a wide range of picture books, storybooks, and early learning books that support language development and spark imagination. Whether used during [&hellip;]<\/p>\n","protected":false},"author":1,"featured_media":0,"parent":0,"menu_order":0,"comment_status":"closed","ping_status":"closed","template":"","meta":{"footnotes":""},"class_list":["post-16691","page","type-page","status-publish","hentry"],"_links":{"self":[{"href":"https:\/\/xiairworld.com\/vi\/wp-json\/wp\/v2\/pages\/16691","targetHints":{"allow":["GET"]}}],"collection":[{"href":"https:\/\/xiairworld.com\/vi\/wp-json\/wp\/v2\/pages"}],"about":[{"href":"https:\/\/xiairworld.com\/vi\/wp-json\/wp\/v2\/types\/page"}],"author":[{"embeddable":true,"href":"https:\/\/xiairworld.com\/vi\/wp-json\/wp\/v2\/users\/1"}],"replies":[{"embeddable":true,"href":"https:\/\/xiairworld.com\/vi\/wp-json\/wp\/v2\/comments?post=16691"}],"version-history":[{"count":0,"href":"https:\/\/xiairworld.com\/vi\/wp-json\/wp\/v2\/pages\/16691\/revisions"}],"wp:attachment":[{"href":"https:\/\/xiairworld.com\/vi\/wp-json\/wp\/v2\/media?parent=16691"}],"curies":[{"name":"wp","href":"https:\/\/api.w.org\/{rel}","templated":true}]}}