{"id":16699,"date":"2025-07-11T15:37:38","date_gmt":"2025-07-11T07:37:38","guid":{"rendered":"https:\/\/xiairworld.com\/?page_id=16699"},"modified":"2025-07-18T18:35:35","modified_gmt":"2025-07-18T10:35:35","slug":"ghe-cao","status":"publish","type":"page","link":"https:\/\/xiairworld.com\/vi\/high-chair\/","title":{"rendered":"Gh\u1ebf cao"},"content":{"rendered":"<div data-elementor-type=\"wp-page\" data-elementor-id=\"16699\" class=\"elementor elementor-16699\" data-elementor-post-type=\"page\">\n\t\t\t\t\t\t<section class=\"elementor-section elementor-top-section elementor-element elementor-element-ed94f69 elementor-section-boxed elementor-section-height-default elementor-section-height-default\" data-id=\"ed94f69\" data-element_type=\"section\" data-e-type=\"section\" data-settings=\"{&quot;background_background&quot;:&quot;classic&quot;,&quot;ekit_has_onepagescroll_dot&quot;:&quot;yes&quot;}\">\n\t\t\t\t\t\t\t<div class=\"elementor-background-overlay\"><\/div>\n\t\t\t\t\t\t\t<div class=\"elementor-container elementor-column-gap-default\">\n\t\t\t\t\t<div class=\"elementor-column elementor-col-50 elementor-top-column elementor-element elementor-element-ebfe4ee\" data-id=\"ebfe4ee\" data-element_type=\"column\" data-e-type=\"column\">\n\t\t\t<div class=\"elementor-widget-wrap elementor-element-populated\">\n\t\t\t\t\t\t<div class=\"elementor-element elementor-element-abc0935 elementor-widget elementor-widget-elementskit-heading\" data-id=\"abc0935\" data-element_type=\"widget\" data-e-type=\"widget\" data-settings=\"{&quot;ekit_we_effect_on&quot;:&quot;none&quot;}\" data-widget_type=\"elementskit-heading.default\">\n\t\t\t\t<div class=\"elementor-widget-container\">\n\t\t\t\t\t<div class=\"ekit-wid-con\" ><div class=\"ekit-heading elementskit-section-title-wraper text_left   ekit_heading_tablet-   ekit_heading_mobile-\"><h1 class=\"ekit-heading--title elementskit-section-title\">Gh\u1ebf cao<\/h1>\t\t\t\t<div class='ekit-heading__description'>\n\t\t\t\t\t<p>Gh\u1ebf \u0103n d\u1eb7m l\u00e0 m\u1ed9t ph\u1ea7n thi\u1ebft y\u1ebfu trong th\u00f3i quen sinh ho\u1ea1t h\u00e0ng ng\u00e0y c\u1ee7a tr\u1ebb s\u01a1 sinh v\u00e0 tr\u1ebb nh\u1ecf. Gh\u1ebf l\u00e0 n\u01a1i an to\u00e0n v\u00e0 v\u1eefng ch\u1eafc \u0111\u1ec3 cho b\u00e9 \u0103n, ch\u01a1i \u0111\u00f9a ho\u1eb7c c\u00f9ng gia \u0111\u00ecnh th\u01b0\u1edfng th\u1ee9c b\u1eefa \u0103n. Gh\u1ebf \u0103n d\u1eb7m c\u1ee7a ch\u00fang t\u00f4i \u0111\u01b0\u1ee3c thi\u1ebft k\u1ebf ch\u00fa tr\u1ecdng \u0111\u1ebfn s\u1ef1 tho\u1ea3i m\u00e1i, an to\u00e0n v\u00e0 d\u1ec5 v\u1ec7 sinh\u2014ho\u00e0n h\u1ea3o cho c\u1ea3 gia \u0111\u00ecnh v\u00e0 nh\u00e0 tr\u1ebb. M\u1ed9t chi\u1ebfc gh\u1ebf \u0103n d\u1eb7m \u0111\u01b0\u1ee3c thi\u1ebft k\u1ebf t\u1ed1t kh\u00f4ng ch\u1ec9 gi\u00fap b\u00e9 an to\u00e0n m\u00e0 c\u00f2n h\u1ed7 tr\u1ee3 t\u01b0 th\u1ebf v\u00e0 s\u1ef1 t\u1ef1 l\u1eadp c\u1ee7a b\u00e9. \u0110\u00e2y l\u00e0 v\u1eadt d\u1ee5ng kh\u00f4ng th\u1ec3 thi\u1ebfu trong b\u1ea5t k\u1ef3 ph\u00f2ng ch\u01a1i ho\u1eb7c ph\u00f2ng \u0103n n\u00e0o \u0111\u01b0\u1ee3c chu\u1ea9n b\u1ecb chu \u0111\u00e1o.<br \/><!-- notionvc: 8d637965-986c-43f1-b4ae-d5a1b8210128 --><\/p>\n\t\t\t\t<\/div>\n\t\t\t<\/div><\/div>\t\t\t\t<\/div>\n\t\t\t\t<\/div>\n\t\t\t\t<div class=\"elementor-element elementor-element-e9bfb75 elementor-align-left elementor-widget elementor-widget-button\" data-id=\"e9bfb75\" data-element_type=\"widget\" data-e-type=\"widget\" data-settings=\"{&quot;ekit_we_effect_on&quot;:&quot;none&quot;}\" data-widget_type=\"button.default\">\n\t\t\t\t<div class=\"elementor-widget-container\">\n\t\t\t\t\t\t\t\t\t<div class=\"elementor-button-wrapper\">\n\t\t\t\t\t<a class=\"elementor-button elementor-button-link elementor-size-sm\" href=\"#elementor-action%3Aaction%3Dpopup%3Aopen%26settings%3DeyJpZCI6IjExMDAyIiwidG9nZ2xlIjpmYWxzZX0%3D\">\n\t\t\t\t\t\t<span class=\"elementor-button-content-wrapper\">\n\t\t\t\t\t\t\t\t\t<span class=\"elementor-button-text\">Nh\u1eadn b\u00e1o gi\u00e1 mi\u1ec5n ph\u00ed<\/span>\n\t\t\t\t\t<\/span>\n\t\t\t\t\t<\/a>\n\t\t\t\t<\/div>\n\t\t\t\t\t\t\t\t<\/div>\n\t\t\t\t<\/div>\n\t\t\t\t\t<\/div>\n\t\t<\/div>\n\t\t\t\t<div class=\"elementor-column elementor-col-50 elementor-top-column elementor-element elementor-element-7c46927\" data-id=\"7c46927\" data-element_type=\"column\" data-e-type=\"column\">\n\t\t\t<div class=\"elementor-widget-wrap elementor-element-populated\">\n\t\t\t\t\t\t<div class=\"elementor-element elementor-element-19e6931 elementor-widget elementor-widget-image\" data-id=\"19e6931\" data-element_type=\"widget\" data-e-type=\"widget\" data-settings=\"{&quot;ekit_we_effect_on&quot;:&quot;none&quot;}\" data-widget_type=\"image.default\">\n\t\t\t\t<div class=\"elementor-widget-container\">\n\t\t\t\t\t\t\t\t\t\t\t\t\t\t\t<img fetchpriority=\"high\" decoding=\"async\" width=\"800\" height=\"560\" src=\"https:\/\/xiairworld.com\/wp-content\/uploads\/2025\/07\/High-Chair.webp\" class=\"attachment-large size-large wp-image-16848\" alt=\"Gh\u1ebf cao\" srcset=\"https:\/\/xiairworld.com\/wp-content\/uploads\/2025\/07\/High-Chair.webp 1000w, https:\/\/xiairworld.com\/wp-content\/uploads\/2025\/07\/High-Chair-300x210.webp 300w, https:\/\/xiairworld.com\/wp-content\/uploads\/2025\/07\/High-Chair-768x538.webp 768w, https:\/\/xiairworld.com\/wp-content\/uploads\/2025\/07\/High-Chair-18x12.webp 18w, https:\/\/xiairworld.com\/wp-content\/uploads\/2025\/07\/High-Chair-600x420.webp 600w\" sizes=\"(max-width: 800px) 100vw, 800px\" \/>\t\t\t\t\t\t\t\t\t\t\t\t\t\t\t<\/div>\n\t\t\t\t<\/div>\n\t\t\t\t\t<\/div>\n\t\t<\/div>\n\t\t\t\t\t<\/div>\n\t\t<\/section>\n\t\t\t\t<\/div>","protected":false},"excerpt":{"rendered":"<p>High Chair A high chair is an essential part of daily routines for babies and toddlers. It provides a safe and stable place for feeding, playing, or joining family mealtimes. Our high chairs are made with comfort, safety, and easy cleaning in mind\u2014perfect for both home and daycare use. A well-designed high chair not only [&hellip;]<\/p>\n","protected":false},"author":1,"featured_media":0,"parent":0,"menu_order":0,"comment_status":"closed","ping_status":"closed","template":"","meta":{"footnotes":""},"class_list":["post-16699","page","type-page","status-publish","hentry"],"_links":{"self":[{"href":"https:\/\/xiairworld.com\/vi\/wp-json\/wp\/v2\/pages\/16699","targetHints":{"allow":["GET"]}}],"collection":[{"href":"https:\/\/xiairworld.com\/vi\/wp-json\/wp\/v2\/pages"}],"about":[{"href":"https:\/\/xiairworld.com\/vi\/wp-json\/wp\/v2\/types\/page"}],"author":[{"embeddable":true,"href":"https:\/\/xiairworld.com\/vi\/wp-json\/wp\/v2\/users\/1"}],"replies":[{"embeddable":true,"href":"https:\/\/xiairworld.com\/vi\/wp-json\/wp\/v2\/comments?post=16699"}],"version-history":[{"count":0,"href":"https:\/\/xiairworld.com\/vi\/wp-json\/wp\/v2\/pages\/16699\/revisions"}],"wp:attachment":[{"href":"https:\/\/xiairworld.com\/vi\/wp-json\/wp\/v2\/media?parent=16699"}],"curies":[{"name":"wp","href":"https:\/\/api.w.org\/{rel}","templated":true}]}}