{"id":8589,"date":"2024-05-21T15:30:14","date_gmt":"2024-05-21T07:30:14","guid":{"rendered":"https:\/\/xiairworld.com\/?page_id=8589"},"modified":"2025-03-07T15:38:19","modified_gmt":"2025-03-07T07:38:19","slug":"choi-the-duc","status":"publish","type":"page","link":"https:\/\/xiairworld.com\/vi\/play-gym\/","title":{"rendered":"Ch\u01a1i ph\u00f2ng t\u1eadp th\u1ec3 d\u1ee5c"},"content":{"rendered":"<div data-elementor-type=\"wp-page\" data-elementor-id=\"8589\" class=\"elementor elementor-8589\" data-elementor-post-type=\"page\">\n\t\t\t\t\t\t<section class=\"elementor-section elementor-top-section elementor-element elementor-element-abfd052 elementor-section-full_width elementor-section-height-default elementor-section-height-default\" data-id=\"abfd052\" data-element_type=\"section\" data-e-type=\"section\" data-settings=\"{&quot;background_background&quot;:&quot;classic&quot;,&quot;ekit_has_onepagescroll_dot&quot;:&quot;yes&quot;}\">\n\t\t\t\t\t\t<div class=\"elementor-container elementor-column-gap-no\">\n\t\t\t\t\t<div class=\"elementor-column elementor-col-100 elementor-top-column elementor-element elementor-element-ca061ac\" data-id=\"ca061ac\" data-element_type=\"column\" data-e-type=\"column\">\n\t\t\t<div class=\"elementor-widget-wrap elementor-element-populated\">\n\t\t\t\t\t\t<div class=\"elementor-element elementor-element-41baf04 elementor-widget elementor-widget-elementskit-heading\" data-id=\"41baf04\" data-element_type=\"widget\" data-e-type=\"widget\" data-settings=\"{&quot;ekit_we_effect_on&quot;:&quot;none&quot;}\" data-widget_type=\"elementskit-heading.default\">\n\t\t\t\t<div class=\"elementor-widget-container\">\n\t\t\t\t\t<div class=\"ekit-wid-con\" ><div class=\"ekit-heading elementskit-section-title-wraper center   ekit_heading_tablet-   ekit_heading_mobile-\"><h1 class=\"ekit-heading--title elementskit-section-title\">Ch\u01a1i ph\u00f2ng t\u1eadp th\u1ec3 d\u1ee5c<\/h1>\t\t\t\t<div class='ekit-heading__description'>\n\t\t\t\t\t<p>Kh\u00e1m ph\u00e1 b\u1ed9 s\u01b0u t\u1eadp Play Gym c\u1ee7a ch\u00fang t\u00f4i t\u1ea1i Xiair World, \u0111\u01b0\u1ee3c thi\u1ebft k\u1ebf \u0111\u1ec3 th\u00fac \u0111\u1ea9y s\u1ef1 ph\u00e1t tri\u1ec3n v\u00e0 vui ch\u01a1i n\u0103ng \u0111\u1ed9ng \u1edf tr\u1ebb nh\u1ecf. \u0110\u01b0\u1ee3c ch\u1ebf t\u1ea1o b\u1eb1ng v\u1eadt li\u1ec7u th\u00e2n thi\u1ec7n v\u1edbi m\u00f4i tr\u01b0\u1eddng \u0111\u1ec3 \u0111\u1ea3m b\u1ea3o an to\u00e0n v\u00e0 \u0111\u1ed9 b\u1ec1n, ph\u00f2ng t\u1eadp ch\u01a1i c\u1ee7a ch\u00fang t\u00f4i k\u00edch th\u00edch c\u00e1c k\u1ef9 n\u0103ng v\u1eadn \u0111\u1ed9ng, ph\u1ed1i h\u1ee3p v\u00e0 gi\u1eef th\u0103ng b\u1eb1ng. Ho\u00e0n h\u1ea3o cho m\u1ecdi b\u1ed1i c\u1ea3nh, ch\u00fang \u0111\u1ea3m b\u1ea3o vi\u1ec7c h\u1ecdc t\u1eadp vui v\u1ebb v\u00e0 ni\u1ec1m vui b\u1ea5t t\u1eadn. Kh\u00e1m ph\u00e1 ph\u00f2ng t\u1eadp ch\u01a1i l\u00fd t\u01b0\u1edfng cho con b\u1ea1n t\u1ea1i \u0111\u00e2y.<\/p>\n\t\t\t\t<\/div>\n\t\t\t<\/div><\/div>\t\t\t\t<\/div>\n\t\t\t\t<\/div>\n\t\t\t\t<section class=\"elementor-section elementor-inner-section elementor-element elementor-element-26b26f5 elementor-section-boxed elementor-section-height-default elementor-section-height-default\" data-id=\"26b26f5\" data-element_type=\"section\" data-e-type=\"section\" data-settings=\"{&quot;ekit_has_onepagescroll_dot&quot;:&quot;yes&quot;}\">\n\t\t\t\t\t\t<div class=\"elementor-container elementor-column-gap-default\">\n\t\t\t\t\t<div class=\"elementor-column elementor-col-50 elementor-inner-column elementor-element elementor-element-8a235bd\" data-id=\"8a235bd\" data-element_type=\"column\" data-e-type=\"column\" data-settings=\"{&quot;background_background&quot;:&quot;classic&quot;}\">\n\t\t\t<div class=\"elementor-widget-wrap elementor-element-populated\">\n\t\t\t\t\t\t<section class=\"elementor-section elementor-inner-section elementor-element elementor-element-82bd045 elementor-section-boxed elementor-section-height-default elementor-section-height-default\" data-id=\"82bd045\" data-element_type=\"section\" data-e-type=\"section\" data-settings=\"{&quot;background_background&quot;:&quot;classic&quot;,&quot;ekit_has_onepagescroll_dot&quot;:&quot;yes&quot;}\">\n\t\t\t\t\t\t<div class=\"elementor-container elementor-column-gap-default\">\n\t\t\t\t\t<div class=\"elementor-column elementor-col-100 elementor-inner-column elementor-element elementor-element-75a3d0f\" data-id=\"75a3d0f\" data-element_type=\"column\" data-e-type=\"column\">\n\t\t\t<div class=\"elementor-widget-wrap elementor-element-populated\">\n\t\t\t\t\t\t<div class=\"elementor-element elementor-element-33cf358 elementor-widget elementor-widget-heading\" data-id=\"33cf358\" data-element_type=\"widget\" data-e-type=\"widget\" data-settings=\"{&quot;ekit_we_effect_on&quot;:&quot;none&quot;}\" data-widget_type=\"heading.default\">\n\t\t\t\t<div class=\"elementor-widget-container\">\n\t\t\t\t\t<h2 class=\"elementor-heading-title elementor-size-default\">Th\u1ec3 lo\u1ea1i<\/h2>\t\t\t\t<\/div>\n\t\t\t\t<\/div>\n\t\t\t\t<div class=\"elementor-element elementor-element-62e32dd uael-submenu-icon-plus uael-nav-menu__align-left uael-link-redirect-child uael-nav-menu__breakpoint-tablet uael-nav-menu-toggle-label-no elementor-widget elementor-widget-uael-nav-menu\" data-id=\"62e32dd\" data-element_type=\"widget\" data-e-type=\"widget\" data-settings=\"{&quot;ekit_we_effect_on&quot;:&quot;none&quot;}\" data-widget_type=\"uael-nav-menu.default\">\n\t\t\t\t<div class=\"elementor-widget-container\">\n\t\t\t\t\t\t\t<div class=\"uael-nav-menu uael-layout-vertical uael-nav-menu-layout\" data-layout=\"vertical\">\n\t\t\t\t<div role=\"button\" class=\"uael-nav-menu__toggle elementor-clickable\">\n\t\t\t\t\t<span class=\"screen-reader-text\">Menu ch\u00ednh<\/span>\n\t\t\t\t\t<div class=\"uael-nav-menu-icon\">\n\t\t\t\t\t\t<i aria-hidden=\"true\" class=\"fas fa-align-justify\"><\/i>\t\t\t\t\t<\/div>\n\t\t\t\t\t\t\t\t\t<\/div>\n\t\t\t\t\t\t\t\t\t\t<nav class=\"uael-nav-menu__layout-vertical uael-nav-menu__submenu-plus\" data-toggle-icon=\"&lt;i aria-hidden=&quot;true&quot; class=&quot;fas fa-align-justify&quot;&gt;&lt;\/i&gt;\" data-close-icon=\"&lt;i aria-hidden=&quot;true&quot; class=&quot;far fa-window-close&quot;&gt;&lt;\/i&gt;\" data-full-width=\"yes\">\n\t\t\t <ul class=\"uael-nav-menu uael-nav-menu-custom uael-custom-wrapper\"><li class=\"menu-item menu-item-has-children parent parent-has-no-child elementor-repeater-item-3d9bf3e\" data-dropdown-width=\"default\" data-dropdown-pos=\"left\"><a href=\"https:\/\/xiairworld.com\/vi\/do-noi-that-lop-hoc\/\" target=\"_blank\" class='uael-menu-item'>N\u1ed9i th\u1ea5t l\u1edbp h\u1ecdc<span class='uael-menu-toggle sub-arrow parent-item'><i class='fa'><\/i><\/span><\/a><li class=\"menu-item menu-item-has-children parent parent-has-no-child elementor-repeater-item-9e8f2a4\" data-dropdown-width=\"default\" data-dropdown-pos=\"left\"><a href=\"https:\/\/xiairworld.com\/vi\/do-choi-lop-hoc\/\" target=\"_blank\" class='uael-menu-item'>\u0110\u1ed3 ch\u01a1i l\u1edbp h\u1ecdc<span class='uael-menu-toggle sub-arrow parent-item'><i class='fa'><\/i><\/span><\/a><li class=\"menu-item menu-item-has-children parent parent-has-no-child elementor-repeater-item-118e6ec\" data-dropdown-width=\"default\" data-dropdown-pos=\"left\"><a href=\"https:\/\/xiairworld.com\/vi\/do-noi-that-ngoai-troi\/\" target=\"_blank\" class='uael-menu-item'>\u0110\u1ed3 n\u1ed9i th\u1ea5t ngo\u00e0i tr\u1eddi<span class='uael-menu-toggle sub-arrow parent-item'><i class='fa'><\/i><\/span><\/a><li class=\"menu-item menu-item-has-children parent parent-has-no-child elementor-repeater-item-69947d1\" data-dropdown-width=\"default\" data-dropdown-pos=\"left\"><a href=\"https:\/\/xiairworld.com\/vi\/do-dung-mam-non\/\" target=\"_blank\" class='uael-menu-item'>\u0110\u1ed3 d\u00f9ng m\u1ea7m non<span class='uael-menu-toggle sub-arrow parent-item'><i class='fa'><\/i><\/span><\/a><li class=\"menu-item menu-item-has-children parent parent-has-no-child elementor-repeater-item-280a69e\" data-dropdown-width=\"default\" data-dropdown-pos=\"left\"><a href=\"https:\/\/xiairworld.com\/vi\/choi-the-duc\/\" target=\"_blank\" class='uael-menu-item'>Ch\u01a1i ph\u00f2ng t\u1eadp th\u1ec3 d\u1ee5c<span class='uael-menu-toggle sub-arrow parent-item'><i class='fa'><\/i><\/span><\/a><\/ul>\t\t<\/nav>\n\t\t\t\t\t\t\t<\/div>\n\t\t\t\t\t\t\t<\/div>\n\t\t\t\t<\/div>\n\t\t\t\t\t<\/div>\n\t\t<\/div>\n\t\t\t\t\t<\/div>\n\t\t<\/section>\n\t\t\t\t\t<\/div>\n\t\t<\/div>\n\t\t\t\t<div class=\"elementor-column elementor-col-50 elementor-inner-column elementor-element elementor-element-32184e4\" data-id=\"32184e4\" data-element_type=\"column\" data-e-type=\"column\">\n\t\t\t<div class=\"elementor-widget-wrap elementor-element-populated\">\n\t\t\t\t\t\t<section class=\"elementor-section elementor-inner-section elementor-element elementor-element-d715001 elementor-section-boxed elementor-section-height-default elementor-section-height-default\" data-id=\"d715001\" data-element_type=\"section\" data-e-type=\"section\" data-settings=\"{&quot;ekit_has_onepagescroll_dot&quot;:&quot;yes&quot;}\">\n\t\t\t\t\t\t<div class=\"elementor-container elementor-column-gap-default\">\n\t\t\t\t\t<div class=\"elementor-column elementor-col-33 elementor-inner-column elementor-element elementor-element-d158de6\" data-id=\"d158de6\" data-element_type=\"column\" data-e-type=\"column\">\n\t\t\t<div class=\"elementor-widget-wrap elementor-element-populated\">\n\t\t\t\t\t\t<div class=\"elementor-element elementor-element-35471c6 ekit-equal-height-disable elementor-widget elementor-widget-elementskit-image-box\" data-id=\"35471c6\" data-element_type=\"widget\" data-e-type=\"widget\" data-settings=\"{&quot;ekit_we_effect_on&quot;:&quot;none&quot;}\" data-widget_type=\"elementskit-image-box.default\">\n\t\t\t\t<div class=\"elementor-widget-container\">\n\t\t\t\t\t<div class=\"ekit-wid-con\" >\n            <div class=\"elementskit-info-image-box ekit-image-box text-left style-sideline\" >\n\n                \n                <div class=\"elementskit-box-header image-box-img-left\">\n\n                    <img fetchpriority=\"high\" decoding=\"async\" width=\"1000\" height=\"800\" src=\"https:\/\/xiairworld.com\/wp-content\/uploads\/2024\/05\/Climbing-Frame.webp\" class=\"attachment-full size-full wp-image-8673\" alt=\"Khung leo tr\u00e8o\" srcset=\"https:\/\/xiairworld.com\/wp-content\/uploads\/2024\/05\/Climbing-Frame.webp 1000w, https:\/\/xiairworld.com\/wp-content\/uploads\/2024\/05\/Climbing-Frame-300x240.webp 300w, https:\/\/xiairworld.com\/wp-content\/uploads\/2024\/05\/Climbing-Frame-768x614.webp 768w, https:\/\/xiairworld.com\/wp-content\/uploads\/2024\/05\/Climbing-Frame-600x480.webp 600w\" sizes=\"(max-width: 1000px) 100vw, 1000px\" \/>\n                <\/div>\n                \n                <div class=\"elementskit-box-body ekit-image-box-body\">\n                    <div class=\"elementskit-box-content ekit-image-box-body-inner\">\n                                                <h2 class=\"elementskit-info-box-title\">\n\n                        Khung leo tr\u00e8o\n                        \n                    <\/h2>\n                                                            <div class=\"elementskit-box-style-content\">\n                        Ch\u1eafc ch\u1eafn v\u00e0 an to\u00e0n, ho\u00e0n h\u1ea3o \u0111\u1ec3 nu\u00f4i d\u01b0\u1ee1ng tinh th\u1ea7n phi\u00eau l\u01b0u trong m\u00f4i tr\u01b0\u1eddng an to\u00e0n.                    <\/div>\n                                    <\/div>\n\n                                <div class=\"elementskit-box-footer\">\n                    <div class=\"box-footer\">\n                        <div class=\"btn-wraper\">\n                                                            <a href=\"#elementor-action%3Aaction%3Dpopup%3Aopen%26settings%3DeyJpZCI6IjExMDAyIiwidG9nZ2xlIjpmYWxzZX0%3D\" class=\"elementskit-btn whitespace--normal\">\n                                    Xem Th\u00eam\n                                    <i aria-hidden=\"true\" class=\"icon icon-arrow-right\"><\/i>\n                                <\/a>\n                                                        <\/div>\n                    <\/div>\n                <\/div>\n                            <\/div>\n            <\/div>\n    <\/div>\t\t\t\t<\/div>\n\t\t\t\t<\/div>\n\t\t\t\t\t<\/div>\n\t\t<\/div>\n\t\t\t\t<div class=\"elementor-column elementor-col-33 elementor-inner-column elementor-element elementor-element-63b8330\" data-id=\"63b8330\" data-element_type=\"column\" data-e-type=\"column\" data-settings=\"{&quot;background_background&quot;:&quot;classic&quot;}\">\n\t\t\t<div class=\"elementor-widget-wrap elementor-element-populated\">\n\t\t\t\t\t\t<div class=\"elementor-element elementor-element-a2d043e ekit-equal-height-disable elementor-widget elementor-widget-elementskit-image-box\" data-id=\"a2d043e\" data-element_type=\"widget\" data-e-type=\"widget\" data-settings=\"{&quot;ekit_we_effect_on&quot;:&quot;none&quot;}\" data-widget_type=\"elementskit-image-box.default\">\n\t\t\t\t<div class=\"elementor-widget-container\">\n\t\t\t\t\t<div class=\"ekit-wid-con\" >\n            <div class=\"elementskit-info-image-box ekit-image-box text-left style-sideline\" >\n\n                \n                <div class=\"elementskit-box-header image-box-img-left\">\n\n                    <img decoding=\"async\" width=\"1000\" height=\"800\" src=\"https:\/\/xiairworld.com\/wp-content\/uploads\/2024\/05\/learning-tower.webp\" class=\"attachment-full size-full wp-image-8677\" alt=\"th\u00e1p h\u1ecdc t\u1eadp\" srcset=\"https:\/\/xiairworld.com\/wp-content\/uploads\/2024\/05\/learning-tower.webp 1000w, https:\/\/xiairworld.com\/wp-content\/uploads\/2024\/05\/learning-tower-300x240.webp 300w, https:\/\/xiairworld.com\/wp-content\/uploads\/2024\/05\/learning-tower-768x614.webp 768w, https:\/\/xiairworld.com\/wp-content\/uploads\/2024\/05\/learning-tower-600x480.webp 600w\" sizes=\"(max-width: 1000px) 100vw, 1000px\" \/>\n                <\/div>\n                \n                <div class=\"elementskit-box-body ekit-image-box-body\">\n                    <div class=\"elementskit-box-content ekit-image-box-body-inner\">\n                                                <h2 class=\"elementskit-info-box-title\">\n\n                        Th\u00e1p h\u1ecdc t\u1eadp\n                        \n                    <\/h2>\n                                                            <div class=\"elementskit-box-style-content\">\n                        Cho ph\u00e9p tr\u1ebb em ti\u1ebfp c\u1eadn nh\u1eefng \u0111\u1ed9 cao m\u1edbi m\u1ed9t c\u00e1ch an to\u00e0n, gi\u00fap c\u00e1c ho\u1ea1t \u0111\u1ed9ng trong b\u1ebfp tr\u1edf n\u00ean th\u00fa v\u1ecb v\u00e0 an to\u00e0n h\u01a1n.                    <\/div>\n                                    <\/div>\n\n                                <div class=\"elementskit-box-footer\">\n                    <div class=\"box-footer\">\n                        <div class=\"btn-wraper\">\n                                                            <a href=\"#elementor-action%3Aaction%3Dpopup%3Aopen%26settings%3DeyJpZCI6IjExMDAyIiwidG9nZ2xlIjpmYWxzZX0%3D\" class=\"elementskit-btn whitespace--normal\">\n                                    Xem Th\u00eam\n                                    <i aria-hidden=\"true\" class=\"icon icon-arrow-right\"><\/i>\n                                <\/a>\n                                                        <\/div>\n                    <\/div>\n                <\/div>\n                            <\/div>\n            <\/div>\n    <\/div>\t\t\t\t<\/div>\n\t\t\t\t<\/div>\n\t\t\t\t\t<\/div>\n\t\t<\/div>\n\t\t\t\t<div class=\"elementor-column elementor-col-33 elementor-inner-column elementor-element elementor-element-c507c20\" data-id=\"c507c20\" data-element_type=\"column\" data-e-type=\"column\" data-settings=\"{&quot;background_background&quot;:&quot;classic&quot;}\">\n\t\t\t<div class=\"elementor-widget-wrap elementor-element-populated\">\n\t\t\t\t\t\t<div class=\"elementor-element elementor-element-d3e3516 ekit-equal-height-disable elementor-widget elementor-widget-elementskit-image-box\" data-id=\"d3e3516\" data-element_type=\"widget\" data-e-type=\"widget\" data-settings=\"{&quot;ekit_we_effect_on&quot;:&quot;none&quot;}\" data-widget_type=\"elementskit-image-box.default\">\n\t\t\t\t<div class=\"elementor-widget-container\">\n\t\t\t\t\t<div class=\"ekit-wid-con\" >\n            <div class=\"elementskit-info-image-box ekit-image-box text-left style-sideline\" >\n\n                \n                <div class=\"elementskit-box-header image-box-img-left\">\n\n                    <img decoding=\"async\" width=\"1000\" height=\"800\" src=\"https:\/\/xiairworld.com\/wp-content\/uploads\/2024\/05\/balance-beam.webp\" class=\"attachment-full size-full wp-image-8676\" alt=\"x\u00e0 th\u0103ng b\u1eb1ng\" srcset=\"https:\/\/xiairworld.com\/wp-content\/uploads\/2024\/05\/balance-beam.webp 1000w, https:\/\/xiairworld.com\/wp-content\/uploads\/2024\/05\/balance-beam-300x240.webp 300w, https:\/\/xiairworld.com\/wp-content\/uploads\/2024\/05\/balance-beam-768x614.webp 768w, https:\/\/xiairworld.com\/wp-content\/uploads\/2024\/05\/balance-beam-600x480.webp 600w\" sizes=\"(max-width: 1000px) 100vw, 1000px\" \/>\n                <\/div>\n                \n                <div class=\"elementskit-box-body ekit-image-box-body\">\n                    <div class=\"elementskit-box-content ekit-image-box-body-inner\">\n                                                <h2 class=\"elementskit-info-box-title\">\n\n                        Thanh th\u0103ng b\u1eb1ng\n                        \n                    <\/h2>\n                                                            <div class=\"elementskit-box-style-content\">\n                        \u0110\u01b0\u1ee3c ch\u1ebf t\u1ea1o t\u1ec9 m\u1ec9 \u0111\u1ec3 \u0111\u1ea3m b\u1ea3o s\u1ef1 \u1ed5n \u0111\u1ecbnh, gi\u00fap tr\u1ebb em th\u00e0nh th\u1ea1o kh\u1ea3 n\u0103ng gi\u1eef th\u0103ng b\u1eb1ng.                    <\/div>\n                                    <\/div>\n\n                                <div class=\"elementskit-box-footer\">\n                    <div class=\"box-footer\">\n                        <div class=\"btn-wraper\">\n                                                            <a href=\"#elementor-action%3Aaction%3Dpopup%3Aopen%26settings%3DeyJpZCI6IjExMDAyIiwidG9nZ2xlIjpmYWxzZX0%3D\" class=\"elementskit-btn whitespace--normal\">\n                                    Xem Th\u00eam\n                                    <i aria-hidden=\"true\" class=\"icon icon-arrow-right\"><\/i>\n                                <\/a>\n                                                        <\/div>\n                    <\/div>\n                <\/div>\n                            <\/div>\n            <\/div>\n    <\/div>\t\t\t\t<\/div>\n\t\t\t\t<\/div>\n\t\t\t\t\t<\/div>\n\t\t<\/div>\n\t\t\t\t\t<\/div>\n\t\t<\/section>\n\t\t\t\t<section class=\"elementor-section elementor-inner-section elementor-element elementor-element-43b6caa elementor-section-boxed elementor-section-height-default elementor-section-height-default\" data-id=\"43b6caa\" data-element_type=\"section\" data-e-type=\"section\" data-settings=\"{&quot;ekit_has_onepagescroll_dot&quot;:&quot;yes&quot;}\">\n\t\t\t\t\t\t<div class=\"elementor-container elementor-column-gap-default\">\n\t\t\t\t\t<div class=\"elementor-column elementor-col-50 elementor-inner-column elementor-element elementor-element-30d5854\" data-id=\"30d5854\" data-element_type=\"column\" data-e-type=\"column\" data-settings=\"{&quot;background_background&quot;:&quot;classic&quot;}\">\n\t\t\t<div class=\"elementor-widget-wrap elementor-element-populated\">\n\t\t\t\t\t\t<div class=\"elementor-element elementor-element-d399d74 ekit-equal-height-disable elementor-widget elementor-widget-elementskit-image-box\" data-id=\"d399d74\" data-element_type=\"widget\" data-e-type=\"widget\" data-settings=\"{&quot;ekit_we_effect_on&quot;:&quot;none&quot;}\" data-widget_type=\"elementskit-image-box.default\">\n\t\t\t\t<div class=\"elementor-widget-container\">\n\t\t\t\t\t<div class=\"ekit-wid-con\" >\n            <div class=\"elementskit-info-image-box ekit-image-box text-left style-sideline\" >\n\n                \n                <div class=\"elementskit-box-header image-box-img-left\">\n\n                    <img loading=\"lazy\" decoding=\"async\" width=\"1000\" height=\"800\" src=\"https:\/\/xiairworld.com\/wp-content\/uploads\/2024\/05\/stepping-stones.webp\" class=\"attachment-full size-full wp-image-8675\" alt=\"nh\u1eefng b\u01b0\u1edbc \u0111\u1ec7m\" srcset=\"https:\/\/xiairworld.com\/wp-content\/uploads\/2024\/05\/stepping-stones.webp 1000w, https:\/\/xiairworld.com\/wp-content\/uploads\/2024\/05\/stepping-stones-300x240.webp 300w, https:\/\/xiairworld.com\/wp-content\/uploads\/2024\/05\/stepping-stones-768x614.webp 768w, https:\/\/xiairworld.com\/wp-content\/uploads\/2024\/05\/stepping-stones-600x480.webp 600w\" sizes=\"(max-width: 1000px) 100vw, 1000px\" \/>\n                <\/div>\n                \n                <div class=\"elementskit-box-body ekit-image-box-body\">\n                    <div class=\"elementskit-box-content ekit-image-box-body-inner\">\n                                                <h2 class=\"elementskit-info-box-title\">\n\n                        B\u01b0\u1edbc \u0111\u1ec7m\n                        \n                    <\/h2>\n                                                            <div class=\"elementskit-box-style-content\">\n                        \u0110\u01b0\u1ee3c thi\u1ebft k\u1ebf ch\u00ednh x\u00e1c, \u0110\u00e1 b\u01b0\u1edbc c\u1ee7a ch\u00fang t\u00f4i c\u00f3 b\u1ec1 m\u1eb7t ch\u1ed1ng tr\u01b0\u1ee3t gi\u00fap t\u0103ng c\u01b0\u1eddng s\u1ef1 an to\u00e0n v\u00e0 t\u00ednh t\u01b0\u01a1ng t\u00e1c khi ch\u01a1i.                    <\/div>\n                                    <\/div>\n\n                                <div class=\"elementskit-box-footer\">\n                    <div class=\"box-footer\">\n                        <div class=\"btn-wraper\">\n                                                            <a href=\"#elementor-action%3Aaction%3Dpopup%3Aopen%26settings%3DeyJpZCI6IjExMDAyIiwidG9nZ2xlIjpmYWxzZX0%3D\" class=\"elementskit-btn whitespace--normal\">\n                                    Xem Th\u00eam\n                                    <i aria-hidden=\"true\" class=\"icon icon-arrow-right\"><\/i>\n                                <\/a>\n                                                        <\/div>\n                    <\/div>\n                <\/div>\n                            <\/div>\n            <\/div>\n    <\/div>\t\t\t\t<\/div>\n\t\t\t\t<\/div>\n\t\t\t\t\t<\/div>\n\t\t<\/div>\n\t\t\t\t<div class=\"elementor-column elementor-col-50 elementor-inner-column elementor-element elementor-element-c9134a5\" data-id=\"c9134a5\" data-element_type=\"column\" data-e-type=\"column\" data-settings=\"{&quot;background_background&quot;:&quot;classic&quot;}\">\n\t\t\t<div class=\"elementor-widget-wrap elementor-element-populated\">\n\t\t\t\t\t\t<div class=\"elementor-element elementor-element-aebd696 ekit-equal-height-disable elementor-widget elementor-widget-elementskit-image-box\" data-id=\"aebd696\" data-element_type=\"widget\" data-e-type=\"widget\" data-settings=\"{&quot;ekit_we_effect_on&quot;:&quot;none&quot;}\" data-widget_type=\"elementskit-image-box.default\">\n\t\t\t\t<div class=\"elementor-widget-container\">\n\t\t\t\t\t<div class=\"ekit-wid-con\" >\n            <div class=\"elementskit-info-image-box ekit-image-box text-left style-sideline\" >\n\n                \n                <div class=\"elementskit-box-header image-box-img-left\">\n\n                    <img loading=\"lazy\" decoding=\"async\" width=\"1000\" height=\"800\" src=\"https:\/\/xiairworld.com\/wp-content\/uploads\/2024\/05\/wooden-slide.webp\" class=\"attachment-full size-full wp-image-8674\" alt=\"c\u1ea7u tr\u01b0\u1ee3t b\u1eb1ng g\u1ed7\" srcset=\"https:\/\/xiairworld.com\/wp-content\/uploads\/2024\/05\/wooden-slide.webp 1000w, https:\/\/xiairworld.com\/wp-content\/uploads\/2024\/05\/wooden-slide-300x240.webp 300w, https:\/\/xiairworld.com\/wp-content\/uploads\/2024\/05\/wooden-slide-768x614.webp 768w, https:\/\/xiairworld.com\/wp-content\/uploads\/2024\/05\/wooden-slide-600x480.webp 600w\" sizes=\"(max-width: 1000px) 100vw, 1000px\" \/>\n                <\/div>\n                \n                <div class=\"elementskit-box-body ekit-image-box-body\">\n                    <div class=\"elementskit-box-content ekit-image-box-body-inner\">\n                                                <h2 class=\"elementskit-info-box-title\">\n\n                        C\u1ea7u tr\u01b0\u1ee3t g\u1ed7\n                        \n                    <\/h2>\n                                                            <div class=\"elementskit-box-style-content\">\n                        \u0110\u01b0\u1ee3c l\u00e0m t\u1eeb g\u1ed7 ch\u1ea5t l\u01b0\u1ee3ng cao, Slide c\u1ee7a ch\u00fang t\u00f4i mang \u0111\u1ebfn tr\u1ea3i nghi\u1ec7m tr\u01b0\u1ee3t \u00eam \u00e1i v\u00e0 th\u00fa v\u1ecb.                    <\/div>\n                                    <\/div>\n\n                                <div class=\"elementskit-box-footer\">\n                    <div class=\"box-footer\">\n                        <div class=\"btn-wraper\">\n                                                            <a href=\"#elementor-action%3Aaction%3Dpopup%3Aopen%26settings%3DeyJpZCI6IjExMDAyIiwidG9nZ2xlIjpmYWxzZX0%3D\" class=\"elementskit-btn whitespace--normal\">\n                                    Xem Th\u00eam\n                                    <i aria-hidden=\"true\" class=\"icon icon-arrow-right\"><\/i>\n                                <\/a>\n                                                        <\/div>\n                    <\/div>\n                <\/div>\n                            <\/div>\n            <\/div>\n    <\/div>\t\t\t\t<\/div>\n\t\t\t\t<\/div>\n\t\t\t\t\t<\/div>\n\t\t<\/div>\n\t\t\t\t\t<\/div>\n\t\t<\/section>\n\t\t\t\t\t<\/div>\n\t\t<\/div>\n\t\t\t\t\t<\/div>\n\t\t<\/section>\n\t\t\t\t\t<\/div>\n\t\t<\/div>\n\t\t\t\t\t<\/div>\n\t\t<\/section>\n\t\t\t\t<\/div>","protected":false},"excerpt":{"rendered":"<p>Play Gym Explore our Play Gym collection at Xiair World, which is designed to foster active play and development in young children. Crafted with eco-friendly materials for safety and durability, our play gyms stimulate motor skills, coordination, and balance. Perfect for any setting, they ensure joyful learning and endless fun. Discover the ideal play gym [&hellip;]<\/p>\n","protected":false},"author":1,"featured_media":0,"parent":0,"menu_order":0,"comment_status":"closed","ping_status":"closed","template":"","meta":{"footnotes":""},"class_list":["post-8589","page","type-page","status-publish","hentry"],"_links":{"self":[{"href":"https:\/\/xiairworld.com\/vi\/wp-json\/wp\/v2\/pages\/8589","targetHints":{"allow":["GET"]}}],"collection":[{"href":"https:\/\/xiairworld.com\/vi\/wp-json\/wp\/v2\/pages"}],"about":[{"href":"https:\/\/xiairworld.com\/vi\/wp-json\/wp\/v2\/types\/page"}],"author":[{"embeddable":true,"href":"https:\/\/xiairworld.com\/vi\/wp-json\/wp\/v2\/users\/1"}],"replies":[{"embeddable":true,"href":"https:\/\/xiairworld.com\/vi\/wp-json\/wp\/v2\/comments?post=8589"}],"version-history":[{"count":0,"href":"https:\/\/xiairworld.com\/vi\/wp-json\/wp\/v2\/pages\/8589\/revisions"}],"wp:attachment":[{"href":"https:\/\/xiairworld.com\/vi\/wp-json\/wp\/v2\/media?parent=8589"}],"curies":[{"name":"wp","href":"https:\/\/api.w.org\/{rel}","templated":true}]}}